{"id":1194,"date":"2013-03-20T15:13:10","date_gmt":"2013-03-20T15:13:10","guid":{"rendered":"http:\/\/wp.red-sky.pl\/wordpress\/revoke\/?page_id=26"},"modified":"2023-06-30T21:18:29","modified_gmt":"2023-06-30T21:18:29","slug":"page-with-sidebar","status":"publish","type":"page","link":"https:\/\/donlucero.com\/index.php\/page-with-sidebar","title":{"rendered":"Quienes somos"},"content":{"rendered":"\n<div class=\"wp-block-columns are-vertically-aligned-top is-layout-flex wp-container-2\">\n<div class=\"wp-block-column is-vertically-aligned-top is-layout-flow\" style=\"flex-basis:100%\">\n<div style=\"float: left; width: 275px;\">\n<p>&nbsp;<\/p>\n<\/div>\n<\/div>\n<\/div>\n\n\n\n<div class=\"wp-block-columns is-layout-flex wp-container-5\">\n<div class=\"wp-block-column is-layout-flow\">\n<figure class=\"wp-block-image size-large\"><a href=\"http:\/\/donlucero.com\/wp-content\/uploads\/2023\/06\/355467818_1302521647310364_3735245792972534335_n.jpg\"><img decoding=\"async\" loading=\"lazy\" width=\"1024\" height=\"1024\" src=\"http:\/\/donlucero.com\/wp-content\/uploads\/2023\/06\/355467818_1302521647310364_3735245792972534335_n-1024x1024.jpg\" alt=\"\" class=\"wp-image-2078\" srcset=\"https:\/\/donlucero.com\/wp-content\/uploads\/2023\/06\/355467818_1302521647310364_3735245792972534335_n-1024x1024.jpg 1024w, https:\/\/donlucero.com\/wp-content\/uploads\/2023\/06\/355467818_1302521647310364_3735245792972534335_n-300x300.jpg 300w, https:\/\/donlucero.com\/wp-content\/uploads\/2023\/06\/355467818_1302521647310364_3735245792972534335_n-150x150.jpg 150w, https:\/\/donlucero.com\/wp-content\/uploads\/2023\/06\/355467818_1302521647310364_3735245792972534335_n-768x768.jpg 768w, https:\/\/donlucero.com\/wp-content\/uploads\/2023\/06\/355467818_1302521647310364_3735245792972534335_n.jpg 1440w\" sizes=\"(max-width: 1024px) 100vw, 1024px\" \/><\/a><\/figure>\n<\/div>\n\n\n\n<div class=\"wp-block-column is-layout-flow\">\n<blockquote class=\"wp-block-quote\">\n<p><\/p>\n\n\n\n<p style=\"font-size:39px\">\u00abSomos pasi\u00f3n por la luz\u00bb<\/p>\n<cite>Don Lucero<\/cite><\/blockquote>\n\n\n\n<p>Somos un grupo de profesionales asociados y de amplia experiencia en dise\u00f1o de iluminaci\u00f3n y visual de la arquitectura esc\u00e9nica.<\/p>\n\n\n\n<p>Nuestro objetivo es proporcionar una cobertura especializada, buscar la excelencia en todos los aspectos tecnol\u00f3gicos y art\u00edsticos, y obtener como resultado experiencias \u00fanicas, din\u00e1micas e inolvidables para un p\u00fablico cada d\u00eda mas exigente.<br><br>El estudio de DL asesora, dise\u00f1a y trabaja en proyectos de una amplia gama de segmentos del mercado. Esta diversidad es la que genera nuevas ideas y t\u00e9cnicas, para lograr un equilibrio exitoso entre el arte, el dise\u00f1o, el veloz mundo tecnol\u00f3gico y el mundo real donde suceden nuestros proyectos.<br><\/p>\n\n\n\n<p><strong><u>Ezequiel Nobili<\/u><\/strong>&nbsp; &nbsp;Director general de Don Lucero es el encargado de centralizar toda la informaci\u00f3n de cada proyecto y remitirla a cada \u00e1rea vinculante para su desarrollo. <a style=\"display:none;\" id=\"te815145914\" href=\"javascript:expand('#te815145914')\">Leer m\u00e1s &gt;&gt;<\/a>\n<div class=\"te_div\" id=\"te815145914\"><script language=\"JavaScript\" type=\"text\/javascript\">expander_hide('#te815145914');<\/script><\/p>\n\n\n\n<h2 class=\"wp-block-heading\"><\/h2>\n\n\n\n<h3 class=\"wp-block-heading\"><strong>Dise\u00f1ador de Iluminaci\u00f3n Esc\u00e9nica. Dise\u00f1ador de Imagen y Sonido en la Escuela Panamericana de Arte.<\/strong><\/h3>\n\n\n\n<p>Tambi\u00e9n realiza estudios de Historia del Arte y Ciencias de la Comunicaci\u00f3n en la U.B.A. Paralelamente sigue cursos de formaci\u00f3n espec\u00edfica en Iluminaci\u00f3n en USA (Workshop High End Systems), Italia (Workshop Clay Paky), Alemania (Curso Grand MA Lightpower), Londres (curso de controles Electronic Theatre Controls) y Buenos Aires (Workshop Martin Pro Lights) (Curso de iluminaci\u00f3n del Teatro Col\u00f3n), entre otros.<\/p>\n\n\n\n<p>\u00cdtalo-Argentino nacido en 1969, comienza su carrera profesional en Buenos Aires en el mundo de la iluminaci\u00f3n espectacular en 1988, trabajando en producciones nacionales e internacionales como La Torre, Eric Clapton, B 52\u00b4, Kiss, Prince, Rolling Stones, Soda Stereo, David Bowie, Iggy Pop, Bob Dylan, Sting, Fito Paez, Nacha Guevara, J.C. Baglietto, Vox Dei, Bon Jovi, Erasure, Serrat, INXS, A-ha, The Ramones, Riff, Al di Meola, The Cult, Skid Row, Motorhead, Elton John, Joe Cocker, Guns n&#8217; Roses, Bryan May, Red Hot Chilli Peppers, Duran Duran, Toto, Ziggy Marley, Ratones Paranoicos, Peter Gabriel, Ricky Martin, Shakira y muchos m\u00e1s.<\/p>\n\n\n\n<p>Realiza su primer dise\u00f1o en el Teatro Opera de Buenos Aires a finales de 1989 para Rata Blanca. Se encarga tambi\u00e9n de los dise\u00f1os de Attaque 77, Los Violadores, Memphis la Blusera, Ray Charles, B.B. King, Biohazard, A.N.I.M.A.L., Juan Carlos Copes, Divididos, Pimpinela, La Portuaria, 2112, JAF, Chick Corea, Emanuel Ortega y otros.<\/p>\n\n\n\n<p>En Espa\u00f1a trabaj\u00f3 en el dise\u00f1o de los espect\u00e1culos de danza flamenca para Rafael Amargo \u00abTiempo Muerto\u00bb y Jos\u00e9 Porcel \u00abLibre Albedr\u00edo\u00bb y \u00abMoralejas\u00bb y, Joaqu\u00edn Cortez. Ha realizado la adaptaci\u00f3n para gira del musical We Will Rock You, y en el musical Bollywood \u00bb El viaje\u00bb, dise\u00f1ador asociado y programador de la gira 2008-09 High School Musical, y el musical Es por Ti con m\u00fasica de C\u00f3mplices, donde recibe el premio a mejor dise\u00f1o de Iluminaci\u00f3n de Teatro Musical. Ha sido el dise\u00f1ador y operador de la gira de Los Vivancos \u00ab7 hermanos\u00bb, y de cantantes como Rosana, Pitingo, Rosario Flores y Antonio Carmona. En sus \u00faltimos trabajos cabe destacar el dise\u00f1o del programa de televisi\u00f3n \u00abEl Hormiguero 3.0\u00bb para la productora 7 y acci\u00f3n, que se emite por Antena 3.<\/p>\n\n\n\n<p><\/div><\/p>\n<\/div>\n<\/div>\n\n\n","protected":false},"excerpt":{"rendered":"<p>&nbsp; \u00abSomos pasi\u00f3n por la luz\u00bb Somos un grupo de profesionales asociados y de amplia experiencia en dise\u00f1o de iluminaci\u00f3n y visual de la arquitectura esc\u00e9nica. Nuestro objetivo es proporcionar una cobertura especializada, buscar la excelencia en todos los aspectos tecnol\u00f3gicos y art\u00edsticos, y obtener como resultado experiencias \u00fanicas, din\u00e1micas e inolvidables para un p\u00fablico<\/p>\n","protected":false},"author":1,"featured_media":0,"parent":0,"menu_order":0,"comment_status":"closed","ping_status":"closed","template":"","meta":[],"_links":{"self":[{"href":"https:\/\/donlucero.com\/index.php\/wp-json\/wp\/v2\/pages\/1194"}],"collection":[{"href":"https:\/\/donlucero.com\/index.php\/wp-json\/wp\/v2\/pages"}],"about":[{"href":"https:\/\/donlucero.com\/index.php\/wp-json\/wp\/v2\/types\/page"}],"author":[{"embeddable":true,"href":"https:\/\/donlucero.com\/index.php\/wp-json\/wp\/v2\/users\/1"}],"replies":[{"embeddable":true,"href":"https:\/\/donlucero.com\/index.php\/wp-json\/wp\/v2\/comments?post=1194"}],"version-history":[{"count":35,"href":"https:\/\/donlucero.com\/index.php\/wp-json\/wp\/v2\/pages\/1194\/revisions"}],"predecessor-version":[{"id":2084,"href":"https:\/\/donlucero.com\/index.php\/wp-json\/wp\/v2\/pages\/1194\/revisions\/2084"}],"wp:attachment":[{"href":"https:\/\/donlucero.com\/index.php\/wp-json\/wp\/v2\/media?parent=1194"}],"curies":[{"name":"wp","href":"https:\/\/api.w.org\/{rel}","templated":true}]}}