{"id":1408,"date":"2015-05-04T16:50:24","date_gmt":"2015-05-04T16:50:24","guid":{"rendered":"http:\/\/donlucero.com\/?page_id=1408"},"modified":"2023-07-15T16:40:34","modified_gmt":"2023-07-15T16:40:34","slug":"marta-sanchez","status":"publish","type":"page","link":"https:\/\/donlucero.com\/index.php\/marta-sanchez","title":{"rendered":"Marta Sanchez"},"content":{"rendered":"<div class=\"projectInfoTitle font1\">Gira Espa\u00f1a 2014 \u2013 2015<\/div>\n<!-- Final Tiles Grid Gallery for WordPress v3.5.8 free --><style>#ftg-33 .tile .icon { color:#ffffff; }#ftg-33 .ftg-items .loading-bar i { background:#666; }#ftg-33 .ftg-items .loading-bar { background:#fff; }#ftg-33 .tile .icon { font-size:12px; }#ftg-33 .tile .icon { margin: -6px 0 0 -6px; }#ftg-33 .tile .caption-block .text-wrapper span.text { font-size:12px; }#ftg-33 .tile .caption-outside .text-wrapper span.text { font-size:12px; }#ftg-33 .tile .caption-block .text-wrapper span.title { font-size:14px; }#ftg-33 .tile .caption-outside .text-wrapper span.title { font-size:14px; }#ftg-33 .tile { background-color: transparent; }#ftg-33 .tile .caption-block .text-wrapper span.text { color: #ffffff; }#ftg-33 .tile .caption-block .text-wrapper span.title { color: #ffffff; }#ftg-33 .tile .caption-outside .text-wrapper span.text { color: #ffffff; }#ftg-33 .tile .caption-outside .text-wrapper span.title { color: #ffffff; }#ftg-33 .tile .ftg-social a { color: #ffffff; }#ftg-33 .tile .caption-block { transition-duration:0.25s; }#ftg-33 .tile .tile-inner:before { background-color: #000000; }#ftg-33 .tile .tile-inner:before { background-color: rgba(0, 0, 0, 0.8); }#ftg-33 .tile:hover img {-moz-transform: ;-webkit-transform: ;-o-transform: ;-ms-transform: ;transform: ;}#ftg-33 .tile .icon {-moz-transition: all .5s;-webkit-transition: all .5s;-o-transition: all .5s;-ms-transition: all .5s;transition: all .5s;}#ftg-33 .tile:hover .icon {-moz-transform: rotate(360deg);-webkit-transform: rotate(360deg);-o-transform: rotate(360deg);-ms-transform: rotate(360deg);transform: rotate(360deg);}<\/style><a name='3'><\/a><div class='final-tiles-gallery  ftg-hover-enabled caption-inside  caption-none caption-middle caption-center' id='ftg-33' style='width:100%'><div class='ftg-items'><div class='loading-bar'><i><\/i><\/div><div  class='tile ftg-preload  '><a title=\"\" data-lightbox='ftg-33' rel='ftg-33'  class=' tile-inner  ftg-lightbox' href='https:\/\/donlucero.com\/wp-content\/uploads\/2015\/04\/Marta-Sanchez-2-julio-20151-1024x733.jpg' ><img alt='' class='item skip-lazy' data-class='item' data-ftg-source='http:\/\/donlucero.com\/wp-content\/uploads\/2015\/04\/Marta-Sanchez-2-julio-20151-300x214.jpg' src='http:\/\/donlucero.com\/wp-content\/uploads\/2015\/04\/Marta-Sanchez-2-julio-20151-300x214.jpg' width='2048' height='1467' \/><\/a><div class='ftg-social'><\/div><\/div><div  class='tile ftg-preload  '><a title=\"\" data-lightbox='ftg-33' rel='ftg-33'  class=' tile-inner  ftg-lightbox' href='https:\/\/donlucero.com\/wp-content\/uploads\/2015\/04\/Marta-Sanchez-3-julio-20151-1024x756.jpg' ><img alt='' class='item skip-lazy' data-class='item' data-ftg-source='http:\/\/donlucero.com\/wp-content\/uploads\/2015\/04\/Marta-Sanchez-3-julio-20151-300x221.jpg' src='http:\/\/donlucero.com\/wp-content\/uploads\/2015\/04\/Marta-Sanchez-3-julio-20151-300x221.jpg' width='2048' height='1512' \/><\/a><div class='ftg-social'><\/div><\/div><div  class='tile ftg-preload  '><a title=\"\" data-lightbox='ftg-33' rel='ftg-33'  class=' tile-inner  ftg-lightbox' href='https:\/\/donlucero.com\/wp-content\/uploads\/2015\/04\/Marta-Sanchez-4-julio-20151-1024x526.jpg' ><img alt='' class='item skip-lazy' data-class='item' data-ftg-source='http:\/\/donlucero.com\/wp-content\/uploads\/2015\/04\/Marta-Sanchez-4-julio-20151-300x154.jpg' src='http:\/\/donlucero.com\/wp-content\/uploads\/2015\/04\/Marta-Sanchez-4-julio-20151-300x154.jpg' width='2048' height='1053' \/><\/a><div class='ftg-social'><\/div><\/div><div  class='tile ftg-preload  '><a title=\"\" data-lightbox='ftg-33' rel='ftg-33'  class=' tile-inner  ftg-lightbox' href='https:\/\/donlucero.com\/wp-content\/uploads\/2015\/04\/Marta-Sanchez-5-julio-20151-1024x875.jpg' ><img alt='' class='item skip-lazy' data-class='item' data-ftg-source='http:\/\/donlucero.com\/wp-content\/uploads\/2015\/04\/Marta-Sanchez-5-julio-20151-300x256.jpg' src='http:\/\/donlucero.com\/wp-content\/uploads\/2015\/04\/Marta-Sanchez-5-julio-20151-300x256.jpg' width='2048' height='1750' \/><\/a><div class='ftg-social'><\/div><\/div><div  class='tile ftg-preload  '><a title=\"\" data-lightbox='ftg-33' rel='ftg-33'  class=' tile-inner  ftg-lightbox' href='https:\/\/donlucero.com\/wp-content\/uploads\/2015\/04\/Marta-Sanchez-galicia1.jpg' ><img alt='' class='item skip-lazy' data-class='item' data-ftg-source='http:\/\/donlucero.com\/wp-content\/uploads\/2015\/04\/Marta-Sanchez-galicia1-300x168.jpg' src='http:\/\/donlucero.com\/wp-content\/uploads\/2015\/04\/Marta-Sanchez-galicia1-300x168.jpg' width='961' height='541' \/><\/a><div class='ftg-social'><\/div><\/div><div  class='tile ftg-preload  '><a title=\"\" data-lightbox='ftg-33' rel='ftg-33'  class=' tile-inner  ftg-lightbox' href='https:\/\/donlucero.com\/wp-content\/uploads\/2015\/04\/Marta-Sanchez-Julio-20141-1024x796.jpg' ><img alt='' class='item skip-lazy' data-class='item' data-ftg-source='http:\/\/donlucero.com\/wp-content\/uploads\/2015\/04\/Marta-Sanchez-Julio-20141-300x233.jpg' src='http:\/\/donlucero.com\/wp-content\/uploads\/2015\/04\/Marta-Sanchez-Julio-20141-300x233.jpg' width='2048' height='1593' \/><\/a><div class='ftg-social'><\/div><\/div><div  class='tile ftg-preload  '><a title=\"\" data-lightbox='ftg-33' rel='ftg-33'  class=' tile-inner  ftg-lightbox' href='https:\/\/donlucero.com\/wp-content\/uploads\/2015\/04\/Marta-Sanchez-massagramell1-1024x836.jpg' ><img alt='' class='item skip-lazy' data-class='item' data-ftg-source='http:\/\/donlucero.com\/wp-content\/uploads\/2015\/04\/Marta-Sanchez-massagramell1-300x245.jpg' src='http:\/\/donlucero.com\/wp-content\/uploads\/2015\/04\/Marta-Sanchez-massagramell1-300x245.jpg' width='3593' height='2935' \/><\/a><div class='ftg-social'><\/div><\/div><div  class='tile ftg-preload  '><a title=\"\" data-lightbox='ftg-33' rel='ftg-33'  class=' tile-inner  ftg-lightbox' href='https:\/\/donlucero.com\/wp-content\/uploads\/2015\/04\/Marta-Sanchez-a-coruna-2.jpg' ><img alt='' class='item skip-lazy' data-class='item' data-ftg-source='http:\/\/donlucero.com\/wp-content\/uploads\/2015\/04\/Marta-Sanchez-a-coruna-2-200x300.jpg' src='http:\/\/donlucero.com\/wp-content\/uploads\/2015\/04\/Marta-Sanchez-a-coruna-2-200x300.jpg' width='683' height='1024' \/><\/a><div class='ftg-social'><\/div><\/div><div  class='tile ftg-preload  '><a title=\"\" data-lightbox='ftg-33' rel='ftg-33'  class=' tile-inner  ftg-lightbox' href='https:\/\/donlucero.com\/wp-content\/uploads\/2015\/04\/Marta-Sanchez-a-coruna-3.jpg' ><img alt='' class='item skip-lazy' data-class='item' data-ftg-source='http:\/\/donlucero.com\/wp-content\/uploads\/2015\/04\/Marta-Sanchez-a-coruna-3-300x200.jpg' src='http:\/\/donlucero.com\/wp-content\/uploads\/2015\/04\/Marta-Sanchez-a-coruna-3-300x200.jpg' width='1024' height='683' \/><\/a><div class='ftg-social'><\/div><\/div><div  class='tile ftg-preload  '><a title=\"\" data-lightbox='ftg-33' rel='ftg-33'  class=' tile-inner  ftg-lightbox' href='https:\/\/donlucero.com\/wp-content\/uploads\/2015\/04\/Marta-Sanchez-A-coruna.jpg' ><img alt='' class='item skip-lazy' data-class='item' data-ftg-source='http:\/\/donlucero.com\/wp-content\/uploads\/2015\/04\/Marta-Sanchez-A-coruna-200x300.jpg' src='http:\/\/donlucero.com\/wp-content\/uploads\/2015\/04\/Marta-Sanchez-A-coruna-200x300.jpg' width='683' height='1024' \/><\/a><div class='ftg-social'><\/div><\/div><div  class='tile ftg-preload  '><a title=\"\" data-lightbox='ftg-33' rel='ftg-33'  class=' tile-inner  ftg-lightbox' href='https:\/\/donlucero.com\/wp-content\/uploads\/2015\/04\/Marta-Sanchez-acoruaa-4.jpg' ><img alt='' class='item skip-lazy' data-class='item' data-ftg-source='http:\/\/donlucero.com\/wp-content\/uploads\/2015\/04\/Marta-Sanchez-acoruaa-4-200x300.jpg' src='http:\/\/donlucero.com\/wp-content\/uploads\/2015\/04\/Marta-Sanchez-acoruaa-4-200x300.jpg' width='683' height='1024' \/><\/a><div class='ftg-social'><\/div><\/div><\/div><\/div><script type='text\/javascript'>jQuery('#ftg-33 img.item').removeAttr('src');jQuery(document).ready(function () {setTimeout(function () {jQuery('#ftg-33').finalTilesGallery({minTileWidth: 138,margin: 2,loadMethod: 'sequential',nonce: 'da0ec19fc3',galleryId: '3',setupFilters: true,layout: 'columns',debug: false,gridSize: 53,disableGridSizeBelow:800,allowEnlargement: true,columns: [[4000, 4],[1024, 4],[800, 3],[480, 3],[320, 2]],selectedFilter: 'n-a'});jQuery(function () {(function () {var rel = '';jQuery('#ftg-33 .ftg-lightbox').click(function (e) {rel = jQuery(this).attr('rel');jQuery('#ftg-33 .ftg-current').removeClass('ftg-current');jQuery('#ftg-33 [rel=\"'+rel+'\"]').addClass('ftg-current');});})();});}, 0);});<\/script>\n<div class=\"projectInfoTitle font1\">Sinopsis<\/div>\n<p>Marta S\u00e1nchez es una cantante con una de las mejores voces, compositora y estrella reconocida de la m\u00fasica pop espa\u00f1ola. Es conocida como la \u2018Reina del pop espa\u00f1ol\u2019. Presencia. Car\u00e1cter. Fuerza. Son solo algunos de los argumentos con los se ha hecho un nombre Marta S\u00e1nchez en la escena musical. Sin embargo, por encima de todos destaca su enorme talento. Desde sus inicios se ha convertido en un mito del pop en Espa\u00f1a. Su amor por la m\u00fasica le viene de familia.<\/p>\n<div class=\"projectInfoTitle font1\">Experiencia<\/div>\n<p>Marta adem\u00e1s de una talentosa y experimentada artista se implica en todas la \u00e1reas de la puesta en escena, teniendo particular importancia su imagen, la iluminaci\u00f3n y las proyecciones en sincron\u00eda y armon\u00eda con la m\u00fasica. El dise\u00f1o para la gira de esta nueva etapa en la artista con un sonido potente y moderno incluso en las nuevas versiones de sus grandes \u00e9xitos, fue trabajar en crear ambientes que acompa\u00f1aran los ambientes sonoros, destacando a la artista y dosificando los efectos para que sean mas potentes.<\/p>\n<div class=\"projectInfoTitle font1\">Ficha T\u00e9cnica<\/div>\n<ul>\n<li>Bajo: \u00c1lvaro LLabres,&nbsp;Javier Santana<\/li>\n<li>Guitarra: Tony Mart\u00ednez<\/li>\n<li>Bater\u00eda: Jorge Santana<\/li>\n<li>Teclados: David Garc\u00eda<\/li>\n<li>Coro: Nora Jim\u00e9nez, Isabel Remartinez<\/li>\n<li>Producci\u00f3n: Jos\u00e9 Luis Mauri, Ana Mu\u00f1oz<\/li>\n<li>Road: Miguel \u00c1ngel \u201cChino\u201d<\/li>\n<li>Stage: Alex Otero Vestuario: Mercedes Torre\u00f1o<\/li>\n<li>Dise\u00f1o Sonido: Alex Gonz\u00e1lez<\/li>\n<li>Monitores: Sergio Cianca<\/li>\n<li>Visuales: Carlos Chova<\/li>\n<li>Asist. Visuales: Juanjo Chova Dise\u00f1o<\/li>\n<li>Iluminaci\u00f3n: Ezequiel N\u00f3bili<\/li>\n<li>Direcci\u00f3n Producci\u00f3n: Mariola Orellana<\/li>\n<li>Producci\u00f3n Musical: Pablo Ochando<\/li>\n<li>Fotos: Cris Andina Fotograf\u00eda \u2013 EZN<\/li>\n<\/ul>\n<div class=\"projectInfoTitle font1\">Links<\/div>\n<ul>\n<li><a href=\"http:\/\/martasanchezoficial.com\/\" target=\"_blank\" rel=\"noopener\">Web artista oficial<\/a><\/li>\n<li><a href=\"https:\/\/www.youtube.com\/channel\/UCtwJ26SVaZCUrgHFargxXzg\" target=\"_blank\" rel=\"noopener\">Youtube oficial<\/a><\/li>\n<li><a href=\"http:\/\/www.entre-arte.es\/martasanchez\/index.html\" target=\"_blank\" rel=\"noopener\">Web productora<\/a><\/li>\n<li><a href=\"https:\/\/www.facebook.com\/donlucero123\/media_set?set=a.10203910481056338.100002098126955&amp;type=3\" target=\"_blank\" rel=\"noopener\">Fotos Facebook DL<\/a><\/li>\n<li><a href=\"http:\/\/es.wikipedia.org\/wiki\/Marta_S\u00e1nchez\" target=\"_blank\" rel=\"noopener\">Wikipedia<\/a><\/li>\n<\/ul>\n","protected":false},"excerpt":{"rendered":"<p>Gira Espa\u00f1a 2014 \u2013 2015 Sinopsis Marta S\u00e1nchez es una cantante con una de las mejores voces, compositora y estrella reconocida de la m\u00fasica pop espa\u00f1ola. Es conocida como la \u2018Reina del pop espa\u00f1ol\u2019. Presencia. Car\u00e1cter. Fuerza. Son solo algunos de los argumentos con los se ha hecho un nombre Marta S\u00e1nchez en la escena<\/p>\n","protected":false},"author":1,"featured_media":0,"parent":0,"menu_order":0,"comment_status":"open","ping_status":"open","template":"","meta":[],"_links":{"self":[{"href":"https:\/\/donlucero.com\/index.php\/wp-json\/wp\/v2\/pages\/1408"}],"collection":[{"href":"https:\/\/donlucero.com\/index.php\/wp-json\/wp\/v2\/pages"}],"about":[{"href":"https:\/\/donlucero.com\/index.php\/wp-json\/wp\/v2\/types\/page"}],"author":[{"embeddable":true,"href":"https:\/\/donlucero.com\/index.php\/wp-json\/wp\/v2\/users\/1"}],"replies":[{"embeddable":true,"href":"https:\/\/donlucero.com\/index.php\/wp-json\/wp\/v2\/comments?post=1408"}],"version-history":[{"count":29,"href":"https:\/\/donlucero.com\/index.php\/wp-json\/wp\/v2\/pages\/1408\/revisions"}],"predecessor-version":[{"id":2114,"href":"https:\/\/donlucero.com\/index.php\/wp-json\/wp\/v2\/pages\/1408\/revisions\/2114"}],"wp:attachment":[{"href":"https:\/\/donlucero.com\/index.php\/wp-json\/wp\/v2\/media?parent=1408"}],"curies":[{"name":"wp","href":"https:\/\/api.w.org\/{rel}","templated":true}]}}