{"id":1412,"date":"2015-05-04T16:56:22","date_gmt":"2015-05-04T16:56:22","guid":{"rendered":"http:\/\/donlucero.com\/?page_id=1412"},"modified":"2023-07-15T16:38:32","modified_gmt":"2023-07-15T16:38:32","slug":"gloria-gaynor","status":"publish","type":"page","link":"https:\/\/donlucero.com\/index.php\/gloria-gaynor","title":{"rendered":"Gloria Gaynor"},"content":{"rendered":"<div class=\"projectInfoTitle font1\">\u201cDivas\u201d Starlite Marbella y Festival de Cambrills Agosto 2014<\/div>\n<!-- Final Tiles Grid Gallery for WordPress v3.5.8 free --><style>#ftg-55 .tile .icon { color:#ffffff; }#ftg-55 .ftg-items .loading-bar i { background:#666; }#ftg-55 .ftg-items .loading-bar { background:#fff; }#ftg-55 .tile .icon { font-size:12px; }#ftg-55 .tile .icon { margin: -6px 0 0 -6px; }#ftg-55 .tile .caption-block .text-wrapper span.text { font-size:12px; }#ftg-55 .tile .caption-outside .text-wrapper span.text { font-size:12px; }#ftg-55 .tile .caption-block .text-wrapper span.title { font-size:14px; }#ftg-55 .tile .caption-outside .text-wrapper span.title { font-size:14px; }#ftg-55 .tile { background-color: transparent; }#ftg-55 .tile .caption-block .text-wrapper span.text { color: #ffffff; }#ftg-55 .tile .caption-block .text-wrapper span.title { color: #ffffff; }#ftg-55 .tile .caption-outside .text-wrapper span.text { color: #ffffff; }#ftg-55 .tile .caption-outside .text-wrapper span.title { color: #ffffff; }#ftg-55 .tile .ftg-social a { color: #ffffff; }#ftg-55 .tile .caption-block { transition-duration:0.25s; }#ftg-55 .tile .tile-inner:before { background-color: #000000; }#ftg-55 .tile .tile-inner:before { background-color: rgba(0, 0, 0, 0.8); }#ftg-55 .tile:hover img {-moz-transform: ;-webkit-transform: ;-o-transform: ;-ms-transform: ;transform: ;}#ftg-55 .tile .icon {-moz-transition: all .5s;-webkit-transition: all .5s;-o-transition: all .5s;-ms-transition: all .5s;transition: all .5s;}#ftg-55 .tile:hover .icon {-moz-transform: rotate(360deg);-webkit-transform: rotate(360deg);-o-transform: rotate(360deg);-ms-transform: rotate(360deg);transform: rotate(360deg);}<\/style><a name='5'><\/a><div class='final-tiles-gallery  ftg-hover-enabled caption-inside  caption-none caption-middle caption-center' id='ftg-55' style='width:100%'><div class='ftg-items'><div class='loading-bar'><i><\/i><\/div><div  class='tile ftg-preload  '><a title=\"\" data-lightbox='ftg-55' rel='ftg-55'  class=' tile-inner  ftg-lightbox' href='https:\/\/donlucero.com\/wp-content\/uploads\/2015\/05\/GLORIA-GAYNOR-11.jpg' ><img alt='' class='item skip-lazy' data-class='item' data-ftg-source='http:\/\/donlucero.com\/wp-content\/uploads\/2015\/05\/GLORIA-GAYNOR-11-300x200.jpg' src='http:\/\/donlucero.com\/wp-content\/uploads\/2015\/05\/GLORIA-GAYNOR-11-300x200.jpg' width='800' height='533' \/><\/a><div class='ftg-social'><\/div><\/div><div  class='tile ftg-preload  '><a title=\"\" data-lightbox='ftg-55' rel='ftg-55'  class=' tile-inner  ftg-lightbox' href='https:\/\/donlucero.com\/wp-content\/uploads\/2015\/05\/GLORIA-GAYNOR-10.jpg' ><img alt='' class='item skip-lazy' data-class='item' data-ftg-source='http:\/\/donlucero.com\/wp-content\/uploads\/2015\/05\/GLORIA-GAYNOR-10-300x200.jpg' src='http:\/\/donlucero.com\/wp-content\/uploads\/2015\/05\/GLORIA-GAYNOR-10-300x200.jpg' width='800' height='533' \/><\/a><div class='ftg-social'><\/div><\/div><div  class='tile ftg-preload  '><a title=\"\" data-lightbox='ftg-55' rel='ftg-55'  class=' tile-inner  ftg-lightbox' href='https:\/\/donlucero.com\/wp-content\/uploads\/2015\/05\/GLORIA-GAYNOR-9.jpg' ><img alt='' class='item skip-lazy' data-class='item' data-ftg-source='http:\/\/donlucero.com\/wp-content\/uploads\/2015\/05\/GLORIA-GAYNOR-9-300x200.jpg' src='http:\/\/donlucero.com\/wp-content\/uploads\/2015\/05\/GLORIA-GAYNOR-9-300x200.jpg' width='800' height='533' \/><\/a><div class='ftg-social'><\/div><\/div><div  class='tile ftg-preload  '><a title=\"\" data-lightbox='ftg-55' rel='ftg-55'  class=' tile-inner  ftg-lightbox' href='https:\/\/donlucero.com\/wp-content\/uploads\/2015\/05\/GLORIA-GAYNOR-8.jpg' ><img alt='' class='item skip-lazy' data-class='item' data-ftg-source='http:\/\/donlucero.com\/wp-content\/uploads\/2015\/05\/GLORIA-GAYNOR-8-300x200.jpg' src='http:\/\/donlucero.com\/wp-content\/uploads\/2015\/05\/GLORIA-GAYNOR-8-300x200.jpg' width='800' height='533' \/><\/a><div class='ftg-social'><\/div><\/div><div  class='tile ftg-preload  '><a title=\"\" data-lightbox='ftg-55' rel='ftg-55'  class=' tile-inner  ftg-lightbox' href='https:\/\/donlucero.com\/wp-content\/uploads\/2015\/05\/GLORIA-GAYNOR-71.jpg' ><img alt='' class='item skip-lazy' data-class='item' data-ftg-source='http:\/\/donlucero.com\/wp-content\/uploads\/2015\/05\/GLORIA-GAYNOR-71-300x200.jpg' src='http:\/\/donlucero.com\/wp-content\/uploads\/2015\/05\/GLORIA-GAYNOR-71-300x200.jpg' width='800' height='533' \/><\/a><div class='ftg-social'><\/div><\/div><div  class='tile ftg-preload  '><a title=\"\" data-lightbox='ftg-55' rel='ftg-55'  class=' tile-inner  ftg-lightbox' href='https:\/\/donlucero.com\/wp-content\/uploads\/2015\/05\/GLORIA-GAYNOR-6.jpg' ><img alt='' class='item skip-lazy' data-class='item' data-ftg-source='http:\/\/donlucero.com\/wp-content\/uploads\/2015\/05\/GLORIA-GAYNOR-6-300x200.jpg' src='http:\/\/donlucero.com\/wp-content\/uploads\/2015\/05\/GLORIA-GAYNOR-6-300x200.jpg' width='800' height='533' \/><\/a><div class='ftg-social'><\/div><\/div><div  class='tile ftg-preload  '><a title=\"\" data-lightbox='ftg-55' rel='ftg-55'  class=' tile-inner  ftg-lightbox' href='https:\/\/donlucero.com\/wp-content\/uploads\/2015\/05\/GLORIA-GAYNOR-5.jpg' ><img alt='' class='item skip-lazy' data-class='item' data-ftg-source='http:\/\/donlucero.com\/wp-content\/uploads\/2015\/05\/GLORIA-GAYNOR-5-300x200.jpg' src='http:\/\/donlucero.com\/wp-content\/uploads\/2015\/05\/GLORIA-GAYNOR-5-300x200.jpg' width='800' height='533' \/><\/a><div class='ftg-social'><\/div><\/div><div  class='tile ftg-preload  '><a title=\"\" data-lightbox='ftg-55' rel='ftg-55'  class=' tile-inner  ftg-lightbox' href='https:\/\/donlucero.com\/wp-content\/uploads\/2015\/05\/GLORIA-GAYNOR-4.jpg' ><img alt='' class='item skip-lazy' data-class='item' data-ftg-source='http:\/\/donlucero.com\/wp-content\/uploads\/2015\/05\/GLORIA-GAYNOR-4-300x232.jpg' src='http:\/\/donlucero.com\/wp-content\/uploads\/2015\/05\/GLORIA-GAYNOR-4-300x232.jpg' width='800' height='619' \/><\/a><div class='ftg-social'><\/div><\/div><div  class='tile ftg-preload  '><a title=\"\" data-lightbox='ftg-55' rel='ftg-55'  class=' tile-inner  ftg-lightbox' href='https:\/\/donlucero.com\/wp-content\/uploads\/2015\/05\/GLORIA-GAYNOR-3.jpg' ><img alt='' class='item skip-lazy' data-class='item' data-ftg-source='http:\/\/donlucero.com\/wp-content\/uploads\/2015\/05\/GLORIA-GAYNOR-3-300x200.jpg' src='http:\/\/donlucero.com\/wp-content\/uploads\/2015\/05\/GLORIA-GAYNOR-3-300x200.jpg' width='800' height='533' \/><\/a><div class='ftg-social'><\/div><\/div><div  class='tile ftg-preload  '><a title=\"\" data-lightbox='ftg-55' rel='ftg-55'  class=' tile-inner  ftg-lightbox' href='https:\/\/donlucero.com\/wp-content\/uploads\/2015\/05\/GLORIA-GAYNOR-2.jpg' ><img alt='' class='item skip-lazy' data-class='item' data-ftg-source='http:\/\/donlucero.com\/wp-content\/uploads\/2015\/05\/GLORIA-GAYNOR-2-300x200.jpg' src='http:\/\/donlucero.com\/wp-content\/uploads\/2015\/05\/GLORIA-GAYNOR-2-300x200.jpg' width='800' height='533' \/><\/a><div class='ftg-social'><\/div><\/div><div  class='tile ftg-preload  '><a title=\"\" data-lightbox='ftg-55' rel='ftg-55'  class=' tile-inner  ftg-lightbox' href='https:\/\/donlucero.com\/wp-content\/uploads\/2015\/05\/GLORIA-GAYNOR-1.jpg' ><img alt='' class='item skip-lazy' data-class='item' data-ftg-source='http:\/\/donlucero.com\/wp-content\/uploads\/2015\/05\/GLORIA-GAYNOR-1-300x200.jpg' src='http:\/\/donlucero.com\/wp-content\/uploads\/2015\/05\/GLORIA-GAYNOR-1-300x200.jpg' width='800' height='533' \/><\/a><div class='ftg-social'><\/div><\/div><div  class='tile ftg-preload  '><a title=\"\" data-lightbox='ftg-55' rel='ftg-55'  class=' tile-inner  ftg-lightbox' href='https:\/\/donlucero.com\/wp-content\/uploads\/2015\/05\/GLORIA-GAYNOR-12.jpg' ><img alt='' class='item skip-lazy' data-class='item' data-ftg-source='http:\/\/donlucero.com\/wp-content\/uploads\/2015\/05\/GLORIA-GAYNOR-12-276x300.jpg' src='http:\/\/donlucero.com\/wp-content\/uploads\/2015\/05\/GLORIA-GAYNOR-12-276x300.jpg' width='737' height='800' \/><\/a><div class='ftg-social'><\/div><\/div><\/div><\/div><script type='text\/javascript'>jQuery('#ftg-55 img.item').removeAttr('src');jQuery(document).ready(function () {setTimeout(function () {jQuery('#ftg-55').finalTilesGallery({minTileWidth: 100,margin: 3,loadMethod: 'sequential',nonce: '84b0307649',galleryId: '5',setupFilters: true,layout: 'columns',debug: false,gridSize: 43,disableGridSizeBelow:800,allowEnlargement: true,columns: [[4000, 3],[1024, 4],[800, 3],[480, 2],[320, 2]],selectedFilter: 'n-a'});jQuery(function () {(function () {var rel = '';jQuery('#ftg-55 .ftg-lightbox').click(function (e) {rel = jQuery(this).attr('rel');jQuery('#ftg-55 .ftg-current').removeClass('ftg-current');jQuery('#ftg-55 [rel=\"'+rel+'\"]').addClass('ftg-current');});})();});}, 0);});<\/script>\n<div class=\"projectInfoTitle font1\">Sinopsis<\/div>\n<p>Las \u201cDivas\u201d Gloria Gaynor y Marta S\u00e1nchez pusieron en pie al auditorio de Starlite y al Festival de Cambrills con un incre\u00edble espect\u00e1culo. Los dias 6 y 8 de Agosto 2014 respectivamente. Las cantantes interpretaron grandes \u00e9xitos de sus carreras y duetos como los temas `I am what I am\u00b4 y `I will survive\u00b4 Fueron dos noches de lujo en el que dos de las grandes damas de la m\u00fasica hicieron vibrar a un p\u00fablico totalmente entregado con algunas de las mejores canciones de sus carreras, interpretadas en solitario, adem\u00e1s de dos temas que cantaron a d\u00fao, la c\u00e9lebre \u201cI Am What I Am\u201d y la m\u00edtica \u201cI Will Survive\u201d que cerraron dos conciertos que pasar\u00e1n a la historia de ambos festivales como uno de los shows m\u00e1s aclamados.<\/p>\n<div class=\"projectInfoTitle font1\">Experiencia<\/div>\n<p>Esta fue la segunda vez que tuve la suerte de trabajar con esta impresionante cantante de m\u00fasica disco y soul estadounidense. Me propusieron unas semanas antes de los conciertos realizar la iluminaci\u00f3n de Gloria. R\u00e1pidamente con toda la informaci\u00f3n, organizamos una disposici\u00f3n de escenario que pudiera satisfacer ambos conciertos que compart\u00edan escenario. Luego de la aprobaci\u00f3n y con el set List, pre-program\u00e9 unos ambientes que acompa\u00f1aran a la diva lo mas elegante y agradable posible, intentando no distraer y destacar su m\u00fasica y su incre\u00edble voz.<\/p>\n<div class=\"projectInfoTitle font1\">Ficha T\u00e9cnica<\/div>\n<ul>\n<li>Guitarra: Tony Mart\u00ednez<\/li>\n<li>Bater\u00eda: Jorge Santana<\/li>\n<li>Bajo: Javier Santana<\/li>\n<li>Teclados: David Garc\u00eda<\/li>\n<li>Road: Miguel \u00c1ngel \u201cChino\u201d<\/li>\n<li>Stage: Alex Otero Dise\u00f1o<\/li>\n<li>Sonido: Alex Gonz\u00e1lez<\/li>\n<li>Monitores: Sergio Cianca<\/li>\n<li>Fotos: EZN<\/li>\n<li>Visuales: Carlos Chova<\/li>\n<li>Dise\u00f1o Iluminaci\u00f3n: Ezequiel N\u00f3bili<\/li>\n<li>Direcci\u00f3n Producci\u00f3n: Mariola Orellana<\/li>\n<\/ul>\n<div class=\"projectInfoTitle font1\">Links<\/div>\n<ul>\n<li><a href=\"http:\/\/www.gloriagaynor.com\" target=\"_blank\" rel=\"noopener\">Web oficial<\/a><\/li>\n<li><a href=\"http:\/\/www.gloriagaynor.com\/media-gallery\/image-gallery\/\" target=\"_blank\" rel=\"noopener\">Fotos<\/a><\/li>\n<li><a href=\"https:\/\/www.facebook.com\/donlucero123\/media_set?set=a.686681308078467.100002098126955&amp;type=3\" target=\"_blank\" rel=\"noopener\">Fotos DL<\/a><\/li>\n<\/ul>\n","protected":false},"excerpt":{"rendered":"<p>\u201cDivas\u201d Starlite Marbella y Festival de Cambrills Agosto 2014 Sinopsis Las \u201cDivas\u201d Gloria Gaynor y Marta S\u00e1nchez pusieron en pie al auditorio de Starlite y al Festival de Cambrills con un incre\u00edble espect\u00e1culo. Los dias 6 y 8 de Agosto 2014 respectivamente. Las cantantes interpretaron grandes \u00e9xitos de sus carreras y duetos como los temas<\/p>\n","protected":false},"author":1,"featured_media":0,"parent":0,"menu_order":0,"comment_status":"open","ping_status":"open","template":"","meta":[],"_links":{"self":[{"href":"https:\/\/donlucero.com\/index.php\/wp-json\/wp\/v2\/pages\/1412"}],"collection":[{"href":"https:\/\/donlucero.com\/index.php\/wp-json\/wp\/v2\/pages"}],"about":[{"href":"https:\/\/donlucero.com\/index.php\/wp-json\/wp\/v2\/types\/page"}],"author":[{"embeddable":true,"href":"https:\/\/donlucero.com\/index.php\/wp-json\/wp\/v2\/users\/1"}],"replies":[{"embeddable":true,"href":"https:\/\/donlucero.com\/index.php\/wp-json\/wp\/v2\/comments?post=1412"}],"version-history":[{"count":8,"href":"https:\/\/donlucero.com\/index.php\/wp-json\/wp\/v2\/pages\/1412\/revisions"}],"predecessor-version":[{"id":2108,"href":"https:\/\/donlucero.com\/index.php\/wp-json\/wp\/v2\/pages\/1412\/revisions\/2108"}],"wp:attachment":[{"href":"https:\/\/donlucero.com\/index.php\/wp-json\/wp\/v2\/media?parent=1412"}],"curies":[{"name":"wp","href":"https:\/\/api.w.org\/{rel}","templated":true}]}}