{"id":1420,"date":"2015-05-04T17:26:39","date_gmt":"2015-05-04T17:26:39","guid":{"rendered":"http:\/\/donlucero.com\/?page_id=1420"},"modified":"2023-07-15T16:40:20","modified_gmt":"2023-07-15T16:40:20","slug":"manianas_ab","status":"publish","type":"page","link":"https:\/\/donlucero.com\/index.php\/manianas_ab","title":{"rendered":"Ma\u00f1anas de abril y mayo"},"content":{"rendered":"<div class=\"projectInfoTitle font1\">Obra de Pedro Calder\u00f3n de La Barca, Febrero 2015 Sala Valle Incl\u00e1n RESAD &#8211; Madrid<\/div>\n<p>Adaptada y dirigida por Nuria Alkorta En Memoria de Antonio Regalado. <!-- Final Tiles Grid Gallery for WordPress v3.5.8 free --><style>#ftg-77 .tile .icon { color:#ffffff; }#ftg-77 .ftg-items .loading-bar i { background:#666; }#ftg-77 .ftg-items .loading-bar { background:#fff; }#ftg-77 .tile .icon { font-size:12px; }#ftg-77 .tile .icon { margin: -6px 0 0 -6px; }#ftg-77 .tile .caption-block .text-wrapper span.text { font-size:12px; }#ftg-77 .tile .caption-outside .text-wrapper span.text { font-size:12px; }#ftg-77 .tile .caption-block .text-wrapper span.title { font-size:14px; }#ftg-77 .tile .caption-outside .text-wrapper span.title { font-size:14px; }#ftg-77 .tile { background-color: transparent; }#ftg-77 .tile .caption-block .text-wrapper span.text { color: #ffffff; }#ftg-77 .tile .caption-block .text-wrapper span.title { color: #ffffff; }#ftg-77 .tile .caption-outside .text-wrapper span.text { color: #ffffff; }#ftg-77 .tile .caption-outside .text-wrapper span.title { color: #ffffff; }#ftg-77 .tile .ftg-social a { color: #ffffff; }#ftg-77 .tile .caption-block { transition-duration:0.25s; }#ftg-77 .tile .tile-inner:before { background-color: #000000; }#ftg-77 .tile .tile-inner:before { background-color: rgba(0, 0, 0, 0.8); }#ftg-77 .tile:hover img {-moz-transform: ;-webkit-transform: ;-o-transform: ;-ms-transform: ;transform: ;}#ftg-77 .tile .icon {-moz-transition: all .5s;-webkit-transition: all .5s;-o-transition: all .5s;-ms-transition: all .5s;transition: all .5s;}#ftg-77 .tile:hover .icon {-moz-transform: rotate(360deg);-webkit-transform: rotate(360deg);-o-transform: rotate(360deg);-ms-transform: rotate(360deg);transform: rotate(360deg);}<\/style><a name='7'><\/a><div class='final-tiles-gallery  ftg-hover-enabled caption-inside  caption-none caption-middle caption-center' id='ftg-77' style='width:100%'><div class='ftg-items'><div class='loading-bar'><i><\/i><\/div><div  class='tile ftg-preload  '><a title=\"\" data-lightbox='ftg-77' rel='ftg-77'  class=' tile-inner  ftg-lightbox' href='https:\/\/donlucero.com\/wp-content\/uploads\/2015\/05\/IMG_5651.jpg' ><img alt='' class='item skip-lazy' data-class='item' data-ftg-source='http:\/\/donlucero.com\/wp-content\/uploads\/2015\/05\/IMG_5651-300x210.jpg' src='http:\/\/donlucero.com\/wp-content\/uploads\/2015\/05\/IMG_5651-300x210.jpg' width='800' height='559' \/><\/a><div class='ftg-social'><\/div><\/div><div  class='tile ftg-preload  '><a title=\"\" data-lightbox='ftg-77' rel='ftg-77'  class=' tile-inner  ftg-lightbox' href='https:\/\/donlucero.com\/wp-content\/uploads\/2015\/05\/IMG_5654.jpg' ><img alt='' class='item skip-lazy' data-class='item' data-ftg-source='http:\/\/donlucero.com\/wp-content\/uploads\/2015\/05\/IMG_5654-300x209.jpg' src='http:\/\/donlucero.com\/wp-content\/uploads\/2015\/05\/IMG_5654-300x209.jpg' width='800' height='558' \/><\/a><div class='ftg-social'><\/div><\/div><div  class='tile ftg-preload  '><a title=\"\" data-lightbox='ftg-77' rel='ftg-77'  class=' tile-inner  ftg-lightbox' href='https:\/\/donlucero.com\/wp-content\/uploads\/2015\/05\/IMG_5657.jpg' ><img alt='' class='item skip-lazy' data-class='item' data-ftg-source='http:\/\/donlucero.com\/wp-content\/uploads\/2015\/05\/IMG_5657-300x200.jpg' src='http:\/\/donlucero.com\/wp-content\/uploads\/2015\/05\/IMG_5657-300x200.jpg' width='800' height='533' \/><\/a><div class='ftg-social'><\/div><\/div><div  class='tile ftg-preload  '><a title=\"\" data-lightbox='ftg-77' rel='ftg-77'  class=' tile-inner  ftg-lightbox' href='https:\/\/donlucero.com\/wp-content\/uploads\/2015\/05\/IMG_5669.jpg' ><img alt='' class='item skip-lazy' data-class='item' data-ftg-source='http:\/\/donlucero.com\/wp-content\/uploads\/2015\/05\/IMG_5669-300x208.jpg' src='http:\/\/donlucero.com\/wp-content\/uploads\/2015\/05\/IMG_5669-300x208.jpg' width='800' height='555' \/><\/a><div class='ftg-social'><\/div><\/div><div  class='tile ftg-preload  '><a title=\"\" data-lightbox='ftg-77' rel='ftg-77'  class=' tile-inner  ftg-lightbox' href='https:\/\/donlucero.com\/wp-content\/uploads\/2015\/05\/IMG_5671.jpg' ><img alt='' class='item skip-lazy' data-class='item' data-ftg-source='http:\/\/donlucero.com\/wp-content\/uploads\/2015\/05\/IMG_5671-300x230.jpg' src='http:\/\/donlucero.com\/wp-content\/uploads\/2015\/05\/IMG_5671-300x230.jpg' width='800' height='612' \/><\/a><div class='ftg-social'><\/div><\/div><div  class='tile ftg-preload  '><a title=\"\" data-lightbox='ftg-77' rel='ftg-77'  class=' tile-inner  ftg-lightbox' href='https:\/\/donlucero.com\/wp-content\/uploads\/2015\/05\/IMG_5678.jpg' ><img alt='' class='item skip-lazy' data-class='item' data-ftg-source='http:\/\/donlucero.com\/wp-content\/uploads\/2015\/05\/IMG_5678-300x191.jpg' src='http:\/\/donlucero.com\/wp-content\/uploads\/2015\/05\/IMG_5678-300x191.jpg' width='800' height='509' \/><\/a><div class='ftg-social'><\/div><\/div><div  class='tile ftg-preload  '><a title=\"\" data-lightbox='ftg-77' rel='ftg-77'  class=' tile-inner  ftg-lightbox' href='https:\/\/donlucero.com\/wp-content\/uploads\/2015\/05\/IMG_5679.jpg' ><img alt='' class='item skip-lazy' data-class='item' data-ftg-source='http:\/\/donlucero.com\/wp-content\/uploads\/2015\/05\/IMG_5679-300x211.jpg' src='http:\/\/donlucero.com\/wp-content\/uploads\/2015\/05\/IMG_5679-300x211.jpg' width='800' height='562' \/><\/a><div class='ftg-social'><\/div><\/div><div  class='tile ftg-preload  '><a title=\"\" data-lightbox='ftg-77' rel='ftg-77'  class=' tile-inner  ftg-lightbox' href='https:\/\/donlucero.com\/wp-content\/uploads\/2015\/05\/IMG_5686.jpg' ><img alt='' class='item skip-lazy' data-class='item' data-ftg-source='http:\/\/donlucero.com\/wp-content\/uploads\/2015\/05\/IMG_5686-300x200.jpg' src='http:\/\/donlucero.com\/wp-content\/uploads\/2015\/05\/IMG_5686-300x200.jpg' width='800' height='533' \/><\/a><div class='ftg-social'><\/div><\/div><div  class='tile ftg-preload  '><a title=\"\" data-lightbox='ftg-77' rel='ftg-77'  class=' tile-inner  ftg-lightbox' href='https:\/\/donlucero.com\/wp-content\/uploads\/2015\/05\/IMG_5687.jpg' ><img alt='' class='item skip-lazy' data-class='item' data-ftg-source='http:\/\/donlucero.com\/wp-content\/uploads\/2015\/05\/IMG_5687-300x200.jpg' src='http:\/\/donlucero.com\/wp-content\/uploads\/2015\/05\/IMG_5687-300x200.jpg' width='800' height='533' \/><\/a><div class='ftg-social'><\/div><\/div><div  class='tile ftg-preload  '><a title=\"\" data-lightbox='ftg-77' rel='ftg-77'  class=' tile-inner  ftg-lightbox' href='https:\/\/donlucero.com\/wp-content\/uploads\/2015\/05\/IMG_5695.jpg' ><img alt='' class='item skip-lazy' data-class='item' data-ftg-source='http:\/\/donlucero.com\/wp-content\/uploads\/2015\/05\/IMG_5695-300x219.jpg' src='http:\/\/donlucero.com\/wp-content\/uploads\/2015\/05\/IMG_5695-300x219.jpg' width='800' height='583' \/><\/a><div class='ftg-social'><\/div><\/div><div  class='tile ftg-preload  '><a title=\"\" data-lightbox='ftg-77' rel='ftg-77'  class=' tile-inner  ftg-lightbox' href='https:\/\/donlucero.com\/wp-content\/uploads\/2015\/05\/IMG_5742.jpg' ><img alt='' class='item skip-lazy' data-class='item' data-ftg-source='http:\/\/donlucero.com\/wp-content\/uploads\/2015\/05\/IMG_5742-300x200.jpg' src='http:\/\/donlucero.com\/wp-content\/uploads\/2015\/05\/IMG_5742-300x200.jpg' width='800' height='533' \/><\/a><div class='ftg-social'><\/div><\/div><div  class='tile ftg-preload  '><a title=\"\" data-lightbox='ftg-77' rel='ftg-77'  class=' tile-inner  ftg-lightbox' href='https:\/\/donlucero.com\/wp-content\/uploads\/2015\/05\/IMG_5758.jpg' ><img alt='' class='item skip-lazy' data-class='item' data-ftg-source='http:\/\/donlucero.com\/wp-content\/uploads\/2015\/05\/IMG_5758-300x215.jpg' src='http:\/\/donlucero.com\/wp-content\/uploads\/2015\/05\/IMG_5758-300x215.jpg' width='800' height='574' \/><\/a><div class='ftg-social'><\/div><\/div><div  class='tile ftg-preload  '><a title=\"\" data-lightbox='ftg-77' rel='ftg-77'  class=' tile-inner  ftg-lightbox' href='https:\/\/donlucero.com\/wp-content\/uploads\/2015\/05\/IMG_5775.jpg' ><img alt='' class='item skip-lazy' data-class='item' data-ftg-source='http:\/\/donlucero.com\/wp-content\/uploads\/2015\/05\/IMG_5775-300x200.jpg' src='http:\/\/donlucero.com\/wp-content\/uploads\/2015\/05\/IMG_5775-300x200.jpg' width='800' height='533' \/><\/a><div class='ftg-social'><\/div><\/div><div  class='tile ftg-preload  '><a title=\"\" data-lightbox='ftg-77' rel='ftg-77'  class=' tile-inner  ftg-lightbox' href='https:\/\/donlucero.com\/wp-content\/uploads\/2015\/05\/IMG_5783.jpg' ><img alt='' class='item skip-lazy' data-class='item' data-ftg-source='http:\/\/donlucero.com\/wp-content\/uploads\/2015\/05\/IMG_5783-300x200.jpg' src='http:\/\/donlucero.com\/wp-content\/uploads\/2015\/05\/IMG_5783-300x200.jpg' width='800' height='533' \/><\/a><div class='ftg-social'><\/div><\/div><div  class='tile ftg-preload  '><a title=\"\" data-lightbox='ftg-77' rel='ftg-77'  class=' tile-inner  ftg-lightbox' href='https:\/\/donlucero.com\/wp-content\/uploads\/2015\/05\/IMG_5795.jpg' ><img alt='' class='item skip-lazy' data-class='item' data-ftg-source='http:\/\/donlucero.com\/wp-content\/uploads\/2015\/05\/IMG_5795-300x189.jpg' src='http:\/\/donlucero.com\/wp-content\/uploads\/2015\/05\/IMG_5795-300x189.jpg' width='800' height='503' \/><\/a><div class='ftg-social'><\/div><\/div><div  class='tile ftg-preload  '><a title=\"\" data-lightbox='ftg-77' rel='ftg-77'  class=' tile-inner  ftg-lightbox' href='https:\/\/donlucero.com\/wp-content\/uploads\/2015\/05\/IMG_5803.jpg' ><img alt='' class='item skip-lazy' data-class='item' data-ftg-source='http:\/\/donlucero.com\/wp-content\/uploads\/2015\/05\/IMG_5803-300x200.jpg' src='http:\/\/donlucero.com\/wp-content\/uploads\/2015\/05\/IMG_5803-300x200.jpg' width='800' height='533' \/><\/a><div class='ftg-social'><\/div><\/div><\/div><\/div><script type='text\/javascript'>jQuery('#ftg-77 img.item').removeAttr('src');jQuery(document).ready(function () {setTimeout(function () {jQuery('#ftg-77').finalTilesGallery({minTileWidth: 100,margin: 3,loadMethod: 'sequential',nonce: 'e2c12e35e3',galleryId: '7',setupFilters: true,layout: 'columns',debug: false,gridSize: 43,disableGridSizeBelow:800,allowEnlargement: true,columns: [[4000, 4],[1024, 4],[800, 3],[480, 3],[320, 2]],selectedFilter: 'n-a'});jQuery(function () {(function () {var rel = '';jQuery('#ftg-77 .ftg-lightbox').click(function (e) {rel = jQuery(this).attr('rel');jQuery('#ftg-77 .ftg-current').removeClass('ftg-current');jQuery('#ftg-77 [rel=\"'+rel+'\"]').addClass('ftg-current');});})();});}, 0);});<\/script><\/p>\n<div class=\"projectInfoTitle font1\">SINOPSIS<\/div>\n<p>Es una deliciosa comedia de capa y espada ubicada en Madrid. Los personajes son un grupo de j\u00f3venes enredados en los amores, peligros y desenga\u00f1os que tienen lugar durante las celebraciones de primavera, que es tradicionalmente la estaci\u00f3n del amor. En esta ocasi\u00f3n Calder\u00f3n se ci\u00f1e a la unidad de acci\u00f3n, tiempo y lugar. La obra transcurre en apenas dos d\u00edas. La acci\u00f3n discurre en las casas de los protagonistas, en las calles de Madrid y en el parque del Palacio Real y la Florida, a orillas del r\u00edo Manzanares, donde se dan encuentro los j\u00f3venes de la villa para sus galanteos.<\/p>\n<div class=\"projectInfoTitle font1\">EXPERIENCIA<\/div>\n<p>Por mi parte lo mas interesante de este proyecto, fue la posibilidad que tuve de trabajar con una de las personas mas destacadas en la investigaci\u00f3n y representaci\u00f3n de la obras de Calder\u00f3n. La pasi\u00f3n y entusiasmo que contagia Nuria a la hora de trasmitir las ideas, hace que sea muy f\u00e1cil el proceso creativo. La propuesta de la iluminaci\u00f3n, juntos con los elementos escenogr\u00e1ficos ten\u00edan la funci\u00f3n de sugerir los espacios y momentos que Calder\u00f3n propone, desde un punto de vista mas est\u00e9tico y pl\u00e1stico que naturalista. El \u201cmayo\u201d como elemento principal y constante en todas las escenas fue el encargado de unir toda la obra. La introducci\u00f3n de personajes contempor\u00e1neos fueron esenciales para dar una visi\u00f3n actual, siempre respetando los versos de la obra, y acercar a las nuevas generaciones de p\u00fablico, a los temas de Calder\u00f3n que siguen siendo tan vigentes.<\/p>\n<div class=\"projectInfoTitle font1\">REPARTO Y FICHA TECNICA<\/div>\n<p><strong>Reparto<\/strong><\/p>\n<ul>\n<li>Arceo: Nicol\u00e1s Illoro \u2013 Pedro Granero<\/li>\n<li>Don Juan: Jorge Eliseo G\u00f3mez \u2013 Mario Gonz\u00e1lez<\/li>\n<li>Don Pedro: Pedro Granero \u2013 Guillermo Rodr\u00edguez<\/li>\n<li>Do\u00f1a Clara: Julia Piera \u2013 Raquel Nogueira<\/li>\n<li>In\u00e9s: Macarena Herranz \u2013 Paloma Garc\u00eda Consuegra<\/li>\n<li>Don Luis: Jos\u00e9 Juan Sevilla \u2013 Nicol\u00e1s Illoro<\/li>\n<li>Don Hip\u00f3lito:Sergio Moral &#8211; Jos\u00e9 Juan Sevilla<\/li>\n<li>Do\u00f1a Luc\u00eda: Paloma Garc\u00eda Consuegra &#8211; Macarena Herranz<\/li>\n<li>Pern\u00eda: Guillermo Rodr\u00edguez &#8211; Sergio Moral<\/li>\n<li>Do\u00f1a Ana: Lara L\u00f3pez \u2013 Gracia Hern\u00e1ndez<\/li>\n<\/ul>\n<p><strong>Equipo T\u00e9cnico y creativo<\/strong><\/p>\n<ul>\n<li>Realizaci\u00f3n de decorados: Carpinter\u00eda Fidel Le\u00f3n y Mercedes de Blas Realizaci\u00f3n<\/li>\n<li>Vestuarios: Teatro Espa\u00f1ol y sastrer\u00eda RESAD<\/li>\n<li>Atrezzo: RESAD<\/li>\n<li>Regidur\u00eda: Jaime Mart\u00ednez<\/li>\n<li>Dise\u00f1o Gr\u00e1fico: Luis Lamadrid Supervisi\u00f3n<\/li>\n<li>Vestuario: Helena Kriukova Profesor<\/li>\n<li>Esgrima: Jaime Mej\u00eda<\/li>\n<li>Profesora de Canto: Mercedes D\u00edaz Chopite<\/li>\n<li>Asesora de verso: Consuelo Garc\u00eda<\/li>\n<li>M\u00fasica: Jorge Eliseo G\u00f3mez, Guillermo Rodr\u00edguez, Nicol\u00e1s Illoro, Mario Gonz\u00e1lez y Pedro Granero Coordinaci\u00f3n musical<\/li>\n<li>Dise\u00f1o sonoro y proyecci\u00f3n: Jorge Eliseo G\u00f3mez<\/li>\n<li>Vestuario: \u00c1gueda \u00c1lvarez y Kira Rold\u00e1n<\/li>\n<li>Dise\u00f1o Iluminaci\u00f3n: Ezequiel Nobili y Rub\u00e9n Dar\u00edo R\u00edos<\/li>\n<li>Dise\u00f1o de Escenograf\u00eda: Mercedes de Blas y Nuria Alkorta<\/li>\n<li>Direcci\u00f3n: Nuria Alkorta<\/li>\n<\/ul>\n<div class=\"projectInfoTitle font1\">LINKS<\/div>\n<ul>\n<li><a href=\"http:\/\/www.resad.es\" target=\"_blank\" rel=\"noopener\">Real escuela superior de arte dramatico<\/a><\/li>\n<li><a href=\"https:\/\/www.facebook.com\/media\/set\/?set=a.819061671507096&amp;type=1&amp;l=5435155ac9\" target=\"_blank\" rel=\"noopener\">Fotos<\/a><\/li>\n<li><a href=\"https:\/\/youtu.be\/8Cl8RdXJoUA\" target=\"_blank\" rel=\"noopener\">Videos enlace 1<\/a><\/li>\n<li><a href=\"https:\/\/youtu.be\/NAswEqmF5Ao\" target=\"_blank\" rel=\"noopener\">Videos enlace 2<\/a><\/li>\n<li><a href=\"https:\/\/es.wikipedia.org\/wiki\/Pedro_Calder\u00f3n_de_la_Barca\" target=\"_blank\" rel=\"noopener\">Wikipedia<\/a><\/li>\n<\/ul>\n","protected":false},"excerpt":{"rendered":"<p>Obra de Pedro Calder\u00f3n de La Barca, Febrero 2015 Sala Valle Incl\u00e1n RESAD &#8211; Madrid Adaptada y dirigida por Nuria Alkorta En Memoria de Antonio Regalado. SINOPSIS Es una deliciosa comedia de capa y espada ubicada en Madrid. Los personajes son un grupo de j\u00f3venes enredados en los amores, peligros y desenga\u00f1os que tienen lugar<\/p>\n","protected":false},"author":1,"featured_media":0,"parent":0,"menu_order":0,"comment_status":"open","ping_status":"open","template":"","meta":[],"_links":{"self":[{"href":"https:\/\/donlucero.com\/index.php\/wp-json\/wp\/v2\/pages\/1420"}],"collection":[{"href":"https:\/\/donlucero.com\/index.php\/wp-json\/wp\/v2\/pages"}],"about":[{"href":"https:\/\/donlucero.com\/index.php\/wp-json\/wp\/v2\/types\/page"}],"author":[{"embeddable":true,"href":"https:\/\/donlucero.com\/index.php\/wp-json\/wp\/v2\/users\/1"}],"replies":[{"embeddable":true,"href":"https:\/\/donlucero.com\/index.php\/wp-json\/wp\/v2\/comments?post=1420"}],"version-history":[{"count":11,"href":"https:\/\/donlucero.com\/index.php\/wp-json\/wp\/v2\/pages\/1420\/revisions"}],"predecessor-version":[{"id":2113,"href":"https:\/\/donlucero.com\/index.php\/wp-json\/wp\/v2\/pages\/1420\/revisions\/2113"}],"wp:attachment":[{"href":"https:\/\/donlucero.com\/index.php\/wp-json\/wp\/v2\/media?parent=1420"}],"curies":[{"name":"wp","href":"https:\/\/api.w.org\/{rel}","templated":true}]}}