{"id":1439,"date":"2015-05-04T18:19:18","date_gmt":"2015-05-04T18:19:18","guid":{"rendered":"http:\/\/donlucero.com\/?page_id=1439"},"modified":"2023-07-15T16:33:05","modified_gmt":"2023-07-15T16:33:05","slug":"estudiastrabajas","status":"publish","type":"page","link":"https:\/\/donlucero.com\/index.php\/estudiastrabajas","title":{"rendered":"\u00bfEstudias \u00f3 Trabajas?"},"content":{"rendered":"<div class=\"projectInfoTitle font1\">Teatro Calder\u00f3n Madrid Espa\u00f1a 2014<\/div>\n<!-- Final Tiles Grid Gallery for WordPress v3.5.8 free --><style>#ftg-88 .tile .icon { color:#ffffff; }#ftg-88 .ftg-items .loading-bar i { background:#666; }#ftg-88 .ftg-items .loading-bar { background:#fff; }#ftg-88 .tile .icon { font-size:12px; }#ftg-88 .tile .icon { margin: -6px 0 0 -6px; }#ftg-88 .tile .caption-block .text-wrapper span.text { font-size:12px; }#ftg-88 .tile .caption-outside .text-wrapper span.text { font-size:12px; }#ftg-88 .tile .caption-block .text-wrapper span.title { font-size:14px; }#ftg-88 .tile .caption-outside .text-wrapper span.title { font-size:14px; }#ftg-88 .tile { background-color: transparent; }#ftg-88 .tile .caption-block .text-wrapper span.text { color: #ffffff; }#ftg-88 .tile .caption-block .text-wrapper span.title { color: #ffffff; }#ftg-88 .tile .caption-outside .text-wrapper span.text { color: #ffffff; }#ftg-88 .tile .caption-outside .text-wrapper span.title { color: #ffffff; }#ftg-88 .tile .ftg-social a { color: #ffffff; }#ftg-88 .tile .caption-block { transition-duration:0.25s; }#ftg-88 .tile .tile-inner:before { background-color: #000000; }#ftg-88 .tile .tile-inner:before { background-color: rgba(0, 0, 0, 0.8); }#ftg-88 .tile:hover img {-moz-transform: ;-webkit-transform: ;-o-transform: ;-ms-transform: ;transform: ;}#ftg-88 .tile .icon {-moz-transition: all .5s;-webkit-transition: all .5s;-o-transition: all .5s;-ms-transition: all .5s;transition: all .5s;}#ftg-88 .tile:hover .icon {-moz-transform: rotate(360deg);-webkit-transform: rotate(360deg);-o-transform: rotate(360deg);-ms-transform: rotate(360deg);transform: rotate(360deg);}<\/style><a name='8'><\/a><div class='final-tiles-gallery  ftg-hover-enabled caption-inside  caption-none caption-middle caption-center' id='ftg-88' style='width:100%'><div class='ftg-items'><div class='loading-bar'><i><\/i><\/div><div  class='tile ftg-preload  '><a title=\"\" data-lightbox='ftg-88' rel='ftg-88'  class=' tile-inner  ftg-lightbox' href='https:\/\/donlucero.com\/wp-content\/uploads\/2015\/05\/EOT-019.jpg' ><img alt='' class='item skip-lazy' data-class='item' data-ftg-source='http:\/\/donlucero.com\/wp-content\/uploads\/2015\/05\/EOT-019-300x200.jpg' src='http:\/\/donlucero.com\/wp-content\/uploads\/2015\/05\/EOT-019-300x200.jpg' width='800' height='533' \/><\/a><div class='ftg-social'><\/div><\/div><div  class='tile ftg-preload  '><a title=\"\" data-lightbox='ftg-88' rel='ftg-88'  class=' tile-inner  ftg-lightbox' href='https:\/\/donlucero.com\/wp-content\/uploads\/2015\/05\/EOT-018.jpg' ><img alt='' class='item skip-lazy' data-class='item' data-ftg-source='http:\/\/donlucero.com\/wp-content\/uploads\/2015\/05\/EOT-018-300x200.jpg' src='http:\/\/donlucero.com\/wp-content\/uploads\/2015\/05\/EOT-018-300x200.jpg' width='800' height='533' \/><\/a><div class='ftg-social'><\/div><\/div><div  class='tile ftg-preload  '><a title=\"\" data-lightbox='ftg-88' rel='ftg-88'  class=' tile-inner  ftg-lightbox' href='https:\/\/donlucero.com\/wp-content\/uploads\/2015\/05\/EOT-017.jpg' ><img alt='' class='item skip-lazy' data-class='item' data-ftg-source='http:\/\/donlucero.com\/wp-content\/uploads\/2015\/05\/EOT-017-300x200.jpg' src='http:\/\/donlucero.com\/wp-content\/uploads\/2015\/05\/EOT-017-300x200.jpg' width='800' height='533' \/><\/a><div class='ftg-social'><\/div><\/div><div  class='tile ftg-preload  '><a title=\"\" data-lightbox='ftg-88' rel='ftg-88'  class=' tile-inner  ftg-lightbox' href='https:\/\/donlucero.com\/wp-content\/uploads\/2015\/05\/EOT-016.jpg' ><img alt='' class='item skip-lazy' data-class='item' data-ftg-source='http:\/\/donlucero.com\/wp-content\/uploads\/2015\/05\/EOT-016-300x200.jpg' src='http:\/\/donlucero.com\/wp-content\/uploads\/2015\/05\/EOT-016-300x200.jpg' width='800' height='533' \/><\/a><div class='ftg-social'><\/div><\/div><div  class='tile ftg-preload  '><a title=\"\" data-lightbox='ftg-88' rel='ftg-88'  class=' tile-inner  ftg-lightbox' href='https:\/\/donlucero.com\/wp-content\/uploads\/2015\/05\/EOT-015.jpg' ><img alt='' class='item skip-lazy' data-class='item' data-ftg-source='http:\/\/donlucero.com\/wp-content\/uploads\/2015\/05\/EOT-015-300x200.jpg' src='http:\/\/donlucero.com\/wp-content\/uploads\/2015\/05\/EOT-015-300x200.jpg' width='800' height='533' \/><\/a><div class='ftg-social'><\/div><\/div><div  class='tile ftg-preload  '><a title=\"\" data-lightbox='ftg-88' rel='ftg-88'  class=' tile-inner  ftg-lightbox' href='https:\/\/donlucero.com\/wp-content\/uploads\/2015\/05\/EOT-014.jpg' ><img alt='' class='item skip-lazy' data-class='item' data-ftg-source='http:\/\/donlucero.com\/wp-content\/uploads\/2015\/05\/EOT-014-300x200.jpg' src='http:\/\/donlucero.com\/wp-content\/uploads\/2015\/05\/EOT-014-300x200.jpg' width='800' height='533' \/><\/a><div class='ftg-social'><\/div><\/div><div  class='tile ftg-preload  '><a title=\"\" data-lightbox='ftg-88' rel='ftg-88'  class=' tile-inner  ftg-lightbox' href='https:\/\/donlucero.com\/wp-content\/uploads\/2015\/05\/EOT-013.jpg' ><img alt='' class='item skip-lazy' data-class='item' data-ftg-source='http:\/\/donlucero.com\/wp-content\/uploads\/2015\/05\/EOT-013-300x200.jpg' src='http:\/\/donlucero.com\/wp-content\/uploads\/2015\/05\/EOT-013-300x200.jpg' width='800' height='533' \/><\/a><div class='ftg-social'><\/div><\/div><div  class='tile ftg-preload  '><a title=\"\" data-lightbox='ftg-88' rel='ftg-88'  class=' tile-inner  ftg-lightbox' href='https:\/\/donlucero.com\/wp-content\/uploads\/2015\/05\/EOT-012.jpg' ><img alt='' class='item skip-lazy' data-class='item' data-ftg-source='http:\/\/donlucero.com\/wp-content\/uploads\/2015\/05\/EOT-012-300x200.jpg' src='http:\/\/donlucero.com\/wp-content\/uploads\/2015\/05\/EOT-012-300x200.jpg' width='800' height='533' \/><\/a><div class='ftg-social'><\/div><\/div><div  class='tile ftg-preload  '><a title=\"\" data-lightbox='ftg-88' rel='ftg-88'  class=' tile-inner  ftg-lightbox' href='https:\/\/donlucero.com\/wp-content\/uploads\/2015\/05\/EOT-011.jpg' ><img alt='' class='item skip-lazy' data-class='item' data-ftg-source='http:\/\/donlucero.com\/wp-content\/uploads\/2015\/05\/EOT-011-300x200.jpg' src='http:\/\/donlucero.com\/wp-content\/uploads\/2015\/05\/EOT-011-300x200.jpg' width='800' height='533' \/><\/a><div class='ftg-social'><\/div><\/div><div  class='tile ftg-preload  '><a title=\"\" data-lightbox='ftg-88' rel='ftg-88'  class=' tile-inner  ftg-lightbox' href='https:\/\/donlucero.com\/wp-content\/uploads\/2015\/05\/EOT-011_1.jpg' ><img alt='' class='item skip-lazy' data-class='item' data-ftg-source='http:\/\/donlucero.com\/wp-content\/uploads\/2015\/05\/EOT-011_1-300x200.jpg' src='http:\/\/donlucero.com\/wp-content\/uploads\/2015\/05\/EOT-011_1-300x200.jpg' width='800' height='533' \/><\/a><div class='ftg-social'><\/div><\/div><div  class='tile ftg-preload  '><a title=\"\" data-lightbox='ftg-88' rel='ftg-88'  class=' tile-inner  ftg-lightbox' href='https:\/\/donlucero.com\/wp-content\/uploads\/2015\/05\/EOT-010.jpg' ><img alt='' class='item skip-lazy' data-class='item' data-ftg-source='http:\/\/donlucero.com\/wp-content\/uploads\/2015\/05\/EOT-010-300x200.jpg' src='http:\/\/donlucero.com\/wp-content\/uploads\/2015\/05\/EOT-010-300x200.jpg' width='800' height='533' \/><\/a><div class='ftg-social'><\/div><\/div><div  class='tile ftg-preload  '><a title=\"\" data-lightbox='ftg-88' rel='ftg-88'  class=' tile-inner  ftg-lightbox' href='https:\/\/donlucero.com\/wp-content\/uploads\/2015\/05\/EOT-009.jpg' ><img alt='' class='item skip-lazy' data-class='item' data-ftg-source='http:\/\/donlucero.com\/wp-content\/uploads\/2015\/05\/EOT-009-300x200.jpg' src='http:\/\/donlucero.com\/wp-content\/uploads\/2015\/05\/EOT-009-300x200.jpg' width='800' height='533' \/><\/a><div class='ftg-social'><\/div><\/div><div  class='tile ftg-preload  '><a title=\"\" data-lightbox='ftg-88' rel='ftg-88'  class=' tile-inner  ftg-lightbox' href='https:\/\/donlucero.com\/wp-content\/uploads\/2015\/05\/EOT-008.jpg' ><img alt='' class='item skip-lazy' data-class='item' data-ftg-source='http:\/\/donlucero.com\/wp-content\/uploads\/2015\/05\/EOT-008-300x200.jpg' src='http:\/\/donlucero.com\/wp-content\/uploads\/2015\/05\/EOT-008-300x200.jpg' width='800' height='533' \/><\/a><div class='ftg-social'><\/div><\/div><div  class='tile ftg-preload  '><a title=\"\" data-lightbox='ftg-88' rel='ftg-88'  class=' tile-inner  ftg-lightbox' href='https:\/\/donlucero.com\/wp-content\/uploads\/2015\/05\/EOT-007.jpg' ><img alt='' class='item skip-lazy' data-class='item' data-ftg-source='http:\/\/donlucero.com\/wp-content\/uploads\/2015\/05\/EOT-007-300x200.jpg' src='http:\/\/donlucero.com\/wp-content\/uploads\/2015\/05\/EOT-007-300x200.jpg' width='800' height='533' \/><\/a><div class='ftg-social'><\/div><\/div><div  class='tile ftg-preload  '><a title=\"\" data-lightbox='ftg-88' rel='ftg-88'  class=' tile-inner  ftg-lightbox' href='https:\/\/donlucero.com\/wp-content\/uploads\/2015\/05\/EOT-006.jpg' ><img alt='' class='item skip-lazy' data-class='item' data-ftg-source='http:\/\/donlucero.com\/wp-content\/uploads\/2015\/05\/EOT-006-300x200.jpg' src='http:\/\/donlucero.com\/wp-content\/uploads\/2015\/05\/EOT-006-300x200.jpg' width='800' height='533' \/><\/a><div class='ftg-social'><\/div><\/div><div  class='tile ftg-preload  '><a title=\"\" data-lightbox='ftg-88' rel='ftg-88'  class=' tile-inner  ftg-lightbox' href='https:\/\/donlucero.com\/wp-content\/uploads\/2015\/05\/EOT-005.jpg' ><img alt='' class='item skip-lazy' data-class='item' data-ftg-source='http:\/\/donlucero.com\/wp-content\/uploads\/2015\/05\/EOT-005-300x200.jpg' src='http:\/\/donlucero.com\/wp-content\/uploads\/2015\/05\/EOT-005-300x200.jpg' width='800' height='533' \/><\/a><div class='ftg-social'><\/div><\/div><div  class='tile ftg-preload  '><a title=\"\" data-lightbox='ftg-88' rel='ftg-88'  class=' tile-inner  ftg-lightbox' href='https:\/\/donlucero.com\/wp-content\/uploads\/2015\/05\/EOT-004.jpg' ><img alt='' class='item skip-lazy' data-class='item' data-ftg-source='http:\/\/donlucero.com\/wp-content\/uploads\/2015\/05\/EOT-004-300x200.jpg' src='http:\/\/donlucero.com\/wp-content\/uploads\/2015\/05\/EOT-004-300x200.jpg' width='800' height='533' \/><\/a><div class='ftg-social'><\/div><\/div><div  class='tile ftg-preload  '><a title=\"\" data-lightbox='ftg-88' rel='ftg-88'  class=' tile-inner  ftg-lightbox' href='https:\/\/donlucero.com\/wp-content\/uploads\/2015\/05\/EOT-003.jpg' ><img alt='' class='item skip-lazy' data-class='item' data-ftg-source='http:\/\/donlucero.com\/wp-content\/uploads\/2015\/05\/EOT-003-300x200.jpg' src='http:\/\/donlucero.com\/wp-content\/uploads\/2015\/05\/EOT-003-300x200.jpg' width='800' height='533' \/><\/a><div class='ftg-social'><\/div><\/div><div  class='tile ftg-preload  '><a title=\"\" data-lightbox='ftg-88' rel='ftg-88'  class=' tile-inner  ftg-lightbox' href='https:\/\/donlucero.com\/wp-content\/uploads\/2015\/05\/EOT-002.jpg' ><img alt='' class='item skip-lazy' data-class='item' data-ftg-source='http:\/\/donlucero.com\/wp-content\/uploads\/2015\/05\/EOT-002-300x200.jpg' src='http:\/\/donlucero.com\/wp-content\/uploads\/2015\/05\/EOT-002-300x200.jpg' width='800' height='533' \/><\/a><div class='ftg-social'><\/div><\/div><div  class='tile ftg-preload  '><a title=\"\" data-lightbox='ftg-88' rel='ftg-88'  class=' tile-inner  ftg-lightbox' href='https:\/\/donlucero.com\/wp-content\/uploads\/2015\/05\/EOT-001.jpg' ><img alt='' class='item skip-lazy' data-class='item' data-ftg-source='http:\/\/donlucero.com\/wp-content\/uploads\/2015\/05\/EOT-001-300x200.jpg' src='http:\/\/donlucero.com\/wp-content\/uploads\/2015\/05\/EOT-001-300x200.jpg' width='800' height='533' \/><\/a><div class='ftg-social'><\/div><\/div><\/div><\/div><script type='text\/javascript'>jQuery('#ftg-88 img.item').removeAttr('src');jQuery(document).ready(function () {setTimeout(function () {jQuery('#ftg-88').finalTilesGallery({minTileWidth: 100,margin: 3,loadMethod: 'sequential',nonce: 'a00309efc0',galleryId: '8',setupFilters: true,layout: 'columns',debug: false,gridSize: 43,disableGridSizeBelow:800,allowEnlargement: true,columns: [[4000, 4],[1024, 4],[800, 3],[480, 3],[320, 2]],selectedFilter: 'n-a'});jQuery(function () {(function () {var rel = '';jQuery('#ftg-88 .ftg-lightbox').click(function (e) {rel = jQuery(this).attr('rel');jQuery('#ftg-88 .ftg-current').removeClass('ftg-current');jQuery('#ftg-88 [rel=\"'+rel+'\"]').addClass('ftg-current');});})();});}, 0);});<\/script>\n<div class=\"projectInfoTitle font1\">Sinopsis<\/div>\n<p>Una comedia dirigida por Ana \u00c1lvarez, producida por Wonderland Entertainment, escrita por Edduardo Viera y Ana \u00c1lvarez, y con pinta de acabar en pel\u00edcula de \u00e9xito, tal como le ocurri\u00f3 a otras obras pasadas al celuloide, como \u201cLa cena de los idiotas\u201d. Una fant\u00e1stica ensalada, que van ali\u00f1ando con mucho gusto Xavier Deltell y Edduardo Viera. El primero representa la estabilidad de la madurez, propietario de una galer\u00eda de arte, adinerado y con ganas de revivir una segunda juventud. El segundo, un universitario vigor\u00e9xico y presumido, con m\u00e1s encanto que recursos. Ambos, compa\u00f1eros de piso, se sienten atra\u00eddos por la misma mujer. Dos amigos que entran en una batalla por conquistar el trofeo m\u00e1s preciado por un hombre. Un combate de virilidad y testosterona donde los p\u00fagiles lucen sus facultades f\u00edsicas e intelectuales. \u201c\u00bfEstudias o Trabajas?\u201d es una de esas comedias que con enorme talento, demuestran una vez m\u00e1s que, el teatro en Espa\u00f1a, se caracteriza por trabajos cercanos al espectador nacional. Un p\u00fablico que rebosaba en el teatro, y que aplaud\u00eda agradecido las carcajadas tan dif\u00edciles de sacar con la situaci\u00f3n actual.<\/p>\n<div class=\"projectInfoTitle font1\">Ficha T\u00e9cnica<\/div>\n<ul>\n<li>Productora: Wonderland<\/li>\n<li>Actores: Xavier Deltell y Edduardo Viera<\/li>\n<li>Direcci\u00f3n: Ana \u00c1lvarez<\/li>\n<li>&nbsp;Dise\u00f1o de Iluminaci\u00f3n Ezequiel Nobili<\/li>\n<li>Direcci\u00f3n T\u00e9cnica: Carol Mesa<\/li>\n<li>Dise\u00f1o sonido: Miki Guirao<\/li>\n<\/ul>\n<div class=\"projectInfoTitle font1\">Links<\/div>\n<ul>\n<li><a href=\"https:\/\/www.facebook.com\/pages\/Estudias-o-trabajas\/293097580865824\" target=\"_blank\" rel=\"noopener\">Facebook<\/a><\/li>\n<li><a href=\"https:\/\/www.facebook.com\/donlucero123\/media_set?set=a.659872034092728.100002098126955&amp;type=3\" target=\"_blank\" rel=\"noopener\">Facebook fotos<\/a><\/li>\n<\/ul>\n","protected":false},"excerpt":{"rendered":"<p>Teatro Calder\u00f3n Madrid Espa\u00f1a 2014 Sinopsis Una comedia dirigida por Ana \u00c1lvarez, producida por Wonderland Entertainment, escrita por Edduardo Viera y Ana \u00c1lvarez, y con pinta de acabar en pel\u00edcula de \u00e9xito, tal como le ocurri\u00f3 a otras obras pasadas al celuloide, como \u201cLa cena de los idiotas\u201d. Una fant\u00e1stica ensalada, que van ali\u00f1ando con<\/p>\n","protected":false},"author":1,"featured_media":0,"parent":0,"menu_order":0,"comment_status":"open","ping_status":"open","template":"","meta":[],"_links":{"self":[{"href":"https:\/\/donlucero.com\/index.php\/wp-json\/wp\/v2\/pages\/1439"}],"collection":[{"href":"https:\/\/donlucero.com\/index.php\/wp-json\/wp\/v2\/pages"}],"about":[{"href":"https:\/\/donlucero.com\/index.php\/wp-json\/wp\/v2\/types\/page"}],"author":[{"embeddable":true,"href":"https:\/\/donlucero.com\/index.php\/wp-json\/wp\/v2\/users\/1"}],"replies":[{"embeddable":true,"href":"https:\/\/donlucero.com\/index.php\/wp-json\/wp\/v2\/comments?post=1439"}],"version-history":[{"count":7,"href":"https:\/\/donlucero.com\/index.php\/wp-json\/wp\/v2\/pages\/1439\/revisions"}],"predecessor-version":[{"id":2103,"href":"https:\/\/donlucero.com\/index.php\/wp-json\/wp\/v2\/pages\/1439\/revisions\/2103"}],"wp:attachment":[{"href":"https:\/\/donlucero.com\/index.php\/wp-json\/wp\/v2\/media?parent=1439"}],"curies":[{"name":"wp","href":"https:\/\/api.w.org\/{rel}","templated":true}]}}