{"id":1462,"date":"2015-05-04T18:27:27","date_gmt":"2015-05-04T18:27:27","guid":{"rendered":"http:\/\/donlucero.com\/?page_id=1462"},"modified":"2023-07-15T16:33:37","modified_gmt":"2023-07-15T16:33:37","slug":"asi-nos-va","status":"publish","type":"page","link":"https:\/\/donlucero.com\/index.php\/asi-nos-va","title":{"rendered":"As\u00ed nos va"},"content":{"rendered":"<div class=\"projectInfoTitle font1\">Madrid Espa\u00f1a 2013<\/div>\n<!-- Final Tiles Grid Gallery for WordPress v3.5.8 free --><style>#ftg-99 .tile .icon { color:#ffffff; }#ftg-99 .ftg-items .loading-bar i { background:#666; }#ftg-99 .ftg-items .loading-bar { background:#fff; }#ftg-99 .tile .icon { font-size:12px; }#ftg-99 .tile .icon { margin: -6px 0 0 -6px; }#ftg-99 .tile .caption-block .text-wrapper span.text { font-size:12px; }#ftg-99 .tile .caption-outside .text-wrapper span.text { font-size:12px; }#ftg-99 .tile .caption-block .text-wrapper span.title { font-size:14px; }#ftg-99 .tile .caption-outside .text-wrapper span.title { font-size:14px; }#ftg-99 .tile { background-color: transparent; }#ftg-99 .tile .caption-block .text-wrapper span.text { color: #ffffff; }#ftg-99 .tile .caption-block .text-wrapper span.title { color: #ffffff; }#ftg-99 .tile .caption-outside .text-wrapper span.text { color: #ffffff; }#ftg-99 .tile .caption-outside .text-wrapper span.title { color: #ffffff; }#ftg-99 .tile .ftg-social a { color: #ffffff; }#ftg-99 .tile .caption-block { transition-duration:0.25s; }#ftg-99 .tile .tile-inner:before { background-color: #000000; }#ftg-99 .tile .tile-inner:before { background-color: rgba(0, 0, 0, 0.8); }#ftg-99 .tile:hover img {-moz-transform: ;-webkit-transform: ;-o-transform: ;-ms-transform: ;transform: ;}#ftg-99 .tile .icon {-moz-transition: all .5s;-webkit-transition: all .5s;-o-transition: all .5s;-ms-transition: all .5s;transition: all .5s;}#ftg-99 .tile:hover .icon {-moz-transform: rotate(360deg);-webkit-transform: rotate(360deg);-o-transform: rotate(360deg);-ms-transform: rotate(360deg);transform: rotate(360deg);}<\/style><a name='9'><\/a><div class='final-tiles-gallery  ftg-hover-enabled caption-inside  caption-none caption-middle caption-center' id='ftg-99' style='width:100%'><div class='ftg-items'><div class='loading-bar'><i><\/i><\/div><div  class='tile ftg-preload  '><a title=\"\" data-lightbox='ftg-99' rel='ftg-99'  class=' tile-inner  ftg-lightbox' href='https:\/\/donlucero.com\/wp-content\/uploads\/2015\/05\/1280x720-UGX1-1024x576.jpg' ><img alt='' class='item skip-lazy' data-class='item' data-ftg-source='http:\/\/donlucero.com\/wp-content\/uploads\/2015\/05\/1280x720-UGX1-300x169.jpg' src='http:\/\/donlucero.com\/wp-content\/uploads\/2015\/05\/1280x720-UGX1-300x169.jpg' width='1280' height='720' \/><\/a><div class='ftg-social'><\/div><\/div><div  class='tile ftg-preload  '><a title=\"\" data-lightbox='ftg-99' rel='ftg-99'  class=' tile-inner  ftg-lightbox' href='https:\/\/donlucero.com\/wp-content\/uploads\/2015\/05\/45296_188891301259967_1465352825_n1.jpg' ><img alt='' class='item skip-lazy' data-class='item' data-ftg-source='http:\/\/donlucero.com\/wp-content\/uploads\/2015\/05\/45296_188891301259967_1465352825_n1-300x171.jpg' src='http:\/\/donlucero.com\/wp-content\/uploads\/2015\/05\/45296_188891301259967_1465352825_n1-300x171.jpg' width='706' height='402' \/><\/a><div class='ftg-social'><\/div><\/div><div  class='tile ftg-preload  '><a title=\"\" data-lightbox='ftg-99' rel='ftg-99'  class=' tile-inner  ftg-lightbox' href='https:\/\/donlucero.com\/wp-content\/uploads\/2015\/05\/465876_193148927500871_2023805302_o1-1024x768.jpg' ><img alt='' class='item skip-lazy' data-class='item' data-ftg-source='http:\/\/donlucero.com\/wp-content\/uploads\/2015\/05\/465876_193148927500871_2023805302_o1-300x225.jpg' src='http:\/\/donlucero.com\/wp-content\/uploads\/2015\/05\/465876_193148927500871_2023805302_o1-300x225.jpg' width='1024' height='768' \/><\/a><div class='ftg-social'><\/div><\/div><div  class='tile ftg-preload  '><a title=\"\" data-lightbox='ftg-99' rel='ftg-99'  class=' tile-inner  ftg-lightbox' href='https:\/\/donlucero.com\/wp-content\/uploads\/2015\/05\/922286_196778393804591_689915014_o1-1024x683.jpg' ><img alt='' class='item skip-lazy' data-class='item' data-ftg-source='http:\/\/donlucero.com\/wp-content\/uploads\/2015\/05\/922286_196778393804591_689915014_o1-300x200.jpg' src='http:\/\/donlucero.com\/wp-content\/uploads\/2015\/05\/922286_196778393804591_689915014_o1-300x200.jpg' width='2048' height='1365' \/><\/a><div class='ftg-social'><\/div><\/div><div  class='tile ftg-preload  '><a title=\"\" data-lightbox='ftg-99' rel='ftg-99'  class=' tile-inner  ftg-lightbox' href='https:\/\/donlucero.com\/wp-content\/uploads\/2015\/05\/20130605-195610-Copiar1-1024x576.jpg' ><img alt='' class='item skip-lazy' data-class='item' data-ftg-source='http:\/\/donlucero.com\/wp-content\/uploads\/2015\/05\/20130605-195610-Copiar1-300x169.jpg' src='http:\/\/donlucero.com\/wp-content\/uploads\/2015\/05\/20130605-195610-Copiar1-300x169.jpg' width='1600' height='900' \/><\/a><div class='ftg-social'><\/div><\/div><div  class='tile ftg-preload  '><a title=\"\" data-lightbox='ftg-99' rel='ftg-99'  class=' tile-inner  ftg-lightbox' href='https:\/\/donlucero.com\/wp-content\/uploads\/2015\/05\/8473870473_4360149a15_k1-1024x683.jpg' ><img alt='' class='item skip-lazy' data-class='item' data-ftg-source='http:\/\/donlucero.com\/wp-content\/uploads\/2015\/05\/8473870473_4360149a15_k1-300x200.jpg' src='http:\/\/donlucero.com\/wp-content\/uploads\/2015\/05\/8473870473_4360149a15_k1-300x200.jpg' width='2048' height='1365' \/><\/a><div class='ftg-social'><\/div><\/div><div  class='tile ftg-preload  '><a title=\"\" data-lightbox='ftg-99' rel='ftg-99'  class=' tile-inner  ftg-lightbox' href='https:\/\/donlucero.com\/wp-content\/uploads\/2015\/05\/8474958568_ea60e75092_o1-1024x683.jpg' ><img alt='' class='item skip-lazy' data-class='item' data-ftg-source='http:\/\/donlucero.com\/wp-content\/uploads\/2015\/05\/8474958568_ea60e75092_o1-300x200.jpg' src='http:\/\/donlucero.com\/wp-content\/uploads\/2015\/05\/8474958568_ea60e75092_o1-300x200.jpg' width='4938' height='3292' \/><\/a><div class='ftg-social'><\/div><\/div><div  class='tile ftg-preload  '><a title=\"\" data-lightbox='ftg-99' rel='ftg-99'  class=' tile-inner  ftg-lightbox' href='https:\/\/donlucero.com\/wp-content\/uploads\/2015\/05\/8474958568_ea60e75092_o2-1024x683.jpg' ><img alt='' class='item skip-lazy' data-class='item' data-ftg-source='http:\/\/donlucero.com\/wp-content\/uploads\/2015\/05\/8474958568_ea60e75092_o2-300x200.jpg' src='http:\/\/donlucero.com\/wp-content\/uploads\/2015\/05\/8474958568_ea60e75092_o2-300x200.jpg' width='4938' height='3292' \/><\/a><div class='ftg-social'><\/div><\/div><div  class='tile ftg-preload  '><a title=\"\" data-lightbox='ftg-99' rel='ftg-99'  class=' tile-inner  ftg-lightbox' href='https:\/\/donlucero.com\/wp-content\/uploads\/2015\/05\/8474959318_cdc446509a_o1-1024x683.jpg' ><img alt='' class='item skip-lazy' data-class='item' data-ftg-source='http:\/\/donlucero.com\/wp-content\/uploads\/2015\/05\/8474959318_cdc446509a_o1-300x200.jpg' src='http:\/\/donlucero.com\/wp-content\/uploads\/2015\/05\/8474959318_cdc446509a_o1-300x200.jpg' width='5184' height='3456' \/><\/a><div class='ftg-social'><\/div><\/div><div  class='tile ftg-preload  '><a title=\"http:\/\/www.mejoreschops.com\" data-lightbox='ftg-99' rel='ftg-99'  class=' tile-inner  ftg-lightbox' href='https:\/\/donlucero.com\/wp-content\/uploads\/2015\/05\/escote-anna-simon-asi-nos-va-251-1024x587.jpg' ><img alt='http:\/\/www.mejoreschops.com' class='item skip-lazy' data-class='item' data-ftg-source='http:\/\/donlucero.com\/wp-content\/uploads\/2015\/05\/escote-anna-simon-asi-nos-va-251-300x172.jpg' src='http:\/\/donlucero.com\/wp-content\/uploads\/2015\/05\/escote-anna-simon-asi-nos-va-251-300x172.jpg' width='1222' height='700' \/><div class='caption-block'><div class='text-wrapper'><\/div><\/div><\/a><div class='ftg-social'><\/div><\/div><div  class='tile ftg-preload  '><a title=\"\" data-lightbox='ftg-99' rel='ftg-99'  class=' tile-inner  ftg-lightbox' href='https:\/\/donlucero.com\/wp-content\/uploads\/2015\/05\/IMG_31961-1024x765.jpg' ><img alt='' class='item skip-lazy' data-class='item' data-ftg-source='http:\/\/donlucero.com\/wp-content\/uploads\/2015\/05\/IMG_31961-300x224.jpg' src='http:\/\/donlucero.com\/wp-content\/uploads\/2015\/05\/IMG_31961-300x224.jpg' width='1600' height='1195' \/><\/a><div class='ftg-social'><\/div><\/div><div  class='tile ftg-preload  '><a title=\"http:\/\/www.mejoreschops.com\" data-lightbox='ftg-99' rel='ftg-99'  class=' tile-inner  ftg-lightbox' href='https:\/\/donlucero.com\/wp-content\/uploads\/2015\/05\/marta-marquez-21-1024x596.jpg' ><img alt='http:\/\/www.mejoreschops.com' class='item skip-lazy' data-class='item' data-ftg-source='http:\/\/donlucero.com\/wp-content\/uploads\/2015\/05\/marta-marquez-21-300x175.jpg' src='http:\/\/donlucero.com\/wp-content\/uploads\/2015\/05\/marta-marquez-21-300x175.jpg' width='1222' height='711' \/><div class='caption-block'><div class='text-wrapper'><\/div><\/div><\/a><div class='ftg-social'><\/div><\/div><div  class='tile ftg-preload  '><a title=\"\" data-lightbox='ftg-99' rel='ftg-99'  class=' tile-inner  ftg-lightbox' href='https:\/\/donlucero.com\/wp-content\/uploads\/2015\/05\/simon-101-1024x576.jpg' ><img alt='' class='item skip-lazy' data-class='item' data-ftg-source='http:\/\/donlucero.com\/wp-content\/uploads\/2015\/05\/simon-101-300x169.jpg' src='http:\/\/donlucero.com\/wp-content\/uploads\/2015\/05\/simon-101-300x169.jpg' width='1600' height='900' \/><\/a><div class='ftg-social'><\/div><\/div><\/div><\/div><script type='text\/javascript'>jQuery('#ftg-99 img.item').removeAttr('src');jQuery(document).ready(function () {setTimeout(function () {jQuery('#ftg-99').finalTilesGallery({minTileWidth: 100,margin: 2,loadMethod: 'sequential',nonce: '84b0307649',galleryId: '9',setupFilters: true,layout: 'columns',debug: false,gridSize: 43,disableGridSizeBelow:800,allowEnlargement: true,columns: [[4000, 3],[1024, 4],[800, 3],[480, 3],[320, 2]],selectedFilter: 'n-a'});jQuery(function () {(function () {var rel = '';jQuery('#ftg-99 .ftg-lightbox').click(function (e) {rel = jQuery(this).attr('rel');jQuery('#ftg-99 .ftg-current').removeClass('ftg-current');jQuery('#ftg-99 [rel=\"'+rel+'\"]').addClass('ftg-current');});})();});}, 0);});<\/script>\n<div class=\"projectInfoTitle font1\">Sinopsis<\/div>\n<p>As\u00ed nos va fue un programa de televisi\u00f3n que emiti\u00f3 89 episodios en directo en la sobremesa de La Sexta desde el 18 de febrero de 2013 y hasta el 28 de junio de 2013. Un programa de humor basado en hechos reales. Producido por 7yacci\u00f3n y presentado por Florentino Fern\u00e1ndez y Anna Sim\u00f3n se trata de un formato en directo que, de lunes a viernes, acerca a los espectadores las noticias m\u00e1s destacadas del d\u00eda. Pol\u00edtica, econom\u00eda, sociedad, cultura, deportes\u2026 todo contado desde un punto de vista ir\u00f3nico y divertido con la ayuda de los colaboradores del programa: Sergi M\u00e1s, Adriana Abenia, Ra\u00fal G\u00f3mez, Marta M\u00e1rquez, Nene y Eva Cabezas. Reportajes, estrenos, an\u00e1lisis de la actualidad, mesa de debate, parodias, zapping televisivo y concursos en directo, que combinan a la perfecci\u00f3n informaci\u00f3n y entretenimiento.<\/p>\n<div class=\"projectInfoTitle font1\">Experiencia<\/div>\n<p>La propuesta de un decorado y mobiliario todo de cart\u00f3n result\u00f3 un espacio muy interesante para iluminar, pero a la vez ten\u00eda un compromiso importante en la respuesta de las texturas en c\u00e1mara en contraste con los personajes. Respecto a las acciones y contenidos, puedo decir que si bien ten\u00edamos una escaleta ajustada y con ritmo, al ser en directo y con Flo a los mandos ten\u00edamos que estar preparados para lo que pudiera suceder. Los decorados funcionaron muy bien a las texturas y colores creando ambientes relajados a las diferentes secciones, apoyando a una iluminaci\u00f3n clara, suave y legible para la hora de emisi\u00f3n.<\/p>\n<div class=\"projectInfoTitle font1\">Ficha T\u00e9cnica<\/div>\n<ul>\n<li>Productora 7 y Acci\u00f3n<\/li>\n<li>Productor Jorge Salvador<\/li>\n<li>Presentadores Florentino Fern\u00e1ndez y Anna Sim\u00f3n<\/li>\n<li>Colaboradores Sergi M\u00e1s, Adriana Abenia, Ra\u00fal G\u00f3mez, Marta M\u00e1rquez, Nene y Eva Cabezas.<\/li>\n<li>Cadena de Televisi\u00f3n La Sexta<\/li>\n<li>Director Juan G. Rodriguez<\/li>\n<li>Dise\u00f1o Decorados V\u00e9rtice Estudios<\/li>\n<li>Empresa de Sonido e Iluminaci\u00f3n LSL Log\u00edstica de Sonido y Luces<\/li>\n<li>Empresa de video Videoreport<\/li>\n<li>Dise\u00f1o de Iluminaci\u00f3n Ezequiel Nobili<\/li>\n<li>Jefe de Iluminaci\u00f3n Chus Fern\u00e1ndez El\u00e9ctrico: Mario Gallego<\/li>\n<\/ul>\n<div class=\"projectInfoTitle font1\">Links<\/div>\n<ul>\n<li><a href=\"http:\/\/www.7yaccion.com\/programas\/asi-nos-va\/\" target=\"_blank\" rel=\"noopener\">Pagina productora<\/a><\/li>\n<li><a href=\"http:\/\/www.lasexta.com\/programas\/asi-nos-va\/\" target=\"_blank\" rel=\"noopener\">Web Antena<\/a><\/li>\n<li><a href=\"http:\/\/www.lasexta.com\/programas\/asi-nos-va\/mejores-momentos\/flo-sido-temporada-estupenda_2013062800259.html\" target=\"_blank\" rel=\"noopener\">Link videos<\/a><\/li>\n<li><a href=\"https:\/\/www.flickr.com\/photos\/flofdez\/\" target=\"_blank\" rel=\"noopener\">Fotos<\/a><\/li>\n<li><a href=\"http:\/\/es.wikipedia.org\/wiki\/As%C3%AD_nos_va_(programa_de_televisi\u00f3n)\" target=\"_blank\" rel=\"noopener\">Wikipedia espa\u00f1ol<\/a><\/li>\n<\/ul>\n","protected":false},"excerpt":{"rendered":"<p>Madrid Espa\u00f1a 2013 Sinopsis As\u00ed nos va fue un programa de televisi\u00f3n que emiti\u00f3 89 episodios en directo en la sobremesa de La Sexta desde el 18 de febrero de 2013 y hasta el 28 de junio de 2013. Un programa de humor basado en hechos reales. Producido por 7yacci\u00f3n y presentado por Florentino Fern\u00e1ndez<\/p>\n","protected":false},"author":1,"featured_media":0,"parent":0,"menu_order":0,"comment_status":"open","ping_status":"open","template":"","meta":[],"_links":{"self":[{"href":"https:\/\/donlucero.com\/index.php\/wp-json\/wp\/v2\/pages\/1462"}],"collection":[{"href":"https:\/\/donlucero.com\/index.php\/wp-json\/wp\/v2\/pages"}],"about":[{"href":"https:\/\/donlucero.com\/index.php\/wp-json\/wp\/v2\/types\/page"}],"author":[{"embeddable":true,"href":"https:\/\/donlucero.com\/index.php\/wp-json\/wp\/v2\/users\/1"}],"replies":[{"embeddable":true,"href":"https:\/\/donlucero.com\/index.php\/wp-json\/wp\/v2\/comments?post=1462"}],"version-history":[{"count":6,"href":"https:\/\/donlucero.com\/index.php\/wp-json\/wp\/v2\/pages\/1462\/revisions"}],"predecessor-version":[{"id":2104,"href":"https:\/\/donlucero.com\/index.php\/wp-json\/wp\/v2\/pages\/1462\/revisions\/2104"}],"wp:attachment":[{"href":"https:\/\/donlucero.com\/index.php\/wp-json\/wp\/v2\/media?parent=1462"}],"curies":[{"name":"wp","href":"https:\/\/api.w.org\/{rel}","templated":true}]}}