{"id":1521,"date":"2015-05-08T18:37:55","date_gmt":"2015-05-08T18:37:55","guid":{"rendered":"http:\/\/donlucero.com\/?page_id=1521"},"modified":"2023-07-15T16:39:16","modified_gmt":"2023-07-15T16:39:16","slug":"javier-calamaro","status":"publish","type":"page","link":"https:\/\/donlucero.com\/index.php\/javier-calamaro","title":{"rendered":"Javier Calamaro"},"content":{"rendered":"<div class=\"projectInfoTitle font1\">Iluminado, Septiembre 2001, La Trastienda &#8211; Bs. As.- Argentina<\/div>\n<!-- Final Tiles Grid Gallery for WordPress v3.5.8 free --><style>#ftg-1111 .tile .icon { color:#ffffff; }#ftg-1111 .ftg-items .loading-bar i { background:#666; }#ftg-1111 .ftg-items .loading-bar { background:#fff; }#ftg-1111 .tile .icon { font-size:12px; }#ftg-1111 .tile .icon { margin: -6px 0 0 -6px; }#ftg-1111 .tile .caption-block .text-wrapper span.text { font-size:12px; }#ftg-1111 .tile .caption-outside .text-wrapper span.text { font-size:12px; }#ftg-1111 .tile .caption-block .text-wrapper span.title { font-size:14px; }#ftg-1111 .tile .caption-outside .text-wrapper span.title { font-size:14px; }#ftg-1111 .tile { background-color: transparent; }#ftg-1111 .tile .caption-block .text-wrapper span.text { color: #ffffff; }#ftg-1111 .tile .caption-block .text-wrapper span.title { color: #ffffff; }#ftg-1111 .tile .caption-outside .text-wrapper span.text { color: #ffffff; }#ftg-1111 .tile .caption-outside .text-wrapper span.title { color: #ffffff; }#ftg-1111 .tile .ftg-social a { color: #ffffff; }#ftg-1111 .tile .caption-block { transition-timing-function:linear; }#ftg-1111 .tile .caption-block { transition-duration:0.25s; }#ftg-1111 .tile .tile-inner:before { background-color: #000000; }#ftg-1111 .tile .tile-inner:before { background-color: rgba(0, 0, 0, 0.8); }#ftg-1111 .tile .icon {-moz-transition: all .5s;-webkit-transition: all .5s;-o-transition: all .5s;-ms-transition: all .5s;transition: all .5s;}#ftg-1111 .tile:hover .icon {-moz-transform: rotate(360deg);-webkit-transform: rotate(360deg);-o-transform: rotate(360deg);-ms-transform: rotate(360deg);transform: rotate(360deg);}<\/style><a name='11'><\/a><div class='final-tiles-gallery  ftg-hover-enabled caption-inside  caption-none caption-middle caption-center' id='ftg-1111' style='width:100%'><div class='ftg-items'><div class='loading-bar'><i><\/i><\/div><div  class='tile ftg-preload  '><a data-title=\"\"  rel='ftg-1111'  class=' tile-inner  ftg-lightbox' href='https:\/\/donlucero.com\/wp-content\/uploads\/2012\/07\/181637_103742366372367_2808963_n-copia.jpg' ><img alt='' class='item skip-lazy' data-class='item' data-ftg-source='http:\/\/donlucero.com\/wp-content\/uploads\/2012\/07\/181637_103742366372367_2808963_n-copia-214x300.jpg' src='http:\/\/donlucero.com\/wp-content\/uploads\/2012\/07\/181637_103742366372367_2808963_n-copia-214x300.jpg' width='250' height='350' \/><\/a><div class='ftg-social'><\/div><\/div><div  class='tile ftg-preload  '><a data-title=\"\"  rel='ftg-1111'  class=' tile-inner  ftg-lightbox' href='https:\/\/donlucero.com\/wp-content\/uploads\/2012\/07\/183947_103742279705709_397034_n-copia.jpg' ><img alt='' class='item skip-lazy' data-class='item' data-ftg-source='http:\/\/donlucero.com\/wp-content\/uploads\/2012\/07\/183947_103742279705709_397034_n-copia-300x210.jpg' src='http:\/\/donlucero.com\/wp-content\/uploads\/2012\/07\/183947_103742279705709_397034_n-copia-300x210.jpg' width='500' height='350' \/><\/a><div class='ftg-social'><\/div><\/div><div  class='tile ftg-preload  '><a data-title=\"\"  rel='ftg-1111'  class=' tile-inner  ftg-lightbox' href='https:\/\/donlucero.com\/wp-content\/uploads\/2012\/07\/184026_103742233039047_4553989_n-copia.jpg' ><img alt='' class='item skip-lazy' data-class='item' data-ftg-source='http:\/\/donlucero.com\/wp-content\/uploads\/2012\/07\/184026_103742233039047_4553989_n-copia-300x210.jpg' src='http:\/\/donlucero.com\/wp-content\/uploads\/2012\/07\/184026_103742233039047_4553989_n-copia-300x210.jpg' width='500' height='350' \/><\/a><div class='ftg-social'><\/div><\/div><div  class='tile ftg-preload  '><a data-title=\"\"  rel='ftg-1111'  class=' tile-inner  ftg-lightbox' href='https:\/\/donlucero.com\/wp-content\/uploads\/2012\/07\/184104_103742423039028_4178952_n-copia.jpg' ><img alt='' class='item skip-lazy' data-class='item' data-ftg-source='http:\/\/donlucero.com\/wp-content\/uploads\/2012\/07\/184104_103742423039028_4178952_n-copia-300x210.jpg' src='http:\/\/donlucero.com\/wp-content\/uploads\/2012\/07\/184104_103742423039028_4178952_n-copia-300x210.jpg' width='500' height='350' \/><\/a><div class='ftg-social'><\/div><\/div><div  class='tile ftg-preload  '><a data-title=\"\"  rel='ftg-1111'  class=' tile-inner  ftg-lightbox' href='https:\/\/donlucero.com\/wp-content\/uploads\/2012\/07\/184804_103742166372387_7764378_n-copia.jpg' ><img alt='' class='item skip-lazy' data-class='item' data-ftg-source='http:\/\/donlucero.com\/wp-content\/uploads\/2012\/07\/184804_103742166372387_7764378_n-copia-300x210.jpg' src='http:\/\/donlucero.com\/wp-content\/uploads\/2012\/07\/184804_103742166372387_7764378_n-copia-300x210.jpg' width='500' height='350' \/><\/a><div class='ftg-social'><\/div><\/div><div  class='tile ftg-preload  '><a data-title=\"\"  rel='ftg-1111'  class=' tile-inner  ftg-lightbox' href='https:\/\/donlucero.com\/wp-content\/uploads\/2012\/07\/calamaro_preview-copia.jpg' ><img alt='' class='item skip-lazy' data-class='item' data-ftg-source='http:\/\/donlucero.com\/wp-content\/uploads\/2012\/07\/calamaro_preview-copia.jpg' src='http:\/\/donlucero.com\/wp-content\/uploads\/2012\/07\/calamaro_preview-copia.jpg' width='260' height='180' \/><\/a><div class='ftg-social'><\/div><\/div><\/div><\/div><script type='text\/javascript'>jQuery('#ftg-1111 img.item').removeAttr('src');jQuery(document).ready(function () {setTimeout(function () {jQuery('#ftg-1111').finalTilesGallery({minTileWidth: 100,margin: 2,loadMethod: 'sequential',nonce: 'aa1e967417',galleryId: '11',setupFilters: true,layout: 'final',debug: false,gridSize: 43,disableGridSizeBelow:800,allowEnlargement: true,imageSizeFactor: [ [4000, 0.9],[1024, 0.8],[768, 0.7],[640, 0.6],[320, 0.5]],selectedFilter: 'n-a'});jQuery(function () {(function () {var rel = '';jQuery('#ftg-1111 .ftg-lightbox').click(function (e) {rel = jQuery(this).attr('rel');jQuery('#ftg-1111 .ftg-current').removeClass('ftg-current');jQuery('#ftg-1111 [rel=\"'+rel+'\"]').addClass('ftg-current');});})();jQuery('#ftg-1111').magnificPopup({type:'image', zoom: {enabled: true, duration: 300, easing: 'ease-in-out' },image: { titleSrc: 'data-title' }, gallery: { enabled: true }, delegate: '.tile:not(.ftg-filter-hidden-tile) .ftg-lightbox.ftg-current',});jQuery('#ftg-1111 .ftg-lightbox-iframe').magnificPopup({type:'iframe',});});}, 0);});<\/script>\n<div class=\"projectInfoTitle font1\">Sinopsis<\/div>\n<p>Javier Calamaro, hermano de Andr\u00e9s, lider\u00f3 bandas como El Corte y Los Guarros, antes de lanzarse a su carrera solista \u00abIluminado\u00bb, el tercer trabajo discogr\u00e1fico de Javier Calamaro, fue grabado \u00edntegramente en vivo en el mes de setiembre de 2001 en La Trastienda, y recorre toda su carrera art\u00edstica desde la grupal a la solista de este cantautor.<\/p>\n<div class=\"projectInfoTitle font1\">Experiencia<\/div>\n<p>Consult\u00e9 a mi amigo y colega Wady Rodr\u00edguez que pod\u00eda hacer para Javier. Fuimos a ver el lugar juntos tomamos fotos y realizamos una propuesta. La cual gust\u00f3 much\u00edsimo, el problema eran los costos. Ah\u00ed en mas, junto con Woly manager de la banda empezamos a ver que pod\u00edamos conseguir para conservar la est\u00e9tica del dise\u00f1o y abaratar la realizaci\u00f3n. Como imagen central utiliz\u00e9 la proyecci\u00f3n de una l\u00e1mpara de aceite sobre una tela acr\u00edlica blanca, hacia los lados y en las columnas del estudio improvisado vestimos el lugar de telas con dise\u00f1os batik. La realizaci\u00f3n de la misma estuvo a cargo de Blanca Vega. El mobiliario lo conseguimos en una casa de antig\u00fcedades por canje, adem\u00e1s pusimos velas por todos lados, que dieron un efecto de calidez incre\u00edble. La puesta de luces la arm\u00e9 para la TV, el director fue \u201cOso\u201d P\u00e9rez .&nbsp; La verdad es que con pocos elementos, se logr\u00f3 ambientar y dar un buen look para este especial.<\/p>\n<div class=\"projectInfoTitle font1\">Ficha T\u00e9cnica<\/div>\n<ul>\n<li>Direcci\u00f3n TV: Oso P\u00e9rez<\/li>\n<li>Dise\u00f1o Escenograf\u00eda: Blanca Vega<\/li>\n<li>Dise\u00f1o Iluminaci\u00f3n: Ezequiel Nobili<\/li>\n<li>Jefe de Producci\u00f3n: Woly Fioravanti<\/li>\n<li>Fotos: Del Fenar<\/li>\n<\/ul>\n<div class=\"projectInfoTitle font1\">Links<\/div>\n<ul>\n<li><a href=\"http:\/\/www.javiercalamaro.com.ar\" target=\"_blank\" rel=\"noopener\">Web oficial<\/a><\/li>\n<li><a href=\"https:\/\/www.facebook.com\/javiercalamaroweb\" target=\"_blank\" rel=\"noopener\">Facebook<\/a><\/li>\n<\/ul>\n","protected":false},"excerpt":{"rendered":"<p>Iluminado, Septiembre 2001, La Trastienda &#8211; Bs. As.- Argentina Sinopsis Javier Calamaro, hermano de Andr\u00e9s, lider\u00f3 bandas como El Corte y Los Guarros, antes de lanzarse a su carrera solista \u00abIluminado\u00bb, el tercer trabajo discogr\u00e1fico de Javier Calamaro, fue grabado \u00edntegramente en vivo en el mes de setiembre de 2001 en La Trastienda, y recorre<\/p>\n","protected":false},"author":1,"featured_media":0,"parent":0,"menu_order":0,"comment_status":"open","ping_status":"open","template":"","meta":[],"_links":{"self":[{"href":"https:\/\/donlucero.com\/index.php\/wp-json\/wp\/v2\/pages\/1521"}],"collection":[{"href":"https:\/\/donlucero.com\/index.php\/wp-json\/wp\/v2\/pages"}],"about":[{"href":"https:\/\/donlucero.com\/index.php\/wp-json\/wp\/v2\/types\/page"}],"author":[{"embeddable":true,"href":"https:\/\/donlucero.com\/index.php\/wp-json\/wp\/v2\/users\/1"}],"replies":[{"embeddable":true,"href":"https:\/\/donlucero.com\/index.php\/wp-json\/wp\/v2\/comments?post=1521"}],"version-history":[{"count":15,"href":"https:\/\/donlucero.com\/index.php\/wp-json\/wp\/v2\/pages\/1521\/revisions"}],"predecessor-version":[{"id":2110,"href":"https:\/\/donlucero.com\/index.php\/wp-json\/wp\/v2\/pages\/1521\/revisions\/2110"}],"wp:attachment":[{"href":"https:\/\/donlucero.com\/index.php\/wp-json\/wp\/v2\/media?parent=1521"}],"curies":[{"name":"wp","href":"https:\/\/api.w.org\/{rel}","templated":true}]}}