{"id":1531,"date":"2015-05-08T19:02:54","date_gmt":"2015-05-08T19:02:54","guid":{"rendered":"http:\/\/donlucero.com\/?page_id=1531"},"modified":"2023-07-15T16:44:54","modified_gmt":"2023-07-15T16:44:54","slug":"veractiva","status":"publish","type":"page","link":"https:\/\/donlucero.com\/index.php\/veractiva","title":{"rendered":"Veractiva"},"content":{"rendered":"<div class=\"projectInfoTitle font1\">Agosto 2006, recinto Ferial Vera- Almer\u00eda &#8211; Espa\u00f1a<\/div>\n<!-- Final Tiles Grid Gallery for WordPress v3.5.8 free --><style>#ftg-1515 .tile .icon { color:#ffffff; }#ftg-1515 .ftg-items .loading-bar i { background:#666; }#ftg-1515 .ftg-items .loading-bar { background:#fff; }#ftg-1515 .tile .icon { font-size:12px; }#ftg-1515 .tile .icon { margin: -6px 0 0 -6px; }#ftg-1515 .tile .caption-block .text-wrapper span.text { font-size:12px; }#ftg-1515 .tile .caption-outside .text-wrapper span.text { font-size:12px; }#ftg-1515 .tile .caption-block .text-wrapper span.title { font-size:14px; }#ftg-1515 .tile .caption-outside .text-wrapper span.title { font-size:14px; }#ftg-1515 .tile { background-color: transparent; }#ftg-1515 .tile .caption-block .text-wrapper span.text { color: #ffffff; }#ftg-1515 .tile .caption-block .text-wrapper span.title { color: #ffffff; }#ftg-1515 .tile .caption-outside .text-wrapper span.text { color: #ffffff; }#ftg-1515 .tile .caption-outside .text-wrapper span.title { color: #ffffff; }#ftg-1515 .tile .ftg-social a { color: #ffffff; }#ftg-1515 .tile .caption-block { transition-duration:0.25s; }#ftg-1515 .tile .tile-inner:before { background-color: #000000; }#ftg-1515 .tile .tile-inner:before { background-color: rgba(0, 0, 0, 0.8); }#ftg-1515 .tile:hover img {-moz-transform: ;-webkit-transform: ;-o-transform: ;-ms-transform: ;transform: ;}#ftg-1515 .tile .icon {-moz-transition: all .5s;-webkit-transition: all .5s;-o-transition: all .5s;-ms-transition: all .5s;transition: all .5s;}#ftg-1515 .tile:hover .icon {-moz-transform: rotate(360deg);-webkit-transform: rotate(360deg);-o-transform: rotate(360deg);-ms-transform: rotate(360deg);transform: rotate(360deg);}<\/style><a name='15'><\/a><div class='final-tiles-gallery  ftg-hover-enabled caption-inside  caption-none caption-middle caption-center' id='ftg-1515' style='width:100%'><div class='ftg-items'><div  class='tile ftg-preload  '><a title=\"\" data-lightbox='ftg-1515' rel='ftg-1515'  class=' tile-inner  ftg-lightbox' href='https:\/\/donlucero.com\/wp-content\/uploads\/2012\/07\/180935_103733959706541_3771333_n.jpg' ><img alt='' class='item skip-lazy' data-class='item' data-ftg-source='http:\/\/donlucero.com\/wp-content\/uploads\/2012\/07\/180935_103733959706541_3771333_n-300x225.jpg' src='http:\/\/donlucero.com\/wp-content\/uploads\/2012\/07\/180935_103733959706541_3771333_n-300x225.jpg' width='720' height='540' \/><\/a><div class='ftg-social'><\/div><\/div><div  class='tile ftg-preload  '><a title=\"\" data-lightbox='ftg-1515' rel='ftg-1515'  class=' tile-inner  ftg-lightbox' href='https:\/\/donlucero.com\/wp-content\/uploads\/2012\/07\/182212_103733893039881_3189127_n.jpg' ><img alt='' class='item skip-lazy' data-class='item' data-ftg-source='http:\/\/donlucero.com\/wp-content\/uploads\/2012\/07\/182212_103733893039881_3189127_n-300x225.jpg' src='http:\/\/donlucero.com\/wp-content\/uploads\/2012\/07\/182212_103733893039881_3189127_n-300x225.jpg' width='720' height='540' \/><\/a><div class='ftg-social'><\/div><\/div><div  class='tile ftg-preload  '><a title=\"\" data-lightbox='ftg-1515' rel='ftg-1515'  class=' tile-inner  ftg-lightbox' href='https:\/\/donlucero.com\/wp-content\/uploads\/2012\/07\/182483_103733743039896_3263611_n.jpg' ><img alt='' class='item skip-lazy' data-class='item' data-ftg-source='http:\/\/donlucero.com\/wp-content\/uploads\/2012\/07\/182483_103733743039896_3263611_n-300x225.jpg' src='http:\/\/donlucero.com\/wp-content\/uploads\/2012\/07\/182483_103733743039896_3263611_n-300x225.jpg' width='720' height='540' \/><\/a><div class='ftg-social'><\/div><\/div><div  class='tile ftg-preload  '><a title=\"\" data-lightbox='ftg-1515' rel='ftg-1515'  class=' tile-inner  ftg-lightbox' href='https:\/\/donlucero.com\/wp-content\/uploads\/2012\/07\/182916_103733623039908_7802976_n.jpg' ><img alt='' class='item skip-lazy' data-class='item' data-ftg-source='http:\/\/donlucero.com\/wp-content\/uploads\/2012\/07\/182916_103733623039908_7802976_n-300x225.jpg' src='http:\/\/donlucero.com\/wp-content\/uploads\/2012\/07\/182916_103733623039908_7802976_n-300x225.jpg' width='720' height='540' \/><\/a><div class='ftg-social'><\/div><\/div><div  class='tile ftg-preload  '><a title=\"\" data-lightbox='ftg-1515' rel='ftg-1515'  class=' tile-inner  ftg-lightbox' href='https:\/\/donlucero.com\/wp-content\/uploads\/2012\/07\/183108_103733843039886_1577396_n.jpg' ><img alt='' class='item skip-lazy' data-class='item' data-ftg-source='http:\/\/donlucero.com\/wp-content\/uploads\/2012\/07\/183108_103733843039886_1577396_n-300x225.jpg' src='http:\/\/donlucero.com\/wp-content\/uploads\/2012\/07\/183108_103733843039886_1577396_n-300x225.jpg' width='720' height='540' \/><\/a><div class='ftg-social'><\/div><\/div><div  class='tile ftg-preload  '><a title=\"\" data-lightbox='ftg-1515' rel='ftg-1515'  class=' tile-inner  ftg-lightbox' href='https:\/\/donlucero.com\/wp-content\/uploads\/2012\/07\/183420_103733929706544_1496627_n.jpg' ><img alt='' class='item skip-lazy' data-class='item' data-ftg-source='http:\/\/donlucero.com\/wp-content\/uploads\/2012\/07\/183420_103733929706544_1496627_n-300x225.jpg' src='http:\/\/donlucero.com\/wp-content\/uploads\/2012\/07\/183420_103733929706544_1496627_n-300x225.jpg' width='720' height='540' \/><\/a><div class='ftg-social'><\/div><\/div><div  class='tile ftg-preload  '><a title=\"\" data-lightbox='ftg-1515' rel='ftg-1515'  class=' tile-inner  ftg-lightbox' href='https:\/\/donlucero.com\/wp-content\/uploads\/2012\/07\/183545_103733663039904_2916277_n.jpg' ><img alt='' class='item skip-lazy' data-class='item' data-ftg-source='http:\/\/donlucero.com\/wp-content\/uploads\/2012\/07\/183545_103733663039904_2916277_n-300x225.jpg' src='http:\/\/donlucero.com\/wp-content\/uploads\/2012\/07\/183545_103733663039904_2916277_n-300x225.jpg' width='720' height='540' \/><\/a><div class='ftg-social'><\/div><\/div><\/div><\/div><script type='text\/javascript'>jQuery('#ftg-1515 img.item').removeAttr('src');jQuery(document).ready(function () {setTimeout(function () {jQuery('#ftg-1515').finalTilesGallery({minTileWidth: 100,margin: 2,loadMethod: 'lazy',nonce: 'da0ec19fc3',galleryId: '15',setupFilters: true,layout: 'columns',debug: false,gridSize: 43,disableGridSizeBelow:800,allowEnlargement: true,columns: [[4000, 4],[1024, 4],[800, 3],[480, 3],[320, 2]],selectedFilter: 'n-a'});jQuery(function () {(function () {var rel = '';jQuery('#ftg-1515 .ftg-lightbox').click(function (e) {rel = jQuery(this).attr('rel');jQuery('#ftg-1515 .ftg-current').removeClass('ftg-current');jQuery('#ftg-1515 [rel=\"'+rel+'\"]').addClass('ftg-current');});})();});}, 0);});<\/script>\n<div class=\"projectInfoTitle font1\">Descripci\u00f3n<\/div>\n<p>Veractiva es una feria vers\u00e1til que ha encontrado la clave para vencer a las altas temperaturas veraniegas. Se celebra durante la primera semana de agosto y su oferta de ocio la han convertido en una cita imprescindible para aquellos que buscan divertirse.<\/p>\n<div class=\"projectInfoTitle font1\">Links<\/div>\n<ul>\n<li><a href=\"https:\/\/es.wikipedia.org\/wiki\/Vera_(Almer%C3%ADa)\">Wikipedia<\/a><\/li>\n<\/ul>\n","protected":false},"excerpt":{"rendered":"<p>Agosto 2006, recinto Ferial Vera- Almer\u00eda &#8211; Espa\u00f1a Descripci\u00f3n Veractiva es una feria vers\u00e1til que ha encontrado la clave para vencer a las altas temperaturas veraniegas. Se celebra durante la primera semana de agosto y su oferta de ocio la han convertido en una cita imprescindible para aquellos que buscan divertirse. Links Wikipedia<\/p>\n","protected":false},"author":1,"featured_media":0,"parent":0,"menu_order":0,"comment_status":"open","ping_status":"open","template":"","meta":[],"_links":{"self":[{"href":"https:\/\/donlucero.com\/index.php\/wp-json\/wp\/v2\/pages\/1531"}],"collection":[{"href":"https:\/\/donlucero.com\/index.php\/wp-json\/wp\/v2\/pages"}],"about":[{"href":"https:\/\/donlucero.com\/index.php\/wp-json\/wp\/v2\/types\/page"}],"author":[{"embeddable":true,"href":"https:\/\/donlucero.com\/index.php\/wp-json\/wp\/v2\/users\/1"}],"replies":[{"embeddable":true,"href":"https:\/\/donlucero.com\/index.php\/wp-json\/wp\/v2\/comments?post=1531"}],"version-history":[{"count":8,"href":"https:\/\/donlucero.com\/index.php\/wp-json\/wp\/v2\/pages\/1531\/revisions"}],"predecessor-version":[{"id":2124,"href":"https:\/\/donlucero.com\/index.php\/wp-json\/wp\/v2\/pages\/1531\/revisions\/2124"}],"wp:attachment":[{"href":"https:\/\/donlucero.com\/index.php\/wp-json\/wp\/v2\/media?parent=1531"}],"curies":[{"name":"wp","href":"https:\/\/api.w.org\/{rel}","templated":true}]}}