{"id":1533,"date":"2015-05-10T19:21:56","date_gmt":"2015-05-10T19:21:56","guid":{"rendered":"http:\/\/donlucero.com\/?page_id=1533"},"modified":"2023-07-15T16:34:03","modified_gmt":"2023-07-15T16:34:03","slug":"bollywood-shuni-singh","status":"publish","type":"page","link":"https:\/\/donlucero.com\/index.php\/bollywood-shuni-singh","title":{"rendered":"Bollywood, Sunny Singh"},"content":{"rendered":"<div class=\"projectInfoTitle font1\">El Viaje, 2011 &#8211; 2012, Gira Espa\u00f1a<\/div>\n<!-- Final Tiles Grid Gallery for WordPress v3.5.8 free --><style>#ftg-1616 .tile .icon { color:#ffffff; }#ftg-1616 .ftg-items .loading-bar i { background:#666; }#ftg-1616 .ftg-items .loading-bar { background:#fff; }#ftg-1616 .tile .icon { font-size:12px; }#ftg-1616 .tile .icon { margin: -6px 0 0 -6px; }#ftg-1616 .tile .caption-block .text-wrapper span.text { font-size:12px; }#ftg-1616 .tile .caption-outside .text-wrapper span.text { font-size:12px; }#ftg-1616 .tile .caption-block .text-wrapper span.title { font-size:14px; }#ftg-1616 .tile .caption-outside .text-wrapper span.title { font-size:14px; }#ftg-1616 .tile { background-color: transparent; }#ftg-1616 .tile .caption-block .text-wrapper span.text { color: #ffffff; }#ftg-1616 .tile .caption-block .text-wrapper span.title { color: #ffffff; }#ftg-1616 .tile .caption-outside .text-wrapper span.text { color: #ffffff; }#ftg-1616 .tile .caption-outside .text-wrapper span.title { color: #ffffff; }#ftg-1616 .tile .ftg-social a { color: #ffffff; }#ftg-1616 .tile .caption-block { transition-duration:0.25s; }#ftg-1616 .tile .tile-inner:before { background-color: #000000; }#ftg-1616 .tile .tile-inner:before { background-color: rgba(0, 0, 0, 0.8); }#ftg-1616 .tile:hover img {-moz-transform: ;-webkit-transform: ;-o-transform: ;-ms-transform: ;transform: ;}#ftg-1616 .tile .icon {-moz-transition: all .5s;-webkit-transition: all .5s;-o-transition: all .5s;-ms-transition: all .5s;transition: all .5s;}#ftg-1616 .tile:hover .icon {-moz-transform: rotate(360deg);-webkit-transform: rotate(360deg);-o-transform: rotate(360deg);-ms-transform: rotate(360deg);transform: rotate(360deg);}<\/style><a name='16'><\/a><div class='final-tiles-gallery  ftg-hover-enabled caption-inside  caption-none caption-middle caption-center' id='ftg-1616' style='width:100%'><div class='ftg-items'><div class='loading-bar'><i><\/i><\/div><div  class='tile ftg-preload  '><a title=\"\" data-lightbox='ftg-1616' rel='ftg-1616'  class=' tile-inner  ftg-lightbox' href='https:\/\/donlucero.com\/wp-content\/uploads\/2012\/12\/252038_146061015473835_350801_n.jpg' ><img alt='' class='item skip-lazy' data-class='item' data-ftg-source='http:\/\/donlucero.com\/wp-content\/uploads\/2012\/12\/252038_146061015473835_350801_n-300x200.jpg' src='http:\/\/donlucero.com\/wp-content\/uploads\/2012\/12\/252038_146061015473835_350801_n-300x200.jpg' width='720' height='480' \/><\/a><div class='ftg-social'><\/div><\/div><div  class='tile ftg-preload  '><a title=\"\" data-lightbox='ftg-1616' rel='ftg-1616'  class=' tile-inner  ftg-lightbox' href='https:\/\/donlucero.com\/wp-content\/uploads\/2012\/12\/206014_146057855474151_2682951_n.jpg' ><img alt='' class='item skip-lazy' data-class='item' data-ftg-source='http:\/\/donlucero.com\/wp-content\/uploads\/2012\/12\/206014_146057855474151_2682951_n-300x168.jpg' src='http:\/\/donlucero.com\/wp-content\/uploads\/2012\/12\/206014_146057855474151_2682951_n-300x168.jpg' width='720' height='405' \/><\/a><div class='ftg-social'><\/div><\/div><div  class='tile ftg-preload  '><a title=\"\" data-lightbox='ftg-1616' rel='ftg-1616'  class=' tile-inner  ftg-lightbox' href='https:\/\/donlucero.com\/wp-content\/uploads\/2012\/12\/216808_146059365474000_6894586_n.jpg' ><img alt='' class='item skip-lazy' data-class='item' data-ftg-source='http:\/\/donlucero.com\/wp-content\/uploads\/2012\/12\/216808_146059365474000_6894586_n-300x168.jpg' src='http:\/\/donlucero.com\/wp-content\/uploads\/2012\/12\/216808_146059365474000_6894586_n-300x168.jpg' width='720' height='405' \/><\/a><div class='ftg-social'><\/div><\/div><div  class='tile ftg-preload  '><a title=\"\" data-lightbox='ftg-1616' rel='ftg-1616'  class=' tile-inner  ftg-lightbox' href='https:\/\/donlucero.com\/wp-content\/uploads\/2012\/12\/223133_146058808807389_4143439_n.jpg' ><img alt='' class='item skip-lazy' data-class='item' data-ftg-source='http:\/\/donlucero.com\/wp-content\/uploads\/2012\/12\/223133_146058808807389_4143439_n-300x168.jpg' src='http:\/\/donlucero.com\/wp-content\/uploads\/2012\/12\/223133_146058808807389_4143439_n-300x168.jpg' width='720' height='405' \/><\/a><div class='ftg-social'><\/div><\/div><div  class='tile ftg-preload  '><a title=\"\" data-lightbox='ftg-1616' rel='ftg-1616'  class=' tile-inner  ftg-lightbox' href='https:\/\/donlucero.com\/wp-content\/uploads\/2012\/12\/223898_146058272140776_7838646_n.jpg' ><img alt='' class='item skip-lazy' data-class='item' data-ftg-source='http:\/\/donlucero.com\/wp-content\/uploads\/2012\/12\/223898_146058272140776_7838646_n-300x200.jpg' src='http:\/\/donlucero.com\/wp-content\/uploads\/2012\/12\/223898_146058272140776_7838646_n-300x200.jpg' width='720' height='480' \/><\/a><div class='ftg-social'><\/div><\/div><div  class='tile ftg-preload  '><a title=\"\" data-lightbox='ftg-1616' rel='ftg-1616'  class=' tile-inner  ftg-lightbox' href='https:\/\/donlucero.com\/wp-content\/uploads\/2012\/12\/229699_146058038807466_626522_n.jpg' ><img alt='' class='item skip-lazy' data-class='item' data-ftg-source='http:\/\/donlucero.com\/wp-content\/uploads\/2012\/12\/229699_146058038807466_626522_n-300x168.jpg' src='http:\/\/donlucero.com\/wp-content\/uploads\/2012\/12\/229699_146058038807466_626522_n-300x168.jpg' width='720' height='405' \/><\/a><div class='ftg-social'><\/div><\/div><div  class='tile ftg-preload  '><a title=\"\" data-lightbox='ftg-1616' rel='ftg-1616'  class=' tile-inner  ftg-lightbox' href='https:\/\/donlucero.com\/wp-content\/uploads\/2012\/12\/250088_146059638807306_7525383_n.jpg' ><img alt='' class='item skip-lazy' data-class='item' data-ftg-source='http:\/\/donlucero.com\/wp-content\/uploads\/2012\/12\/250088_146059638807306_7525383_n-300x125.jpg' src='http:\/\/donlucero.com\/wp-content\/uploads\/2012\/12\/250088_146059638807306_7525383_n-300x125.jpg' width='720' height='300' \/><\/a><div class='ftg-social'><\/div><\/div><div  class='tile ftg-preload  '><a title=\"\" data-lightbox='ftg-1616' rel='ftg-1616'  class=' tile-inner  ftg-lightbox' href='https:\/\/donlucero.com\/wp-content\/uploads\/2012\/12\/284898_146060012140602_7520082_n.jpg' ><img alt='' class='item skip-lazy' data-class='item' data-ftg-source='http:\/\/donlucero.com\/wp-content\/uploads\/2012\/12\/284898_146060012140602_7520082_n-300x169.jpg' src='http:\/\/donlucero.com\/wp-content\/uploads\/2012\/12\/284898_146060012140602_7520082_n-300x169.jpg' width='720' height='407' \/><\/a><div class='ftg-social'><\/div><\/div><div  class='tile ftg-preload  '><a title=\"\" data-lightbox='ftg-1616' rel='ftg-1616'  class=' tile-inner  ftg-lightbox' href='https:\/\/donlucero.com\/wp-content\/uploads\/2012\/12\/250358_146058415474095_8219523_n.jpg' ><img alt='' class='item skip-lazy' data-class='item' data-ftg-source='http:\/\/donlucero.com\/wp-content\/uploads\/2012\/12\/250358_146058415474095_8219523_n-300x168.jpg' src='http:\/\/donlucero.com\/wp-content\/uploads\/2012\/12\/250358_146058415474095_8219523_n-300x168.jpg' width='720' height='405' \/><\/a><div class='ftg-social'><\/div><\/div><div  class='tile ftg-preload  '><a title=\"\" data-lightbox='ftg-1616' rel='ftg-1616'  class=' tile-inner  ftg-lightbox' href='https:\/\/donlucero.com\/wp-content\/uploads\/2012\/12\/251603_146060708807199_7457503_n.jpg' ><img alt='' class='item skip-lazy' data-class='item' data-ftg-source='http:\/\/donlucero.com\/wp-content\/uploads\/2012\/12\/251603_146060708807199_7457503_n-300x153.jpg' src='http:\/\/donlucero.com\/wp-content\/uploads\/2012\/12\/251603_146060708807199_7457503_n-300x153.jpg' width='720' height='368' \/><\/a><div class='ftg-social'><\/div><\/div><div  class='tile ftg-preload  '><a title=\"\" data-lightbox='ftg-1616' rel='ftg-1616'  class=' tile-inner  ftg-lightbox' href='https:\/\/donlucero.com\/wp-content\/uploads\/2012\/12\/251763_146059762140627_7779792_n.jpg' ><img alt='' class='item skip-lazy' data-class='item' data-ftg-source='http:\/\/donlucero.com\/wp-content\/uploads\/2012\/12\/251763_146059762140627_7779792_n-300x168.jpg' src='http:\/\/donlucero.com\/wp-content\/uploads\/2012\/12\/251763_146059762140627_7779792_n-300x168.jpg' width='720' height='405' \/><\/a><div class='ftg-social'><\/div><\/div><div  class='tile ftg-preload  '><a title=\"\" data-lightbox='ftg-1616' rel='ftg-1616'  class=' tile-inner  ftg-lightbox' href='https:\/\/donlucero.com\/wp-content\/uploads\/2012\/12\/223033_146060155473921_1592558_n.jpg' ><img alt='' class='item skip-lazy' data-class='item' data-ftg-source='http:\/\/donlucero.com\/wp-content\/uploads\/2012\/12\/223033_146060155473921_1592558_n-300x180.jpg' src='http:\/\/donlucero.com\/wp-content\/uploads\/2012\/12\/223033_146060155473921_1592558_n-300x180.jpg' width='720' height='433' \/><\/a><div class='ftg-social'><\/div><\/div><div  class='tile ftg-preload  '><a title=\"\" data-lightbox='ftg-1616' rel='ftg-1616'  class=' tile-inner  ftg-lightbox' href='https:\/\/donlucero.com\/wp-content\/uploads\/2012\/12\/252093_146059272140676_3624764_n.jpg' ><img alt='' class='item skip-lazy' data-class='item' data-ftg-source='http:\/\/donlucero.com\/wp-content\/uploads\/2012\/12\/252093_146059272140676_3624764_n-200x300.jpg' src='http:\/\/donlucero.com\/wp-content\/uploads\/2012\/12\/252093_146059272140676_3624764_n-200x300.jpg' width='480' height='720' \/><\/a><div class='ftg-social'><\/div><\/div><div  class='tile ftg-preload  '><a title=\"\" data-lightbox='ftg-1616' rel='ftg-1616'  class=' tile-inner  ftg-lightbox' href='https:\/\/donlucero.com\/wp-content\/uploads\/2012\/12\/252093_146059832140620_7760674_n.jpg' ><img alt='' class='item skip-lazy' data-class='item' data-ftg-source='http:\/\/donlucero.com\/wp-content\/uploads\/2012\/12\/252093_146059832140620_7760674_n-300x199.jpg' src='http:\/\/donlucero.com\/wp-content\/uploads\/2012\/12\/252093_146059832140620_7760674_n-300x199.jpg' width='720' height='479' \/><\/a><div class='ftg-social'><\/div><\/div><div  class='tile ftg-preload  '><a title=\"\" data-lightbox='ftg-1616' rel='ftg-1616'  class=' tile-inner  ftg-lightbox' href='https:\/\/donlucero.com\/wp-content\/uploads\/2012\/12\/253268_146060575473879_3423527_n.jpg' ><img alt='' class='item skip-lazy' data-class='item' data-ftg-source='http:\/\/donlucero.com\/wp-content\/uploads\/2012\/12\/253268_146060575473879_3423527_n-300x169.jpg' src='http:\/\/donlucero.com\/wp-content\/uploads\/2012\/12\/253268_146060575473879_3423527_n-300x169.jpg' width='720' height='406' \/><\/a><div class='ftg-social'><\/div><\/div><div  class='tile ftg-preload  '><a title=\"\" data-lightbox='ftg-1616' rel='ftg-1616'  class=' tile-inner  ftg-lightbox' href='https:\/\/donlucero.com\/wp-content\/uploads\/2012\/12\/262893_146058582140745_4230222_n.jpg' ><img alt='' class='item skip-lazy' data-class='item' data-ftg-source='http:\/\/donlucero.com\/wp-content\/uploads\/2012\/12\/262893_146058582140745_4230222_n-300x145.jpg' src='http:\/\/donlucero.com\/wp-content\/uploads\/2012\/12\/262893_146058582140745_4230222_n-300x145.jpg' width='720' height='350' \/><\/a><div class='ftg-social'><\/div><\/div><div  class='tile ftg-preload  '><a title=\"\" data-lightbox='ftg-1616' rel='ftg-1616'  class=' tile-inner  ftg-lightbox' href='https:\/\/donlucero.com\/wp-content\/uploads\/2012\/12\/263293_146060308807239_2442433_n.jpg' ><img alt='' class='item skip-lazy' data-class='item' data-ftg-source='http:\/\/donlucero.com\/wp-content\/uploads\/2012\/12\/263293_146060308807239_2442433_n-300x219.jpg' src='http:\/\/donlucero.com\/wp-content\/uploads\/2012\/12\/263293_146060308807239_2442433_n-300x219.jpg' width='720' height='527' \/><\/a><div class='ftg-social'><\/div><\/div><div  class='tile ftg-preload  '><a title=\"\" data-lightbox='ftg-1616' rel='ftg-1616'  class=' tile-inner  ftg-lightbox' href='https:\/\/donlucero.com\/wp-content\/uploads\/2012\/12\/281283_146060475473889_8365376_n.jpg' ><img alt='' class='item skip-lazy' data-class='item' data-ftg-source='http:\/\/donlucero.com\/wp-content\/uploads\/2012\/12\/281283_146060475473889_8365376_n-300x197.jpg' src='http:\/\/donlucero.com\/wp-content\/uploads\/2012\/12\/281283_146060475473889_8365376_n-300x197.jpg' width='720' height='474' \/><\/a><div class='ftg-social'><\/div><\/div><div  class='tile ftg-preload  '><a title=\"\" data-lightbox='ftg-1616' rel='ftg-1616'  class=' tile-inner  ftg-lightbox' href='https:\/\/donlucero.com\/wp-content\/uploads\/2012\/12\/281448_146059505473986_2219438_n.jpg' ><img alt='' class='item skip-lazy' data-class='item' data-ftg-source='http:\/\/donlucero.com\/wp-content\/uploads\/2012\/12\/281448_146059505473986_2219438_n-300x112.jpg' src='http:\/\/donlucero.com\/wp-content\/uploads\/2012\/12\/281448_146059505473986_2219438_n-300x112.jpg' width='720' height='269' \/><\/a><div class='ftg-social'><\/div><\/div><div  class='tile ftg-preload  '><a title=\"\" data-lightbox='ftg-1616' rel='ftg-1616'  class=' tile-inner  ftg-lightbox' href='https:\/\/donlucero.com\/wp-content\/uploads\/2012\/12\/281493_146058885474048_5989966_n.jpg' ><img alt='' class='item skip-lazy' data-class='item' data-ftg-source='http:\/\/donlucero.com\/wp-content\/uploads\/2012\/12\/281493_146058885474048_5989966_n-300x168.jpg' src='http:\/\/donlucero.com\/wp-content\/uploads\/2012\/12\/281493_146058885474048_5989966_n-300x168.jpg' width='720' height='405' \/><\/a><div class='ftg-social'><\/div><\/div><div  class='tile ftg-preload  '><a title=\"\" data-lightbox='ftg-1616' rel='ftg-1616'  class=' tile-inner  ftg-lightbox' href='https:\/\/donlucero.com\/wp-content\/uploads\/2012\/12\/197773_146058745474062_5482864_n.jpg' ><img alt='' class='item skip-lazy' data-class='item' data-ftg-source='http:\/\/donlucero.com\/wp-content\/uploads\/2012\/12\/197773_146058745474062_5482864_n-300x177.jpg' src='http:\/\/donlucero.com\/wp-content\/uploads\/2012\/12\/197773_146058745474062_5482864_n-300x177.jpg' width='720' height='427' \/><\/a><div class='ftg-social'><\/div><\/div><div  class='tile ftg-preload  '><a title=\"\" data-lightbox='ftg-1616' rel='ftg-1616'  class=' tile-inner  ftg-lightbox' href='https:\/\/donlucero.com\/wp-content\/uploads\/2012\/12\/282493_146059035474033_2395323_n.jpg' ><img alt='' class='item skip-lazy' data-class='item' data-ftg-source='http:\/\/donlucero.com\/wp-content\/uploads\/2012\/12\/282493_146059035474033_2395323_n-300x253.jpg' src='http:\/\/donlucero.com\/wp-content\/uploads\/2012\/12\/282493_146059035474033_2395323_n-300x253.jpg' width='720' height='609' \/><\/a><div class='ftg-social'><\/div><\/div><div  class='tile ftg-preload  '><a title=\"\" data-lightbox='ftg-1616' rel='ftg-1616'  class=' tile-inner  ftg-lightbox' href='https:\/\/donlucero.com\/wp-content\/uploads\/2012\/12\/284220_146058158807454_6775749_n.jpg' ><img alt='' class='item skip-lazy' data-class='item' data-ftg-source='http:\/\/donlucero.com\/wp-content\/uploads\/2012\/12\/284220_146058158807454_6775749_n-300x168.jpg' src='http:\/\/donlucero.com\/wp-content\/uploads\/2012\/12\/284220_146058158807454_6775749_n-300x168.jpg' width='720' height='405' \/><\/a><div class='ftg-social'><\/div><\/div><div  class='tile ftg-preload  '><a title=\"\" data-lightbox='ftg-1616' rel='ftg-1616'  class=' tile-inner  ftg-lightbox' href='https:\/\/donlucero.com\/wp-content\/uploads\/2012\/12\/284398_146060895473847_8058515_n.jpg' ><img alt='' class='item skip-lazy' data-class='item' data-ftg-source='http:\/\/donlucero.com\/wp-content\/uploads\/2012\/12\/284398_146060895473847_8058515_n-300x200.jpg' src='http:\/\/donlucero.com\/wp-content\/uploads\/2012\/12\/284398_146060895473847_8058515_n-300x200.jpg' width='720' height='480' \/><\/a><div class='ftg-social'><\/div><\/div><div  class='tile ftg-preload  '><a title=\"\" data-lightbox='ftg-1616' rel='ftg-1616'  class=' tile-inner  ftg-lightbox' href='https:\/\/donlucero.com\/wp-content\/uploads\/2012\/12\/284458_146059162140687_2658580_n.jpg' ><img alt='' class='item skip-lazy' data-class='item' data-ftg-source='http:\/\/donlucero.com\/wp-content\/uploads\/2012\/12\/284458_146059162140687_2658580_n-300x205.jpg' src='http:\/\/donlucero.com\/wp-content\/uploads\/2012\/12\/284458_146059162140687_2658580_n-300x205.jpg' width='720' height='492' \/><\/a><div class='ftg-social'><\/div><\/div><\/div><\/div><script type='text\/javascript'>jQuery('#ftg-1616 img.item').removeAttr('src');jQuery(document).ready(function () {setTimeout(function () {jQuery('#ftg-1616').finalTilesGallery({minTileWidth: 100,margin: 2,loadMethod: 'sequential',nonce: 'd7152a1589',galleryId: '16',setupFilters: true,layout: 'columns',debug: false,gridSize: 43,disableGridSizeBelow:800,allowEnlargement: true,columns: [[4000, 4],[1024, 4],[800, 3],[480, 3],[320, 2]],selectedFilter: 'n-a'});jQuery(function () {(function () {var rel = '';jQuery('#ftg-1616 .ftg-lightbox').click(function (e) {rel = jQuery(this).attr('rel');jQuery('#ftg-1616 .ftg-current').removeClass('ftg-current');jQuery('#ftg-1616 [rel=\"'+rel+'\"]').addClass('ftg-current');});})();});}, 0);});<\/script>\n<div class=\"projectInfoTitle font1\">Sinopsis<\/div>\n<p>Tras el \u00e9xito de la primera musical, el segundo fu\u00e9 \u00abBollywood, el viaje\u00bb, creado para llevar a la audiencia en un viaje a la magia de las pel\u00edculas de Bollywood. Una trama del todo original, creado por Sunny Singh, mientras que la m\u00fasica proven\u00eda de la f\u00e1brica de Bombay (India), con algunas canciones muy conocidas, como la banda sonora de la pel\u00edcula \u00abSlumdog Millionaire\u00bb. M\u00e1s de 30 mil personas han disfrutado de \u00abBollywood, el viaje\u00bb, se agotaron actuaciones, teatros llenos y estimulante \u00e9xito como los logrados en Barcelona en Arteria Paral \u2022 lel y en Madrid en el Teatro Calder\u00f3n.<\/p>\n<div class=\"projectInfoTitle font1\">Experiencia<\/div>\n<p>La propuesta de este \u201cviaje\u201d por diferentes lugares, bailes y trajes propios de la extensa y maravillosa cultura y geograf\u00eda hind\u00fa, con una historia de amor que contar con la danza y el movimiento, fueron las pautas a seguir en el proceso creativo. De ambientes mas calmos y espirituales en los homenajes a los diferentes dioses, a otros de alegr\u00eda y color para la fiesta del Holi, peleas y reencuentros, celebraciones m\u00e1gicas y mas, son algunos momentos que me permitieron resaltar los tonos del magn\u00edfico vestuario, destacar las figuras y dinamizar los bailes, seg\u00fan la obra se desarrolla. D\u00e1ndole un car\u00e1cter visual a cada parte de la estructura, con un sentido global de la misma.<\/p>\n<div class=\"projectInfoTitle font1\">Ficha T\u00e9cnica<\/div>\n<ul>\n<li>Producci\u00f3n: Garoa<\/li>\n<li>Dise\u00f1o Escenograf\u00eda y video: David Deloaysa<\/li>\n<li>Dise\u00f1o Iluminaci\u00f3n: Ezequiel Nobili<\/li>\n<li>Jefa de Producci\u00f3n: Ivonne Villamor<\/li>\n<li>Coreograf\u00eda: Sunny Singh<\/li>\n<\/ul>\n<div class=\"projectInfoTitle font1\">Links<\/div>\n<ul>\n<li><a href=\"http:\/\/bailamosbollywood.es\" target=\"_blank\" rel=\"noopener\">P\u00e1gina del artista<\/a><\/li>\n<li><a href=\"https:\/\/www.facebook.com\/sunny.singhb.9?ref=ts&amp;fref=ts\" target=\"_blank\" rel=\"noopener\">Facebook<\/a><\/li>\n<li><a href=\"https:\/\/youtu.be\/kfxah3CQ0QI\" target=\"_blank\" rel=\"noopener\">Videos enlace 1<\/a><\/li>\n<\/ul>\n","protected":false},"excerpt":{"rendered":"<p>El Viaje, 2011 &#8211; 2012, Gira Espa\u00f1a Sinopsis Tras el \u00e9xito de la primera musical, el segundo fu\u00e9 \u00abBollywood, el viaje\u00bb, creado para llevar a la audiencia en un viaje a la magia de las pel\u00edculas de Bollywood. Una trama del todo original, creado por Sunny Singh, mientras que la m\u00fasica proven\u00eda de la f\u00e1brica<\/p>\n","protected":false},"author":1,"featured_media":0,"parent":0,"menu_order":0,"comment_status":"open","ping_status":"open","template":"","meta":[],"_links":{"self":[{"href":"https:\/\/donlucero.com\/index.php\/wp-json\/wp\/v2\/pages\/1533"}],"collection":[{"href":"https:\/\/donlucero.com\/index.php\/wp-json\/wp\/v2\/pages"}],"about":[{"href":"https:\/\/donlucero.com\/index.php\/wp-json\/wp\/v2\/types\/page"}],"author":[{"embeddable":true,"href":"https:\/\/donlucero.com\/index.php\/wp-json\/wp\/v2\/users\/1"}],"replies":[{"embeddable":true,"href":"https:\/\/donlucero.com\/index.php\/wp-json\/wp\/v2\/comments?post=1533"}],"version-history":[{"count":12,"href":"https:\/\/donlucero.com\/index.php\/wp-json\/wp\/v2\/pages\/1533\/revisions"}],"predecessor-version":[{"id":2100,"href":"https:\/\/donlucero.com\/index.php\/wp-json\/wp\/v2\/pages\/1533\/revisions\/2100"}],"wp:attachment":[{"href":"https:\/\/donlucero.com\/index.php\/wp-json\/wp\/v2\/media?parent=1533"}],"curies":[{"name":"wp","href":"https:\/\/api.w.org\/{rel}","templated":true}]}}