{"id":1535,"date":"2015-05-10T19:29:55","date_gmt":"2015-05-10T19:29:55","guid":{"rendered":"http:\/\/donlucero.com\/?page_id=1535"},"modified":"2023-07-15T16:40:55","modified_gmt":"2023-07-15T16:40:55","slug":"musicalcomplices","status":"publish","type":"page","link":"https:\/\/donlucero.com\/index.php\/musicalcomplices","title":{"rendered":"Musical de Complices, es por ti"},"content":{"rendered":"<div class=\"projectInfoTitle font1\">Madrid &#8211; 2010, Teatro Haagen-Dasz Calder\u00f3n<\/div>\n<!-- Final Tiles Grid Gallery for WordPress v3.5.8 free --><style>#ftg-1717 .tile .icon { color:#ffffff; }#ftg-1717 .ftg-items .loading-bar i { background:#666; }#ftg-1717 .ftg-items .loading-bar { background:#fff; }#ftg-1717 .tile .icon { font-size:12px; }#ftg-1717 .tile .icon { margin: -6px 0 0 -6px; }#ftg-1717 .tile .caption-block .text-wrapper span.text { font-size:12px; }#ftg-1717 .tile .caption-outside .text-wrapper span.text { font-size:12px; }#ftg-1717 .tile .caption-block .text-wrapper span.title { font-size:14px; }#ftg-1717 .tile .caption-outside .text-wrapper span.title { font-size:14px; }#ftg-1717 .tile { background-color: transparent; }#ftg-1717 .tile .caption-block .text-wrapper span.text { color: #ffffff; }#ftg-1717 .tile .caption-block .text-wrapper span.title { color: #ffffff; }#ftg-1717 .tile .caption-outside .text-wrapper span.text { color: #ffffff; }#ftg-1717 .tile .caption-outside .text-wrapper span.title { color: #ffffff; }#ftg-1717 .tile .ftg-social a { color: #ffffff; }#ftg-1717 .tile .caption-block { transition-duration:0.25s; }#ftg-1717 .tile .tile-inner:before { background-color: #000000; }#ftg-1717 .tile .tile-inner:before { background-color: rgba(0, 0, 0, 0.8); }#ftg-1717 .tile:hover img {-moz-transform: ;-webkit-transform: ;-o-transform: ;-ms-transform: ;transform: ;}#ftg-1717 .tile .icon {-moz-transition: all .5s;-webkit-transition: all .5s;-o-transition: all .5s;-ms-transition: all .5s;transition: all .5s;}#ftg-1717 .tile:hover .icon {-moz-transform: rotate(360deg);-webkit-transform: rotate(360deg);-o-transform: rotate(360deg);-ms-transform: rotate(360deg);transform: rotate(360deg);}<\/style><a name='17'><\/a><div class='final-tiles-gallery  ftg-hover-enabled caption-inside  caption-none caption-middle caption-center' id='ftg-1717' style='width:100%'><div class='ftg-items'><div class='loading-bar'><i><\/i><\/div><div  class='tile ftg-preload  '><a title=\"\" data-lightbox='ftg-1717' rel='ftg-1717'  class=' tile-inner  ftg-lightbox' href='https:\/\/donlucero.com\/wp-content\/uploads\/2012\/12\/IMG_7034_web.jpg' ><img alt='' class='item skip-lazy' data-class='item' data-ftg-source='http:\/\/donlucero.com\/wp-content\/uploads\/2012\/12\/IMG_7034_web-300x200.jpg' src='http:\/\/donlucero.com\/wp-content\/uploads\/2012\/12\/IMG_7034_web-300x200.jpg' width='836' height='558' \/><\/a><div class='ftg-social'><\/div><\/div><div  class='tile ftg-preload  '><a title=\"\" data-lightbox='ftg-1717' rel='ftg-1717'  class=' tile-inner  ftg-lightbox' href='https:\/\/donlucero.com\/wp-content\/uploads\/2012\/12\/IMG_7046_web.jpg' ><img alt='' class='item skip-lazy' data-class='item' data-ftg-source='http:\/\/donlucero.com\/wp-content\/uploads\/2012\/12\/IMG_7046_web-300x200.jpg' src='http:\/\/donlucero.com\/wp-content\/uploads\/2012\/12\/IMG_7046_web-300x200.jpg' width='811' height='541' \/><\/a><div class='ftg-social'><\/div><\/div><div  class='tile ftg-preload  '><a title=\"\" data-lightbox='ftg-1717' rel='ftg-1717'  class=' tile-inner  ftg-lightbox' href='https:\/\/donlucero.com\/wp-content\/uploads\/2012\/12\/IMG_7086_web.jpg' ><img alt='' class='item skip-lazy' data-class='item' data-ftg-source='http:\/\/donlucero.com\/wp-content\/uploads\/2012\/12\/IMG_7086_web-300x200.jpg' src='http:\/\/donlucero.com\/wp-content\/uploads\/2012\/12\/IMG_7086_web-300x200.jpg' width='723' height='483' \/><\/a><div class='ftg-social'><\/div><\/div><div  class='tile ftg-preload  '><a title=\"\" data-lightbox='ftg-1717' rel='ftg-1717'  class=' tile-inner  ftg-lightbox' href='https:\/\/donlucero.com\/wp-content\/uploads\/2012\/12\/IMG_7137_web.jpg' ><img alt='' class='item skip-lazy' data-class='item' data-ftg-source='http:\/\/donlucero.com\/wp-content\/uploads\/2012\/12\/IMG_7137_web-199x300.jpg' src='http:\/\/donlucero.com\/wp-content\/uploads\/2012\/12\/IMG_7137_web-199x300.jpg' width='565' height='849' \/><\/a><div class='ftg-social'><\/div><\/div><div  class='tile ftg-preload  '><a title=\"\" data-lightbox='ftg-1717' rel='ftg-1717'  class=' tile-inner  ftg-lightbox' href='https:\/\/donlucero.com\/wp-content\/uploads\/2012\/12\/IMG_7143_web.jpg' ><img alt='' class='item skip-lazy' data-class='item' data-ftg-source='http:\/\/donlucero.com\/wp-content\/uploads\/2012\/12\/IMG_7143_web-199x300.jpg' src='http:\/\/donlucero.com\/wp-content\/uploads\/2012\/12\/IMG_7143_web-199x300.jpg' width='500' height='752' \/><\/a><div class='ftg-social'><\/div><\/div><div  class='tile ftg-preload  '><a title=\"\" data-lightbox='ftg-1717' rel='ftg-1717'  class=' tile-inner  ftg-lightbox' href='https:\/\/donlucero.com\/wp-content\/uploads\/2012\/12\/IMG_7177_web.jpg' ><img alt='' class='item skip-lazy' data-class='item' data-ftg-source='http:\/\/donlucero.com\/wp-content\/uploads\/2012\/12\/IMG_7177_web-300x200.jpg' src='http:\/\/donlucero.com\/wp-content\/uploads\/2012\/12\/IMG_7177_web-300x200.jpg' width='848' height='566' \/><\/a><div class='ftg-social'><\/div><\/div><div  class='tile ftg-preload  '><a title=\"\" data-lightbox='ftg-1717' rel='ftg-1717'  class=' tile-inner  ftg-lightbox' href='https:\/\/donlucero.com\/wp-content\/uploads\/2012\/12\/IMG_7208_web.jpg' ><img alt='' class='item skip-lazy' data-class='item' data-ftg-source='http:\/\/donlucero.com\/wp-content\/uploads\/2012\/12\/IMG_7208_web-300x200.jpg' src='http:\/\/donlucero.com\/wp-content\/uploads\/2012\/12\/IMG_7208_web-300x200.jpg' width='848' height='566' \/><\/a><div class='ftg-social'><\/div><\/div><div  class='tile ftg-preload  '><a title=\"\" data-lightbox='ftg-1717' rel='ftg-1717'  class=' tile-inner  ftg-lightbox' href='https:\/\/donlucero.com\/wp-content\/uploads\/2012\/12\/IMG_7229_web.jpg' ><img alt='' class='item skip-lazy' data-class='item' data-ftg-source='http:\/\/donlucero.com\/wp-content\/uploads\/2012\/12\/IMG_7229_web-300x200.jpg' src='http:\/\/donlucero.com\/wp-content\/uploads\/2012\/12\/IMG_7229_web-300x200.jpg' width='848' height='566' \/><\/a><div class='ftg-social'><\/div><\/div><div  class='tile ftg-preload  '><a title=\"\" data-lightbox='ftg-1717' rel='ftg-1717'  class=' tile-inner  ftg-lightbox' href='https:\/\/donlucero.com\/wp-content\/uploads\/2012\/12\/IMG_7248_web.jpg' ><img alt='' class='item skip-lazy' data-class='item' data-ftg-source='http:\/\/donlucero.com\/wp-content\/uploads\/2012\/12\/IMG_7248_web-199x300.jpg' src='http:\/\/donlucero.com\/wp-content\/uploads\/2012\/12\/IMG_7248_web-199x300.jpg' width='565' height='849' \/><\/a><div class='ftg-social'><\/div><\/div><div  class='tile ftg-preload  '><a title=\"\" data-lightbox='ftg-1717' rel='ftg-1717'  class=' tile-inner  ftg-lightbox' href='https:\/\/donlucero.com\/wp-content\/uploads\/2012\/12\/IMG_7284_web.jpg' ><img alt='' class='item skip-lazy' data-class='item' data-ftg-source='http:\/\/donlucero.com\/wp-content\/uploads\/2012\/12\/IMG_7284_web-300x200.jpg' src='http:\/\/donlucero.com\/wp-content\/uploads\/2012\/12\/IMG_7284_web-300x200.jpg' width='791' height='528' \/><\/a><div class='ftg-social'><\/div><\/div><div  class='tile ftg-preload  '><a title=\"\" data-lightbox='ftg-1717' rel='ftg-1717'  class=' tile-inner  ftg-lightbox' href='https:\/\/donlucero.com\/wp-content\/uploads\/2012\/12\/IMG_7325_web.jpg' ><img alt='' class='item skip-lazy' data-class='item' data-ftg-source='http:\/\/donlucero.com\/wp-content\/uploads\/2012\/12\/IMG_7325_web-300x200.jpg' src='http:\/\/donlucero.com\/wp-content\/uploads\/2012\/12\/IMG_7325_web-300x200.jpg' width='848' height='566' \/><\/a><div class='ftg-social'><\/div><\/div><div  class='tile ftg-preload  '><a title=\"\" data-lightbox='ftg-1717' rel='ftg-1717'  class=' tile-inner  ftg-lightbox' href='https:\/\/donlucero.com\/wp-content\/uploads\/2012\/12\/IMG_7420_web.jpg' ><img alt='' class='item skip-lazy' data-class='item' data-ftg-source='http:\/\/donlucero.com\/wp-content\/uploads\/2012\/12\/IMG_7420_web-300x200.jpg' src='http:\/\/donlucero.com\/wp-content\/uploads\/2012\/12\/IMG_7420_web-300x200.jpg' width='848' height='566' \/><\/a><div class='ftg-social'><\/div><\/div><div  class='tile ftg-preload  '><a title=\"\" data-lightbox='ftg-1717' rel='ftg-1717'  class=' tile-inner  ftg-lightbox' href='https:\/\/donlucero.com\/wp-content\/uploads\/2012\/12\/IMG_7455_web.jpg' ><img alt='' class='item skip-lazy' data-class='item' data-ftg-source='http:\/\/donlucero.com\/wp-content\/uploads\/2012\/12\/IMG_7455_web-199x300.jpg' src='http:\/\/donlucero.com\/wp-content\/uploads\/2012\/12\/IMG_7455_web-199x300.jpg' width='565' height='849' \/><\/a><div class='ftg-social'><\/div><\/div><div  class='tile ftg-preload  '><a title=\"\" data-lightbox='ftg-1717' rel='ftg-1717'  class=' tile-inner  ftg-lightbox' href='https:\/\/donlucero.com\/wp-content\/uploads\/2012\/12\/IMG_7508_web.jpg' ><img alt='' class='item skip-lazy' data-class='item' data-ftg-source='http:\/\/donlucero.com\/wp-content\/uploads\/2012\/12\/IMG_7508_web-199x300.jpg' src='http:\/\/donlucero.com\/wp-content\/uploads\/2012\/12\/IMG_7508_web-199x300.jpg' width='565' height='849' \/><\/a><div class='ftg-social'><\/div><\/div><div  class='tile ftg-preload  '><a title=\"\" data-lightbox='ftg-1717' rel='ftg-1717'  class=' tile-inner  ftg-lightbox' href='https:\/\/donlucero.com\/wp-content\/uploads\/2012\/12\/IMG_7556_web.jpg' ><img alt='' class='item skip-lazy' data-class='item' data-ftg-source='http:\/\/donlucero.com\/wp-content\/uploads\/2012\/12\/IMG_7556_web-300x200.jpg' src='http:\/\/donlucero.com\/wp-content\/uploads\/2012\/12\/IMG_7556_web-300x200.jpg' width='848' height='566' \/><\/a><div class='ftg-social'><\/div><\/div><div  class='tile ftg-preload  '><a title=\"\" data-lightbox='ftg-1717' rel='ftg-1717'  class=' tile-inner  ftg-lightbox' href='https:\/\/donlucero.com\/wp-content\/uploads\/2012\/12\/IMG_7597_web.jpg' ><img alt='' class='item skip-lazy' data-class='item' data-ftg-source='http:\/\/donlucero.com\/wp-content\/uploads\/2012\/12\/IMG_7597_web-300x200.jpg' src='http:\/\/donlucero.com\/wp-content\/uploads\/2012\/12\/IMG_7597_web-300x200.jpg' width='848' height='566' \/><\/a><div class='ftg-social'><\/div><\/div><div  class='tile ftg-preload  '><a title=\"\" data-lightbox='ftg-1717' rel='ftg-1717'  class=' tile-inner  ftg-lightbox' href='https:\/\/donlucero.com\/wp-content\/uploads\/2012\/12\/IMG_7616_web.jpg' ><img alt='' class='item skip-lazy' data-class='item' data-ftg-source='http:\/\/donlucero.com\/wp-content\/uploads\/2012\/12\/IMG_7616_web-300x200.jpg' src='http:\/\/donlucero.com\/wp-content\/uploads\/2012\/12\/IMG_7616_web-300x200.jpg' width='848' height='566' \/><\/a><div class='ftg-social'><\/div><\/div><div  class='tile ftg-preload  '><a title=\"\" data-lightbox='ftg-1717' rel='ftg-1717'  class=' tile-inner  ftg-lightbox' href='https:\/\/donlucero.com\/wp-content\/uploads\/2012\/12\/IMG_7650_web.jpg' ><img alt='' class='item skip-lazy' data-class='item' data-ftg-source='http:\/\/donlucero.com\/wp-content\/uploads\/2012\/12\/IMG_7650_web-300x200.jpg' src='http:\/\/donlucero.com\/wp-content\/uploads\/2012\/12\/IMG_7650_web-300x200.jpg' width='679' height='453' \/><\/a><div class='ftg-social'><\/div><\/div><div  class='tile ftg-preload  '><a title=\"\" data-lightbox='ftg-1717' rel='ftg-1717'  class=' tile-inner  ftg-lightbox' href='https:\/\/donlucero.com\/wp-content\/uploads\/2012\/12\/IMG_7696_web.jpg' ><img alt='' class='item skip-lazy' data-class='item' data-ftg-source='http:\/\/donlucero.com\/wp-content\/uploads\/2012\/12\/IMG_7696_web-300x200.jpg' src='http:\/\/donlucero.com\/wp-content\/uploads\/2012\/12\/IMG_7696_web-300x200.jpg' width='848' height='566' \/><\/a><div class='ftg-social'><\/div><\/div><div  class='tile ftg-preload  '><a title=\"\" data-lightbox='ftg-1717' rel='ftg-1717'  class=' tile-inner  ftg-lightbox' href='https:\/\/donlucero.com\/wp-content\/uploads\/2012\/12\/IMG_7736_web.jpg' ><img alt='' class='item skip-lazy' data-class='item' data-ftg-source='http:\/\/donlucero.com\/wp-content\/uploads\/2012\/12\/IMG_7736_web-300x200.jpg' src='http:\/\/donlucero.com\/wp-content\/uploads\/2012\/12\/IMG_7736_web-300x200.jpg' width='848' height='566' \/><\/a><div class='ftg-social'><\/div><\/div><div  class='tile ftg-preload  '><a title=\"\" data-lightbox='ftg-1717' rel='ftg-1717'  class=' tile-inner  ftg-lightbox' href='https:\/\/donlucero.com\/wp-content\/uploads\/2012\/12\/IMG_7747_web.jpg' ><img alt='' class='item skip-lazy' data-class='item' data-ftg-source='http:\/\/donlucero.com\/wp-content\/uploads\/2012\/12\/IMG_7747_web-199x300.jpg' src='http:\/\/donlucero.com\/wp-content\/uploads\/2012\/12\/IMG_7747_web-199x300.jpg' width='565' height='849' \/><\/a><div class='ftg-social'><\/div><\/div><div  class='tile ftg-preload  '><a title=\"\" data-lightbox='ftg-1717' rel='ftg-1717'  class=' tile-inner  ftg-lightbox' href='https:\/\/donlucero.com\/wp-content\/uploads\/2012\/12\/IMG_7752_web.jpg' ><img alt='' class='item skip-lazy' data-class='item' data-ftg-source='http:\/\/donlucero.com\/wp-content\/uploads\/2012\/12\/IMG_7752_web-300x214.jpg' src='http:\/\/donlucero.com\/wp-content\/uploads\/2012\/12\/IMG_7752_web-300x214.jpg' width='629' height='450' \/><\/a><div class='ftg-social'><\/div><\/div><div  class='tile ftg-preload  '><a title=\"\" data-lightbox='ftg-1717' rel='ftg-1717'  class=' tile-inner  ftg-lightbox' href='https:\/\/donlucero.com\/wp-content\/uploads\/2012\/12\/IMG_7835_web.jpg' ><img alt='' class='item skip-lazy' data-class='item' data-ftg-source='http:\/\/donlucero.com\/wp-content\/uploads\/2012\/12\/IMG_7835_web-199x300.jpg' src='http:\/\/donlucero.com\/wp-content\/uploads\/2012\/12\/IMG_7835_web-199x300.jpg' width='565' height='849' \/><\/a><div class='ftg-social'><\/div><\/div><div  class='tile ftg-preload  '><a title=\"\" data-lightbox='ftg-1717' rel='ftg-1717'  class=' tile-inner  ftg-lightbox' href='https:\/\/donlucero.com\/wp-content\/uploads\/2012\/12\/IMG_7892_web.jpg' ><img alt='' class='item skip-lazy' data-class='item' data-ftg-source='http:\/\/donlucero.com\/wp-content\/uploads\/2012\/12\/IMG_7892_web-300x200.jpg' src='http:\/\/donlucero.com\/wp-content\/uploads\/2012\/12\/IMG_7892_web-300x200.jpg' width='600' height='400' \/><\/a><div class='ftg-social'><\/div><\/div><\/div><\/div><script type='text\/javascript'>jQuery('#ftg-1717 img.item').removeAttr('src');jQuery(document).ready(function () {setTimeout(function () {jQuery('#ftg-1717').finalTilesGallery({minTileWidth: 100,margin: 2,loadMethod: 'sequential',nonce: '5f70a299c3',galleryId: '17',setupFilters: true,layout: 'columns',debug: false,gridSize: 43,disableGridSizeBelow:800,allowEnlargement: true,columns: [[4000, 4],[1024, 4],[800, 3],[480, 3],[320, 2]],selectedFilter: 'n-a'});jQuery(function () {(function () {var rel = '';jQuery('#ftg-1717 .ftg-lightbox').click(function (e) {rel = jQuery(this).attr('rel');jQuery('#ftg-1717 .ftg-current').removeClass('ftg-current');jQuery('#ftg-1717 [rel=\"'+rel+'\"]').addClass('ftg-current');});})();});}, 0);});<\/script>\n<div class=\"projectInfoTitle font1\">Sinopsis<\/div>\n<p>El 15 de septiembre el Teatro H\u00e4agen-Dazs acogi\u00f3 el estreno oficial del<strong> musical basado en las canciones de C\u00f3mplices<\/strong>, creado y dirigido por Andreu Castro y protagonizado por Marc Parejo, Borja Voces y Mar\u00eda Virumbrales. Fue Andreu Castro el director y alma mater del espect\u00e1culo, junto con los mismos C\u00f3mplices y la productora Coral Europa, los responsables de que este musical sea un sue\u00f1o hecho realidad. Las canciones de C\u00f3mplices ya explican una historia por s\u00ed mismas y lo que ha hecho Andreu con gran destreza es <strong>hilar una tras otra entre s\u00ed<\/strong> a partir de una trama principal: dos \u00e1ngeles, Daniel y Matilde, almas gemelas, deciden bajar a la tierra para vivir una nueva vida, pero un error provoca que Matilde se reencarne en un chico, \u00c1lvaro. Ambos se reencuentran a\u00f1os despu\u00e9s ya en la tierra y descubren estar hechos el uno para el otro\u2026 lo que cambiar\u00e1 sus vidas irremediablemente. El reparto de C\u00d3MPLICES, EL MUSICAL est\u00e1 liderado por Marc Parejo, Borja Voces \/ Sara Gr\u00e1valos y Mar\u00eda Virumbrales cuyos personajes (Daniel, \u00c1lvaro \/ Matilde y Elisa) forman el tri\u00e1ngulo alrededor del cual gira la historia. A su lado est\u00e1n \u00c1ngel Mu\u00f1iz, que explota su bis c\u00f3mica gracias al personaje de Aquarius; Diego Falc\u00f3n como el \u00e1ngel Lucas; Naike Ponce como Maria; An\u00e9s Le\u00f3n como Estrella y Belinda Washington como Mag\u00fci. Los temas de <strong>Teo Carralda destilan poes\u00eda por los cuatro costados<\/strong>, y los arreglos musicales hechos por el director musical <strong>Isaac Ord\u00f3\u00f1ez les ofrecen un nuevo aire<\/strong>, sin perder su esencia. Sorprende descubrir los arreglos electr\u00f3nicos realizados a \u00abLa Danza de la Ciudad\u00bb interpretada por Lorena Calero, siendo el tema que m\u00e1s dista del original de todo el espect\u00e1culo.<\/p>\n<div class=\"feature_title\">\n<div class=\"projectInfoTitle font1\">Experiencia<\/div>\n<p><img decoding=\"async\" loading=\"lazy\" class=\"alignleft  wp-image-209\" style=\"margin-top: 6px; margin-bottom: 6px; margin-right: 20px;\" title=\"complices_07\" src=\"http:\/\/donlucero.com\/wp-content\/uploads\/2012\/04\/complices_07.jpg\" alt=\"\" width=\"236\" height=\"157\" srcset=\"https:\/\/donlucero.com\/wp-content\/uploads\/2012\/04\/complices_07.jpg 800w, https:\/\/donlucero.com\/wp-content\/uploads\/2012\/04\/complices_07-300x199.jpg 300w, https:\/\/donlucero.com\/wp-content\/uploads\/2012\/04\/complices_07-200x133.jpg 200w, https:\/\/donlucero.com\/wp-content\/uploads\/2012\/04\/complices_07-375x250.jpg 375w\" sizes=\"(max-width: 236px) 100vw, 236px\" \/>Trabajar con Andreu fue una <strong>experiencia genial<\/strong>, desde un principio \u00e9l ten\u00eda claro en su visi\u00f3n lo que este espect\u00e1culo deb\u00eda lucir, separar el cielo de la tierra, recrear atardeceres, noches y amaneceres de una ciudad como Madrid. Y acompa\u00f1ar la energ\u00eda que las canciones y coreograf\u00edas nos van ofreciendo.<\/p>\n<div class=\"projectInfoTitle font1\">Ficha t\u00e9cnica<\/div>\n<div class=\"bullet_arrow\">\n<ul>\n<li><strong>Productora<\/strong> Coral Europa<\/li>\n<li><strong>Productores<\/strong> Juan Baena \u2013 Paco Bellot<\/li>\n<li><strong>Ayte. Producci\u00f3n<\/strong> Milena Cervantes<\/li>\n<li><strong>Director<\/strong> Andreu Castro<\/li>\n<li><strong>Ayte. Direcci\u00f3n<\/strong> Claudio Pascual<\/li>\n<li><strong>Aux. Direcci\u00f3n<\/strong> Isabel Brazales<\/li>\n<li><strong>Director Musical<\/strong> Isaac Ordo\u00f1ez<\/li>\n<li><strong>Dise\u00f1o Decorados<\/strong> Carlos Dorremochea<\/li>\n<li><strong>Dise\u00f1o de Iluminaci\u00f3n<\/strong> Ezequiel N\u00f3bili<\/li>\n<li><strong>Programaci\u00f3n y Dise\u00f1ador Asociado<\/strong> \u00c1ngel Velasco<\/li>\n<li><strong>Dise\u00f1o de Sonido<\/strong> Adolfo&nbsp; S\u00e1nchez<\/li>\n<li><strong>Dise\u00f1o Vestuario<\/strong> Sara Roma y Elizabeth Rivera<\/li>\n<li><strong>Coreograf\u00eda<\/strong> Sib\u00f3n<\/li>\n<li><strong>Fotograf\u00eda y Dise\u00f1o<\/strong> Aurora Baena<\/li>\n<li><strong>Direcci\u00f3n T\u00e9cnica<\/strong> Carolina Mesa<\/li>\n<li><strong>Regidor<\/strong> Francisco Javier D\u00edaz<\/li>\n<li><strong>Empresa de Sonido<\/strong> Sinergia<\/li>\n<li><strong>Empresa Iluminaci\u00f3n<\/strong> Islavisi\u00f3n Canarias<\/li>\n<\/ul>\n<\/div>\n<div class=\"projectInfoTitle font1\">Links<\/div>\n<\/div>\n<div class=\"bullet_brown\">\n<ul>\n<li><a title=\"Videos El musical de C\u00f3mplices\" href=\"http:\/\/www.youtube.com\/user\/ComplicesElmusical\" target=\"_blank\" rel=\"noopener\">Link videos<\/a><\/li>\n<li><a title=\"Fotos El musical de C\u00f3mplices\" href=\"https:\/\/www.facebook.com\/donlucero123\/media_set?set=a.103625523050718.7779.1000020981  26955&amp;type=3\" target=\"_blank\" rel=\"noopener\">Link photos<\/a><\/li>\n<\/ul>\n<\/div>\n","protected":false},"excerpt":{"rendered":"<p>Madrid &#8211; 2010, Teatro Haagen-Dasz Calder\u00f3n Sinopsis El 15 de septiembre el Teatro H\u00e4agen-Dazs acogi\u00f3 el estreno oficial del musical basado en las canciones de C\u00f3mplices, creado y dirigido por Andreu Castro y protagonizado por Marc Parejo, Borja Voces y Mar\u00eda Virumbrales. Fue Andreu Castro el director y alma mater del espect\u00e1culo, junto con los<\/p>\n","protected":false},"author":1,"featured_media":0,"parent":0,"menu_order":0,"comment_status":"open","ping_status":"open","template":"","meta":[],"_links":{"self":[{"href":"https:\/\/donlucero.com\/index.php\/wp-json\/wp\/v2\/pages\/1535"}],"collection":[{"href":"https:\/\/donlucero.com\/index.php\/wp-json\/wp\/v2\/pages"}],"about":[{"href":"https:\/\/donlucero.com\/index.php\/wp-json\/wp\/v2\/types\/page"}],"author":[{"embeddable":true,"href":"https:\/\/donlucero.com\/index.php\/wp-json\/wp\/v2\/users\/1"}],"replies":[{"embeddable":true,"href":"https:\/\/donlucero.com\/index.php\/wp-json\/wp\/v2\/comments?post=1535"}],"version-history":[{"count":5,"href":"https:\/\/donlucero.com\/index.php\/wp-json\/wp\/v2\/pages\/1535\/revisions"}],"predecessor-version":[{"id":2116,"href":"https:\/\/donlucero.com\/index.php\/wp-json\/wp\/v2\/pages\/1535\/revisions\/2116"}],"wp:attachment":[{"href":"https:\/\/donlucero.com\/index.php\/wp-json\/wp\/v2\/media?parent=1535"}],"curies":[{"name":"wp","href":"https:\/\/api.w.org\/{rel}","templated":true}]}}