{"id":1539,"date":"2015-05-10T19:36:50","date_gmt":"2015-05-10T19:36:50","guid":{"rendered":"http:\/\/donlucero.com\/?page_id=1539"},"modified":"2023-07-15T16:44:07","modified_gmt":"2023-07-15T16:44:07","slug":"we-will-rock-you","status":"publish","type":"page","link":"https:\/\/donlucero.com\/index.php\/we-will-rock-you","title":{"rendered":"We will rock you"},"content":{"rendered":"<div class=\"projectInfoTitle font1\"> 2004 &#8211; 2006 (Gira Espa\u00f1ola) &#8211; Feb 2007 (Madrid) Teatro Haggen Dasz Calder\u00f3n<\/div>\n<!-- Final Tiles Grid Gallery for WordPress v3.5.8 free --><style>#ftg-1818 .tile .icon { color:#ffffff; }#ftg-1818 .ftg-items .loading-bar i { background:#666; }#ftg-1818 .ftg-items .loading-bar { background:#fff; }#ftg-1818 .tile .icon { font-size:12px; }#ftg-1818 .tile .icon { margin: -6px 0 0 -6px; }#ftg-1818 .tile .caption-block .text-wrapper span.text { font-size:12px; }#ftg-1818 .tile .caption-outside .text-wrapper span.text { font-size:12px; }#ftg-1818 .tile .caption-block .text-wrapper span.title { font-size:14px; }#ftg-1818 .tile .caption-outside .text-wrapper span.title { font-size:14px; }#ftg-1818 .tile { background-color: transparent; }#ftg-1818 .tile .caption-block .text-wrapper span.text { color: #ffffff; }#ftg-1818 .tile .caption-block .text-wrapper span.title { color: #ffffff; }#ftg-1818 .tile .caption-outside .text-wrapper span.text { color: #ffffff; }#ftg-1818 .tile .caption-outside .text-wrapper span.title { color: #ffffff; }#ftg-1818 .tile .ftg-social a { color: #ffffff; }#ftg-1818 .tile .caption-block { transition-duration:0.25s; }#ftg-1818 .tile .tile-inner:before { background-color: #000000; }#ftg-1818 .tile .tile-inner:before { background-color: rgba(0, 0, 0, 0.8); }#ftg-1818 .tile:hover img {-moz-transform: ;-webkit-transform: ;-o-transform: ;-ms-transform: ;transform: ;}#ftg-1818 .tile .icon {-moz-transition: all .5s;-webkit-transition: all .5s;-o-transition: all .5s;-ms-transition: all .5s;transition: all .5s;}#ftg-1818 .tile:hover .icon {-moz-transform: rotate(360deg);-webkit-transform: rotate(360deg);-o-transform: rotate(360deg);-ms-transform: rotate(360deg);transform: rotate(360deg);}<\/style><a name='18'><\/a><div class='final-tiles-gallery  ftg-hover-enabled caption-inside  caption-none caption-middle caption-center' id='ftg-1818' style='width:100%'><div class='ftg-items'><div class='loading-bar'><i><\/i><\/div><div  class='tile ftg-preload  '><a title=\"\" data-lightbox='ftg-1818' rel='ftg-1818'  class=' tile-inner  ftg-lightbox' href='https:\/\/donlucero.com\/wp-content\/uploads\/2012\/04\/53-682x1024.jpg' ><img alt='' class='item skip-lazy' data-class='item' data-ftg-source='http:\/\/donlucero.com\/wp-content\/uploads\/2012\/04\/53-199x300.jpg' src='http:\/\/donlucero.com\/wp-content\/uploads\/2012\/04\/53-199x300.jpg' width='717' height='1076' \/><\/a><div class='ftg-social'><\/div><\/div><div  class='tile ftg-preload  '><a title=\"\" data-lightbox='ftg-1818' rel='ftg-1818'  class=' tile-inner  ftg-lightbox' href='https:\/\/donlucero.com\/wp-content\/uploads\/2012\/04\/57-682x1024.jpg' ><img alt='' class='item skip-lazy' data-class='item' data-ftg-source='http:\/\/donlucero.com\/wp-content\/uploads\/2012\/04\/57-199x300.jpg' src='http:\/\/donlucero.com\/wp-content\/uploads\/2012\/04\/57-199x300.jpg' width='717' height='1076' \/><\/a><div class='ftg-social'><\/div><\/div><div  class='tile ftg-preload  '><a title=\"\" data-lightbox='ftg-1818' rel='ftg-1818'  class=' tile-inner  ftg-lightbox' href='https:\/\/donlucero.com\/wp-content\/uploads\/2012\/04\/62-1024x682.jpg' ><img alt='' class='item skip-lazy' data-class='item' data-ftg-source='http:\/\/donlucero.com\/wp-content\/uploads\/2012\/04\/62-300x200.jpg' src='http:\/\/donlucero.com\/wp-content\/uploads\/2012\/04\/62-300x200.jpg' width='1075' height='717' \/><\/a><div class='ftg-social'><\/div><\/div><div  class='tile ftg-preload  '><a title=\"\" data-lightbox='ftg-1818' rel='ftg-1818'  class=' tile-inner  ftg-lightbox' href='https:\/\/donlucero.com\/wp-content\/uploads\/2012\/04\/65-1024x682.jpg' ><img alt='' class='item skip-lazy' data-class='item' data-ftg-source='http:\/\/donlucero.com\/wp-content\/uploads\/2012\/04\/65-300x200.jpg' src='http:\/\/donlucero.com\/wp-content\/uploads\/2012\/04\/65-300x200.jpg' width='1075' height='717' \/><\/a><div class='ftg-social'><\/div><\/div><div  class='tile ftg-preload  '><a title=\"\" data-lightbox='ftg-1818' rel='ftg-1818'  class=' tile-inner  ftg-lightbox' href='https:\/\/donlucero.com\/wp-content\/uploads\/2012\/04\/Teatro_Calder_n_W1.W.R.Y.9_2007_12_02_2007_C_.C.jpg' ><img alt='' class='item skip-lazy' data-class='item' data-ftg-source='http:\/\/donlucero.com\/wp-content\/uploads\/2012\/04\/Teatro_Calder_n_W1.W.R.Y.9_2007_12_02_2007_C_.C-200x300.jpg' src='http:\/\/donlucero.com\/wp-content\/uploads\/2012\/04\/Teatro_Calder_n_W1.W.R.Y.9_2007_12_02_2007_C_.C-200x300.jpg' width='304' height='456' \/><\/a><div class='ftg-social'><\/div><\/div><div  class='tile ftg-preload  '><a title=\"\" data-lightbox='ftg-1818' rel='ftg-1818'  class=' tile-inner  ftg-lightbox' href='https:\/\/donlucero.com\/wp-content\/uploads\/2012\/12\/28-682x1024.jpg' ><img alt='' class='item skip-lazy' data-class='item' data-ftg-source='http:\/\/donlucero.com\/wp-content\/uploads\/2012\/12\/28-199x300.jpg' src='http:\/\/donlucero.com\/wp-content\/uploads\/2012\/12\/28-199x300.jpg' width='717' height='1076' \/><\/a><div class='ftg-social'><\/div><\/div><div  class='tile ftg-preload  '><a title=\"\" data-lightbox='ftg-1818' rel='ftg-1818'  class=' tile-inner  ftg-lightbox' href='https:\/\/donlucero.com\/wp-content\/uploads\/2012\/12\/10.jpg' ><img alt='' class='item skip-lazy' data-class='item' data-ftg-source='http:\/\/donlucero.com\/wp-content\/uploads\/2012\/12\/10-200x300.jpg' src='http:\/\/donlucero.com\/wp-content\/uploads\/2012\/12\/10-200x300.jpg' width='600' height='900' \/><\/a><div class='ftg-social'><\/div><\/div><div  class='tile ftg-preload  '><a title=\"\" data-lightbox='ftg-1818' rel='ftg-1818'  class=' tile-inner  ftg-lightbox' href='https:\/\/donlucero.com\/wp-content\/uploads\/2012\/12\/18-682x1024.jpg' ><img alt='' class='item skip-lazy' data-class='item' data-ftg-source='http:\/\/donlucero.com\/wp-content\/uploads\/2012\/12\/18-199x300.jpg' src='http:\/\/donlucero.com\/wp-content\/uploads\/2012\/12\/18-199x300.jpg' width='717' height='1076' \/><\/a><div class='ftg-social'><\/div><\/div><div  class='tile ftg-preload  '><a title=\"\" data-lightbox='ftg-1818' rel='ftg-1818'  class=' tile-inner  ftg-lightbox' href='https:\/\/donlucero.com\/wp-content\/uploads\/2012\/12\/19-1024x682.jpg' ><img alt='' class='item skip-lazy' data-class='item' data-ftg-source='http:\/\/donlucero.com\/wp-content\/uploads\/2012\/12\/19-300x200.jpg' src='http:\/\/donlucero.com\/wp-content\/uploads\/2012\/12\/19-300x200.jpg' width='1075' height='717' \/><\/a><div class='ftg-social'><\/div><\/div><div  class='tile ftg-preload  '><a title=\"\" data-lightbox='ftg-1818' rel='ftg-1818'  class=' tile-inner  ftg-lightbox' href='https:\/\/donlucero.com\/wp-content\/uploads\/2012\/12\/20-1024x682.jpg' ><img alt='' class='item skip-lazy' data-class='item' data-ftg-source='http:\/\/donlucero.com\/wp-content\/uploads\/2012\/12\/20-300x200.jpg' src='http:\/\/donlucero.com\/wp-content\/uploads\/2012\/12\/20-300x200.jpg' width='1075' height='717' \/><\/a><div class='ftg-social'><\/div><\/div><div  class='tile ftg-preload  '><a title=\"\" data-lightbox='ftg-1818' rel='ftg-1818'  class=' tile-inner  ftg-lightbox' href='https:\/\/donlucero.com\/wp-content\/uploads\/2012\/12\/22-682x1024.jpg' ><img alt='' class='item skip-lazy' data-class='item' data-ftg-source='http:\/\/donlucero.com\/wp-content\/uploads\/2012\/12\/22-199x300.jpg' src='http:\/\/donlucero.com\/wp-content\/uploads\/2012\/12\/22-199x300.jpg' width='717' height='1076' \/><\/a><div class='ftg-social'><\/div><\/div><div  class='tile ftg-preload  '><a title=\"\" data-lightbox='ftg-1818' rel='ftg-1818'  class=' tile-inner  ftg-lightbox' href='https:\/\/donlucero.com\/wp-content\/uploads\/2012\/12\/30-1024x682.jpg' ><img alt='' class='item skip-lazy' data-class='item' data-ftg-source='http:\/\/donlucero.com\/wp-content\/uploads\/2012\/12\/30-300x200.jpg' src='http:\/\/donlucero.com\/wp-content\/uploads\/2012\/12\/30-300x200.jpg' width='1075' height='717' \/><\/a><div class='ftg-social'><\/div><\/div><div  class='tile ftg-preload  '><a title=\"\" data-lightbox='ftg-1818' rel='ftg-1818'  class=' tile-inner  ftg-lightbox' href='https:\/\/donlucero.com\/wp-content\/uploads\/2012\/12\/45-1024x682.jpg' ><img alt='' class='item skip-lazy' data-class='item' data-ftg-source='http:\/\/donlucero.com\/wp-content\/uploads\/2012\/12\/45-300x200.jpg' src='http:\/\/donlucero.com\/wp-content\/uploads\/2012\/12\/45-300x200.jpg' width='1075' height='717' \/><\/a><div class='ftg-social'><\/div><\/div><div  class='tile ftg-preload  '><a title=\"\" data-lightbox='ftg-1818' rel='ftg-1818'  class=' tile-inner  ftg-lightbox' href='https:\/\/donlucero.com\/wp-content\/uploads\/2012\/12\/49-682x1024.jpg' ><img alt='' class='item skip-lazy' data-class='item' data-ftg-source='http:\/\/donlucero.com\/wp-content\/uploads\/2012\/12\/49-199x300.jpg' src='http:\/\/donlucero.com\/wp-content\/uploads\/2012\/12\/49-199x300.jpg' width='717' height='1076' \/><\/a><div class='ftg-social'><\/div><\/div><div  class='tile ftg-preload  '><a title=\"\" data-lightbox='ftg-1818' rel='ftg-1818'  class=' tile-inner  ftg-lightbox' href='https:\/\/donlucero.com\/wp-content\/uploads\/2012\/12\/68-1024x682.jpg' ><img alt='' class='item skip-lazy' data-class='item' data-ftg-source='http:\/\/donlucero.com\/wp-content\/uploads\/2012\/12\/68-300x200.jpg' src='http:\/\/donlucero.com\/wp-content\/uploads\/2012\/12\/68-300x200.jpg' width='1075' height='717' \/><\/a><div class='ftg-social'><\/div><\/div><div  class='tile ftg-preload  '><a title=\"\" data-lightbox='ftg-1818' rel='ftg-1818'  class=' tile-inner  ftg-lightbox' href='https:\/\/donlucero.com\/wp-content\/uploads\/2012\/12\/21722541_wewillrockyou10.jpg' ><img alt='' class='item skip-lazy' data-class='item' data-ftg-source='http:\/\/donlucero.com\/wp-content\/uploads\/2012\/12\/21722541_wewillrockyou10.jpg' src='http:\/\/donlucero.com\/wp-content\/uploads\/2012\/12\/21722541_wewillrockyou10.jpg' width='186' height='280' \/><\/a><div class='ftg-social'><\/div><\/div><div  class='tile ftg-preload  '><a title=\"\" data-lightbox='ftg-1818' rel='ftg-1818'  class=' tile-inner  ftg-lightbox' href='https:\/\/donlucero.com\/wp-content\/uploads\/2012\/12\/Teatro_Calder_n_W1.W.R.Y.9_2007_12_02_2007_C.C.MN0061.jpg' ><img alt='' class='item skip-lazy' data-class='item' data-ftg-source='http:\/\/donlucero.com\/wp-content\/uploads\/2012\/12\/Teatro_Calder_n_W1.W.R.Y.9_2007_12_02_2007_C.C.MN0061-199x300.jpg' src='http:\/\/donlucero.com\/wp-content\/uploads\/2012\/12\/Teatro_Calder_n_W1.W.R.Y.9_2007_12_02_2007_C.C.MN0061-199x300.jpg' width='476' height='717' \/><\/a><div class='ftg-social'><\/div><\/div><\/div><\/div><script type='text\/javascript'>jQuery('#ftg-1818 img.item').removeAttr('src');jQuery(document).ready(function () {setTimeout(function () {jQuery('#ftg-1818').finalTilesGallery({minTileWidth: 100,margin: 2,loadMethod: 'sequential',nonce: 'da0ec19fc3',galleryId: '18',setupFilters: true,layout: 'columns',debug: false,gridSize: 43,disableGridSizeBelow:800,allowEnlargement: true,columns: [[4000, 4],[1024, 4],[800, 3],[480, 3],[320, 2]],selectedFilter: 'n-a'});jQuery(function () {(function () {var rel = '';jQuery('#ftg-1818 .ftg-lightbox').click(function (e) {rel = jQuery(this).attr('rel');jQuery('#ftg-1818 .ftg-current').removeClass('ftg-current');jQuery('#ftg-1818 [rel=\"'+rel+'\"]').addClass('ftg-current');});})();});}, 0);});<\/script>\n<div class=\"projectInfoTitle font1\"> Sinopsis<\/div>\n<p>En un planeta antes llamado Tierra la globalizaci\u00f3n ha alcanzado su m\u00e1xima expresi\u00f3n. En todas partes los j\u00f3venes ven las mismas pel\u00edculas, visten la misma ropa y tienen los mismos pensamientos e ideas. En el planeta Mall los instrumentos musicales han sido prohibidos y la Global Soft genera las melod\u00edas que han de ser escuchadas y todo el mundo las descarga en sus ordenadores. Pero hay una resistencia creciente. Son los Bohemios, rebeldes que creen que una vez existi\u00f3 una Edad Dorada en la que los j\u00f3venes formaban grupos musicales y compon\u00edan sus propias canciones. Entre ellos persiste la leyenda de que en alg\u00fan lugar se oculta un yacimiento que esconde algunos de esos m\u00edticos instrumentos musicales. Los Bohemios siguen esperando la llegada del hombre que descubrir\u00e1 ese lugar, sacar\u00e1 a la luz los instrumentos y los redimir\u00e1 del silencio. Es ese hombre el que a s\u00ed mismo se hace llamar Galileo. Pero las fuerzas de seguridad de GA-GA tambi\u00e9n buscan a Galileo. Si ellos lo encuentran antes, ser\u00e1 entregado a Killer Queen y confinado en los Siete Mares de Rhye hasta que no quede memoria de \u00e9l.<\/p>\n<p>Se han realizado gran n\u00famero de producciones internacionales del musical. <strong>WE WILL ROCK YOU<\/strong> se ha estrenado en Australia, Las Vegas, Mosc\u00fa, Espa\u00f1a, Jap\u00f3n, Sud-\u00c1frica, Zurich, Viena, Nueva Zelanda, Corea del Sur, Singapur, Bangkok y Hong Kong, Alemania y Canad\u00e1.<\/p>\n<div class=\"projectInfoTitle font1\">Experiencia<\/div>\n<p style=\"text-align: justify;\"><a href=\"http:\/\/donlucero.com\/wp-content\/uploads\/2012\/04\/we_will_rock_you_54.jpg\"><img decoding=\"async\" loading=\"lazy\" class=\"alignleft  wp-image-171\" style=\"margin: 6px 20px 5px 5px;\" title=\"we_will_rock_you_54\" src=\"http:\/\/donlucero.com\/wp-content\/uploads\/2012\/04\/we_will_rock_you_54.jpg\" alt=\"\" width=\"230\" height=\"154\" srcset=\"https:\/\/donlucero.com\/wp-content\/uploads\/2012\/04\/we_will_rock_you_54.jpg 800w, https:\/\/donlucero.com\/wp-content\/uploads\/2012\/04\/we_will_rock_you_54-300x199.jpg 300w, https:\/\/donlucero.com\/wp-content\/uploads\/2012\/04\/we_will_rock_you_54-200x133.jpg 200w, https:\/\/donlucero.com\/wp-content\/uploads\/2012\/04\/we_will_rock_you_54-375x250.jpg 375w\" sizes=\"(max-width: 230px) 100vw, 230px\" \/> <\/a>La adaptaci\u00f3n de la <strong>superproducci\u00f3n estrenada en Londres<\/strong>, para la gira espa\u00f1ola, requer\u00eda que se amoldara a los diversos formatos de los escenarios espa\u00f1oles. El musical fue adaptado por <strong>Luis \u00c1lvarez<\/strong>, y dirigido musicalmente por <strong>Pablo Navarro<\/strong>, adem\u00e1s de la supervisi\u00f3n del mismo <strong>Bryan May<\/strong> y su equipo.<\/p>\n<p style=\"text-align: justify;\">B\u00e1sicamente con la direcci\u00f3n t\u00e9cnica de <strong>Juanjo Rivero<\/strong> dise\u00f1amos dos formatos que&nbsp;se adaptaran a palacios de congresos y auditorios, y tambi\u00e9n a teatros tradicionales. Utilic\u00e9 la plataforma <strong>Wysiwyg<\/strong> de la empresa Stage and Rigging, para la pre-producci\u00f3n, que fue fundamental para el resultado final.<\/p>\n<p style=\"text-align: justify;\">Este proyecto signific\u00f3 un <strong>gran reto creativo y profesional<\/strong> al tener que resolver de un modo eficiente y econ\u00f3mico, la reducci\u00f3n y cambio de material t\u00e9cnico, la adaptaci\u00f3n constante a los diferentes sitios, manteniendo el concepto est\u00e9tico original. Mi tarea se bas\u00f3 en aprovechar al m\u00e1ximo hasta el mas m\u00ednimo detalle, creando nuevas atm\u00f3sferas acordes a los ambientes del gui\u00f3n y psicolog\u00edas de los personajes.<\/p>\n<div class=\"projectInfoTitle font1\">Ficha t\u00e9cnica<\/div>\n<ul>\n<li><strong>Producido Por:<\/strong>\n<ul>\n<li><strong>Queen Theatrical Production:<\/strong> Brian May, Roger Taylor y Jim Beach<\/li>\n<li><strong>Tribeca Theatrical Production:<\/strong>&nbsp;Robert de Niro<\/li>\n<li><strong>Wonderland Group:<\/strong>&nbsp;Luis Alvarez<\/li>\n<li><strong>Phil Mcintyre Promotions:&nbsp;<\/strong>Phil Mcintyre y Paul Roberts<\/li>\n<\/ul>\n<\/li>\n<li><strong>Los Protagonistas<\/strong>\n<ul>\n<li><strong>Galileo:<\/strong> Juan Davila y Julian Fontalvo<\/li>\n<li><strong>Scaramouche:<\/strong> Mar\u00edA Adamuz Y Xenia Garc\u00eda<\/li>\n<li><strong>Meat:<\/strong> Lorena Calero<\/li>\n<li><strong>Brit:<\/strong> Jf Bejarano<\/li>\n<li><strong>Khashogui:<\/strong> Fernando Samper<\/li>\n<li><strong>Pop:<\/strong> Diego Falc\u00f3n<\/li>\n<li><strong>Madonna:<\/strong> In\u00e9s Le\u00f3n<\/li>\n<li><strong>Killer Queen:<\/strong> Nieves Val<\/li>\n<li><strong>Prince:<\/strong> M\u00e1ximo Mend\u00eda<\/li>\n<li><strong>Osborn:<\/strong> Alfonso Arteche<\/li>\n<\/ul>\n<\/li>\n<li><strong>Adaptaci\u00f3n:<\/strong> Luis Alvarez<\/li>\n<li><strong>Director Musical:<\/strong> Pablo Navarro<\/li>\n<li><strong>Coreografa Residente:<\/strong> Cristina Sanchez<\/li>\n<li><strong>Bailarines:<\/strong> Marta Pat\u00f3n, Silvia Sandoval, Eva Enriquez, Jibrel Sarr,&nbsp;Koldo Lopez, Emilio Varela, Carolina Nicolas, Angel Pardo.<\/li>\n<li><strong>M\u00fasicos:<\/strong> Pablo Navarro, Juan Medina, Loren Mart\u00edn, Dani Santos, Luis Cruz, Robertini, Chema Perez.<\/li>\n<li><strong>Equipo Tecnico:<\/strong>\n<ul>\n<li><strong>Producci\u00f3n Y Direcci\u00f3n T\u00e9cnica:<\/strong> Juanjo Rivero<\/li>\n<li><strong>Adjunto Direcci\u00f3n T\u00e9cnica:<\/strong> Juan Rey<\/li>\n<li><strong>Adaptaci\u00f3n Dise\u00f1o de Sonido:<\/strong> Javier Isequilla<\/li>\n<li><strong>Adaptaci\u00f3n Dise\u00f1o de Luces:<\/strong> Ezequiel N\u00f3bili<\/li>\n<li><strong>Dise\u00f1o Vestuario:<\/strong> Juan Ortega<\/li>\n<li><strong>Regidor:<\/strong> Paco Cobos<\/li>\n<li><strong>Ayudante Regidur\u00eda:<\/strong> Guillermo Cuenca<\/li>\n<li><strong>Back Line:<\/strong> Javier Iturralde, Alvaro Alonso, Gonzalo Rodriguez<\/li>\n<li><strong>Sonido:<\/strong> Milan Acustica, Gonzalo Fern\u00e1ndez, Carlos Valero, Felix Mart\u00edn.<\/li>\n<li><strong>Luces:<\/strong> Stage And Rigging, Pablo Zamora, Manolo Fern\u00e1ndez, Angel Velasco.<\/li>\n<li><strong>Vestuario:<\/strong> Merche Magro<\/li>\n<li><strong>Maquinaria:<\/strong> Laura Gomez, Jes\u00fas Ant\u00f3n.<\/li>\n<\/ul>\n<\/li>\n<\/ul>\n<div class=\"projectInfoTitle font1\">Links<\/div>\n<ul>\n<li style=\"text-align: justify;\"><a title=\"We Will Rock You - Wikipedia\" href=\"http:\/\/es.wikipedia.org\/wiki\/We_Will_Rock_You_(musical)#We_Will_Rock_You_en_Espa.C3.B1a\" target=\"_blank\" rel=\"noopener\">Link Wikipedia<\/a><\/li>\n<li style=\"text-align: justify;\"><a title=\"We Will Rock You \" href=\"http:\/\/www.wewillrockyou.com\/\" target=\"_blank\" rel=\"noopener\">Ir a la web<\/a><\/li>\n<\/ul>\n","protected":false},"excerpt":{"rendered":"<p>2004 &#8211; 2006 (Gira Espa\u00f1ola) &#8211; Feb 2007 (Madrid) Teatro Haggen Dasz Calder\u00f3n Sinopsis En un planeta antes llamado Tierra la globalizaci\u00f3n ha alcanzado su m\u00e1xima expresi\u00f3n. En todas partes los j\u00f3venes ven las mismas pel\u00edculas, visten la misma ropa y tienen los mismos pensamientos e ideas. En el planeta Mall los instrumentos musicales han<\/p>\n","protected":false},"author":1,"featured_media":0,"parent":0,"menu_order":0,"comment_status":"open","ping_status":"open","template":"","meta":[],"_links":{"self":[{"href":"https:\/\/donlucero.com\/index.php\/wp-json\/wp\/v2\/pages\/1539"}],"collection":[{"href":"https:\/\/donlucero.com\/index.php\/wp-json\/wp\/v2\/pages"}],"about":[{"href":"https:\/\/donlucero.com\/index.php\/wp-json\/wp\/v2\/types\/page"}],"author":[{"embeddable":true,"href":"https:\/\/donlucero.com\/index.php\/wp-json\/wp\/v2\/users\/1"}],"replies":[{"embeddable":true,"href":"https:\/\/donlucero.com\/index.php\/wp-json\/wp\/v2\/comments?post=1539"}],"version-history":[{"count":11,"href":"https:\/\/donlucero.com\/index.php\/wp-json\/wp\/v2\/pages\/1539\/revisions"}],"predecessor-version":[{"id":2123,"href":"https:\/\/donlucero.com\/index.php\/wp-json\/wp\/v2\/pages\/1539\/revisions\/2123"}],"wp:attachment":[{"href":"https:\/\/donlucero.com\/index.php\/wp-json\/wp\/v2\/media?parent=1539"}],"curies":[{"name":"wp","href":"https:\/\/api.w.org\/{rel}","templated":true}]}}