{"id":1546,"date":"2015-05-10T20:14:28","date_gmt":"2015-05-10T20:14:28","guid":{"rendered":"http:\/\/donlucero.com\/?page_id=1546"},"modified":"2023-07-15T16:40:44","modified_gmt":"2023-07-15T16:40:44","slug":"memphis-la-blusera","status":"publish","type":"page","link":"https:\/\/donlucero.com\/index.php\/memphis-la-blusera","title":{"rendered":"Memphis la blusera"},"content":{"rendered":"<div class=\"projectInfoTitle font1\">XIX aniversario, 1997 Teatro Gran Rex<\/div>\n<!-- Final Tiles Grid Gallery for WordPress v3.5.8 free --><style>#ftg-2222 .tile .icon { color:#ffffff; }#ftg-2222 .ftg-items .loading-bar i { background:#666; }#ftg-2222 .ftg-items .loading-bar { background:#fff; }#ftg-2222 .tile .icon { font-size:12px; }#ftg-2222 .tile .icon { margin: -6px 0 0 -6px; }#ftg-2222 .tile .caption-block .text-wrapper span.text { font-size:12px; }#ftg-2222 .tile .caption-outside .text-wrapper span.text { font-size:12px; }#ftg-2222 .tile .caption-block .text-wrapper span.title { font-size:14px; }#ftg-2222 .tile .caption-outside .text-wrapper span.title { font-size:14px; }#ftg-2222 .tile { background-color: transparent; }#ftg-2222 .tile .caption-block .text-wrapper span.text { color: #ffffff; }#ftg-2222 .tile .caption-block .text-wrapper span.title { color: #ffffff; }#ftg-2222 .tile .caption-outside .text-wrapper span.text { color: #ffffff; }#ftg-2222 .tile .caption-outside .text-wrapper span.title { color: #ffffff; }#ftg-2222 .tile .ftg-social a { color: #ffffff; }#ftg-2222 .tile .caption-block { transition-duration:0.25s; }#ftg-2222 .tile .tile-inner:before { background-color: #000000; }#ftg-2222 .tile .tile-inner:before { background-color: rgba(0, 0, 0, 0.8); }#ftg-2222 .tile:hover img {-moz-transform: ;-webkit-transform: ;-o-transform: ;-ms-transform: ;transform: ;}#ftg-2222 .tile .icon {-moz-transition: all .5s;-webkit-transition: all .5s;-o-transition: all .5s;-ms-transition: all .5s;transition: all .5s;}#ftg-2222 .tile:hover .icon {-moz-transform: rotate(360deg);-webkit-transform: rotate(360deg);-o-transform: rotate(360deg);-ms-transform: rotate(360deg);transform: rotate(360deg);}<\/style><a name='22'><\/a><div class='final-tiles-gallery  ftg-hover-enabled caption-inside  caption-none caption-middle caption-center' id='ftg-2222' style='width:100%'><div class='ftg-items'><div class='loading-bar'><i><\/i><\/div><div  class='tile ftg-preload  '><a title=\"\" data-lightbox='ftg-2222' rel='ftg-2222'  class=' tile-inner  ftg-lightbox' href='https:\/\/donlucero.com\/wp-content\/uploads\/2012\/07\/180001_103738643039406_6759088_n.jpg' ><img alt='' class='item skip-lazy' data-class='item' data-ftg-source='http:\/\/donlucero.com\/wp-content\/uploads\/2012\/07\/180001_103738643039406_6759088_n-300x204.jpg' src='http:\/\/donlucero.com\/wp-content\/uploads\/2012\/07\/180001_103738643039406_6759088_n-300x204.jpg' width='720' height='490' \/><\/a><div class='ftg-social'><\/div><\/div><div  class='tile ftg-preload  '><a title=\"\" data-lightbox='ftg-2222' rel='ftg-2222'  class=' tile-inner  ftg-lightbox' href='https:\/\/donlucero.com\/wp-content\/uploads\/2012\/07\/181703_103737849706152_3032986_n.jpg' ><img alt='' class='item skip-lazy' data-class='item' data-ftg-source='http:\/\/donlucero.com\/wp-content\/uploads\/2012\/07\/181703_103737849706152_3032986_n-300x202.jpg' src='http:\/\/donlucero.com\/wp-content\/uploads\/2012\/07\/181703_103737849706152_3032986_n-300x202.jpg' width='720' height='486' \/><\/a><div class='ftg-social'><\/div><\/div><div  class='tile ftg-preload  '><a title=\"\" data-lightbox='ftg-2222' rel='ftg-2222'  class=' tile-inner  ftg-lightbox' href='https:\/\/donlucero.com\/wp-content\/uploads\/2012\/07\/181653_103738509706086_503457_n.jpg' ><img alt='' class='item skip-lazy' data-class='item' data-ftg-source='http:\/\/donlucero.com\/wp-content\/uploads\/2012\/07\/181653_103738509706086_503457_n-300x204.jpg' src='http:\/\/donlucero.com\/wp-content\/uploads\/2012\/07\/181653_103738509706086_503457_n-300x204.jpg' width='720' height='490' \/><\/a><div class='ftg-social'><\/div><\/div><div  class='tile ftg-preload  '><a title=\"\" data-lightbox='ftg-2222' rel='ftg-2222'  class=' tile-inner  ftg-lightbox' href='https:\/\/donlucero.com\/wp-content\/uploads\/2012\/07\/180630_103739006372703_1578446_n.jpg' ><img alt='' class='item skip-lazy' data-class='item' data-ftg-source='http:\/\/donlucero.com\/wp-content\/uploads\/2012\/07\/180630_103739006372703_1578446_n-300x204.jpg' src='http:\/\/donlucero.com\/wp-content\/uploads\/2012\/07\/180630_103739006372703_1578446_n-300x204.jpg' width='720' height='490' \/><\/a><div class='ftg-social'><\/div><\/div><div  class='tile ftg-preload  '><a title=\"\" data-lightbox='ftg-2222' rel='ftg-2222'  class=' tile-inner  ftg-lightbox' href='https:\/\/donlucero.com\/wp-content\/uploads\/2012\/07\/180581_103738389706098_7433984_n.jpg' ><img alt='' class='item skip-lazy' data-class='item' data-ftg-source='http:\/\/donlucero.com\/wp-content\/uploads\/2012\/07\/180581_103738389706098_7433984_n-300x202.jpg' src='http:\/\/donlucero.com\/wp-content\/uploads\/2012\/07\/180581_103738389706098_7433984_n-300x202.jpg' width='720' height='486' \/><\/a><div class='ftg-social'><\/div><\/div><div  class='tile ftg-preload  '><a title=\"\" data-lightbox='ftg-2222' rel='ftg-2222'  class=' tile-inner  ftg-lightbox' href='https:\/\/donlucero.com\/wp-content\/uploads\/2012\/07\/180415_103738043039466_1038485_n.jpg' ><img alt='' class='item skip-lazy' data-class='item' data-ftg-source='http:\/\/donlucero.com\/wp-content\/uploads\/2012\/07\/180415_103738043039466_1038485_n-300x202.jpg' src='http:\/\/donlucero.com\/wp-content\/uploads\/2012\/07\/180415_103738043039466_1038485_n-300x202.jpg' width='720' height='486' \/><\/a><div class='ftg-social'><\/div><\/div><div  class='tile ftg-preload  '><a title=\"\" data-lightbox='ftg-2222' rel='ftg-2222'  class=' tile-inner  ftg-lightbox' href='https:\/\/donlucero.com\/wp-content\/uploads\/2012\/07\/182081_103738826372721_617581_n.jpg' ><img alt='' class='item skip-lazy' data-class='item' data-ftg-source='http:\/\/donlucero.com\/wp-content\/uploads\/2012\/07\/182081_103738826372721_617581_n-300x204.jpg' src='http:\/\/donlucero.com\/wp-content\/uploads\/2012\/07\/182081_103738826372721_617581_n-300x204.jpg' width='720' height='490' \/><\/a><div class='ftg-social'><\/div><\/div><div  class='tile ftg-preload  '><a title=\"\" data-lightbox='ftg-2222' rel='ftg-2222'  class=' tile-inner  ftg-lightbox' href='https:\/\/donlucero.com\/wp-content\/uploads\/2012\/07\/183644_103738303039440_7639346_n.jpg' ><img alt='' class='item skip-lazy' data-class='item' data-ftg-source='http:\/\/donlucero.com\/wp-content\/uploads\/2012\/07\/183644_103738303039440_7639346_n-300x202.jpg' src='http:\/\/donlucero.com\/wp-content\/uploads\/2012\/07\/183644_103738303039440_7639346_n-300x202.jpg' width='720' height='486' \/><\/a><div class='ftg-social'><\/div><\/div><\/div><\/div><script type='text\/javascript'>jQuery('#ftg-2222 img.item').removeAttr('src');jQuery(document).ready(function () {setTimeout(function () {jQuery('#ftg-2222').finalTilesGallery({minTileWidth: 100,margin: 2,loadMethod: 'sequential',nonce: 'da0ec19fc3',galleryId: '22',setupFilters: true,layout: 'columns',debug: false,gridSize: 43,disableGridSizeBelow:800,allowEnlargement: true,columns: [[4000, 4],[1024, 4],[800, 3],[480, 3],[320, 2]],selectedFilter: 'n-a'});jQuery(function () {(function () {var rel = '';jQuery('#ftg-2222 .ftg-lightbox').click(function (e) {rel = jQuery(this).attr('rel');jQuery('#ftg-2222 .ftg-current').removeClass('ftg-current');jQuery('#ftg-2222 [rel=\"'+rel+'\"]').addClass('ftg-current');});})();});}, 0);});<\/script>\n<div class=\"projectInfoTitle font1\">Sinopsis<\/div>\n<p>Formados en 1978, Memphis es una de las bandas de blues m\u00e1s importantesde Argentina, despu\u00e9s del legendario \u00abManal. La banda comenz\u00f3 en el circuito underground de Buenos Aires, logrando llegar a un p\u00fablico que recibi\u00f3 con agrado no s\u00f3lo la m\u00fasica sino tambi\u00e9n la tem\u00e1tica que trabajaban sus canciones, muy sociales, muy de la calle.<\/p>\n<div class=\"projectInfoTitle font1\">Experiencia<\/div>\n<p>Despu\u00e9s de la puesta de \u201cCosa de Hombres\u201d, los Memphis ten\u00edan la necesidad de realizar una nueva puesta y no de presentarse \u201ca peladito\u201d es decir solo con luces y tel\u00f3n negro.<br \/>\nLos conceptos b\u00e1sicos que ellos quer\u00edan era una puesta clim\u00e1tica m\u00e1s teatral, no buscaban la espectacularidad. Donde la puesta no predomine sobre la m\u00fasica, sino que se complementen.<br \/>\nEn esta oportunidad, otro de sus puntos fue reducir los costos considerablemente.  Entonces la puesta se centr\u00f3 en ambientar con alg\u00fan material que caracterizara el tipo de Blues urbano de la banda y que obviamente sea econ\u00f3mico. As\u00ed decidimos con Carlos Marquez (encargado de iluminaci\u00f3n m\u00f3vil), priorizar la puesta lum\u00ednica sobre la escenogr\u00e1fica, creando diferentes luces para cada tema.<\/p>\n<div class=\"projectInfoTitle font1\">Ficha Art\u00edstica<\/div>\n<ul>\n<li>Daniel Beiserman: bajo<\/li>\n<li>Adri\u00e1n Otero: voz<\/li>\n<li>Alberto Garc\u00eda: guitarra<\/li>\n<li>Eduardo Anetta: bater\u00eda<\/li>\n<li>Emilio Villanueva: saxo<\/li>\n<li>Fabi\u00e1n Prado: teclados<\/li>\n<\/ul>\n<div class=\"projectInfoTitle font1\">Ficha T\u00e9cnica<\/div>\n<ul>\n<li>Dise\u00f1o Iluminaci\u00f3n y escenograf\u00eda: Ezequiel N\u00f3bili \u2013 Carlos Marquez<\/li>\n<li>Escenograf\u00eda: Jorge Crapanzano<\/li>\n<li>Dise\u00f1o de Sonido: Adri\u00e1n Rivarola \u2013 Martin Villalonga<\/li>\n<li>Escenario: Eduardo Angi\u00f3, Gustavo Cochiararo, Negro Chicharr\u00f3n.<\/li>\n<\/ul>\n<div class=\"projectInfoTitle font1\">Links<\/div>\n<ul>\n<li><a href=\"https:\/\/www.facebook.com\/MemphisLaBluseraOficial\">Facebook<\/a><\/li>\n<\/ul>\n","protected":false},"excerpt":{"rendered":"<p>XIX aniversario, 1997 Teatro Gran Rex Sinopsis Formados en 1978, Memphis es una de las bandas de blues m\u00e1s importantesde Argentina, despu\u00e9s del legendario \u00abManal. La banda comenz\u00f3 en el circuito underground de Buenos Aires, logrando llegar a un p\u00fablico que recibi\u00f3 con agrado no s\u00f3lo la m\u00fasica sino tambi\u00e9n la tem\u00e1tica que trabajaban sus<\/p>\n","protected":false},"author":1,"featured_media":0,"parent":0,"menu_order":0,"comment_status":"open","ping_status":"open","template":"","meta":[],"_links":{"self":[{"href":"https:\/\/donlucero.com\/index.php\/wp-json\/wp\/v2\/pages\/1546"}],"collection":[{"href":"https:\/\/donlucero.com\/index.php\/wp-json\/wp\/v2\/pages"}],"about":[{"href":"https:\/\/donlucero.com\/index.php\/wp-json\/wp\/v2\/types\/page"}],"author":[{"embeddable":true,"href":"https:\/\/donlucero.com\/index.php\/wp-json\/wp\/v2\/users\/1"}],"replies":[{"embeddable":true,"href":"https:\/\/donlucero.com\/index.php\/wp-json\/wp\/v2\/comments?post=1546"}],"version-history":[{"count":6,"href":"https:\/\/donlucero.com\/index.php\/wp-json\/wp\/v2\/pages\/1546\/revisions"}],"predecessor-version":[{"id":2115,"href":"https:\/\/donlucero.com\/index.php\/wp-json\/wp\/v2\/pages\/1546\/revisions\/2115"}],"wp:attachment":[{"href":"https:\/\/donlucero.com\/index.php\/wp-json\/wp\/v2\/media?parent=1546"}],"curies":[{"name":"wp","href":"https:\/\/api.w.org\/{rel}","templated":true}]}}