{"id":1550,"date":"2015-05-10T20:20:01","date_gmt":"2015-05-10T20:20:01","guid":{"rendered":"http:\/\/donlucero.com\/?page_id=1550"},"modified":"2023-07-15T16:46:24","modified_gmt":"2023-07-15T16:46:24","slug":"jose-porcel","status":"publish","type":"page","link":"https:\/\/donlucero.com\/index.php\/jose-porcel","title":{"rendered":"Jos\u00e9 Porcel, Libre Albedr\u00edo"},"content":{"rendered":"<div class=\"projectInfoTitle font1\">Libre Albedr\u00edo, 2007-2008,&nbsp;Gira Espa\u00f1a<\/div>\n<!-- Final Tiles Grid Gallery for WordPress v3.5.8 free --><style>#ftg-2424 .tile .icon { color:#ffffff; }#ftg-2424 .ftg-items .loading-bar i { background:#666; }#ftg-2424 .ftg-items .loading-bar { background:#fff; }#ftg-2424 .tile .icon { font-size:12px; }#ftg-2424 .tile .icon { margin: -6px 0 0 -6px; }#ftg-2424 .tile .caption-block .text-wrapper span.text { font-size:12px; }#ftg-2424 .tile .caption-outside .text-wrapper span.text { font-size:12px; }#ftg-2424 .tile .caption-block .text-wrapper span.title { font-size:14px; }#ftg-2424 .tile .caption-outside .text-wrapper span.title { font-size:14px; }#ftg-2424 .tile { background-color: transparent; }#ftg-2424 .tile .caption-block .text-wrapper span.text { color: #ffffff; }#ftg-2424 .tile .caption-block .text-wrapper span.title { color: #ffffff; }#ftg-2424 .tile .caption-outside .text-wrapper span.text { color: #ffffff; }#ftg-2424 .tile .caption-outside .text-wrapper span.title { color: #ffffff; }#ftg-2424 .tile .ftg-social a { color: #ffffff; }#ftg-2424 .tile .caption-block { transition-duration:0.25s; }#ftg-2424 .tile .tile-inner:before { background-color: #000000; }#ftg-2424 .tile .tile-inner:before { background-color: rgba(0, 0, 0, 0.8); }#ftg-2424 .tile:hover img {-moz-transform: ;-webkit-transform: ;-o-transform: ;-ms-transform: ;transform: ;}#ftg-2424 .tile .icon {-moz-transition: all .5s;-webkit-transition: all .5s;-o-transition: all .5s;-ms-transition: all .5s;transition: all .5s;}#ftg-2424 .tile:hover .icon {-moz-transform: rotate(360deg);-webkit-transform: rotate(360deg);-o-transform: rotate(360deg);-ms-transform: rotate(360deg);transform: rotate(360deg);}<\/style><a name='24'><\/a><div class='final-tiles-gallery  ftg-hover-enabled caption-inside  caption-none caption-middle caption-center' id='ftg-2424' style='width:100%'><div class='ftg-items'><div class='loading-bar'><i><\/i><\/div><div  class='tile ftg-preload  '><a title=\"\" data-lightbox='ftg-2424' rel='ftg-2424'  class=' tile-inner  ftg-lightbox' href='https:\/\/donlucero.com\/wp-content\/uploads\/2012\/07\/181623_103725299707407_2579633_n.jpg' ><img alt='' class='item skip-lazy' data-class='item' data-ftg-source='http:\/\/donlucero.com\/wp-content\/uploads\/2012\/07\/181623_103725299707407_2579633_n-300x200.jpg' src='http:\/\/donlucero.com\/wp-content\/uploads\/2012\/07\/181623_103725299707407_2579633_n-300x200.jpg' width='720' height='480' \/><\/a><div class='ftg-social'><\/div><\/div><div  class='tile ftg-preload  '><a title=\"\" data-lightbox='ftg-2424' rel='ftg-2424'  class=' tile-inner  ftg-lightbox' href='https:\/\/donlucero.com\/wp-content\/uploads\/2012\/07\/182093_103725103040760_6998507_n.jpg' ><img alt='' class='item skip-lazy' data-class='item' data-ftg-source='http:\/\/donlucero.com\/wp-content\/uploads\/2012\/07\/182093_103725103040760_6998507_n-200x300.jpg' src='http:\/\/donlucero.com\/wp-content\/uploads\/2012\/07\/182093_103725103040760_6998507_n-200x300.jpg' width='480' height='720' \/><\/a><div class='ftg-social'><\/div><\/div><div  class='tile ftg-preload  '><a title=\"\" data-lightbox='ftg-2424' rel='ftg-2424'  class=' tile-inner  ftg-lightbox' href='https:\/\/donlucero.com\/wp-content\/uploads\/2012\/07\/182431_103725129707424_4911083_n.jpg' ><img alt='' class='item skip-lazy' data-class='item' data-ftg-source='http:\/\/donlucero.com\/wp-content\/uploads\/2012\/07\/182431_103725129707424_4911083_n-300x200.jpg' src='http:\/\/donlucero.com\/wp-content\/uploads\/2012\/07\/182431_103725129707424_4911083_n-300x200.jpg' width='720' height='480' \/><\/a><div class='ftg-social'><\/div><\/div><div  class='tile ftg-preload  '><a title=\"\" data-lightbox='ftg-2424' rel='ftg-2424'  class=' tile-inner  ftg-lightbox' href='https:\/\/donlucero.com\/wp-content\/uploads\/2012\/07\/184097_103725376374066_3294178_n.jpg' ><img alt='' class='item skip-lazy' data-class='item' data-ftg-source='http:\/\/donlucero.com\/wp-content\/uploads\/2012\/07\/184097_103725376374066_3294178_n-300x200.jpg' src='http:\/\/donlucero.com\/wp-content\/uploads\/2012\/07\/184097_103725376374066_3294178_n-300x200.jpg' width='720' height='480' \/><\/a><div class='ftg-social'><\/div><\/div><div  class='tile ftg-preload  '><a title=\"\" data-lightbox='ftg-2424' rel='ftg-2424'  class=' tile-inner  ftg-lightbox' href='https:\/\/donlucero.com\/wp-content\/uploads\/2012\/07\/184184_103725046374099_5403873_n.jpg' ><img alt='' class='item skip-lazy' data-class='item' data-ftg-source='http:\/\/donlucero.com\/wp-content\/uploads\/2012\/07\/184184_103725046374099_5403873_n-300x200.jpg' src='http:\/\/donlucero.com\/wp-content\/uploads\/2012\/07\/184184_103725046374099_5403873_n-300x200.jpg' width='720' height='480' \/><\/a><div class='ftg-social'><\/div><\/div><div  class='tile ftg-preload  '><a title=\"\" data-lightbox='ftg-2424' rel='ftg-2424'  class=' tile-inner  ftg-lightbox' href='https:\/\/donlucero.com\/wp-content\/uploads\/2012\/07\/185725_103725249707412_6785434_n.jpg' ><img alt='' class='item skip-lazy' data-class='item' data-ftg-source='http:\/\/donlucero.com\/wp-content\/uploads\/2012\/07\/185725_103725249707412_6785434_n-300x200.jpg' src='http:\/\/donlucero.com\/wp-content\/uploads\/2012\/07\/185725_103725249707412_6785434_n-300x200.jpg' width='720' height='480' \/><\/a><div class='ftg-social'><\/div><\/div><div  class='tile ftg-preload  '><a title=\"\" data-lightbox='ftg-2424' rel='ftg-2424'  class=' tile-inner  ftg-lightbox' href='https:\/\/donlucero.com\/wp-content\/uploads\/2012\/07\/185853_103725186374085_3338292_n.jpg' ><img alt='' class='item skip-lazy' data-class='item' data-ftg-source='http:\/\/donlucero.com\/wp-content\/uploads\/2012\/07\/185853_103725186374085_3338292_n-200x300.jpg' src='http:\/\/donlucero.com\/wp-content\/uploads\/2012\/07\/185853_103725186374085_3338292_n-200x300.jpg' width='480' height='720' \/><\/a><div class='ftg-social'><\/div><\/div><\/div><\/div><script type='text\/javascript'>jQuery('#ftg-2424 img.item').removeAttr('src');jQuery(document).ready(function () {setTimeout(function () {jQuery('#ftg-2424').finalTilesGallery({minTileWidth: 100,margin: 2,loadMethod: 'sequential',nonce: 'da0ec19fc3',galleryId: '24',setupFilters: true,layout: 'columns',debug: false,gridSize: 43,disableGridSizeBelow:800,allowEnlargement: true,columns: [[4000, 4],[1024, 4],[800, 3],[480, 3],[320, 2]],selectedFilter: 'n-a'});jQuery(function () {(function () {var rel = '';jQuery('#ftg-2424 .ftg-lightbox').click(function (e) {rel = jQuery(this).attr('rel');jQuery('#ftg-2424 .ftg-current').removeClass('ftg-current');jQuery('#ftg-2424 [rel=\"'+rel+'\"]').addClass('ftg-current');});})();});}, 0);});<\/script>\n<div class=\"projectInfoTitle font1\">Sinopsis<\/div>\n<p>La trayectoria de Jos\u00e9 Porcel, dedicada a la danza espa\u00f1ola y el flamenco desde sus inicios, se ha forjado con destacados nombres de creadores y compa\u00f1\u00edas del mundo del flamenco espa\u00f1ol. \u201cLibre Albedr\u00edo\u201d es un espect\u00e1culo lleno de sensualidad y lirismo marcado por la tradici\u00f3n y la modernidad que se manifiesta en el escenario en un intento de mostrar el j\u00fabilo del ser humano como esp\u00edritu libre e indomable. Ocho m\u00fasicos en directo y ocho bailarines coreografiados por artistas de la talla de Isabel Bay\u00f3n, J. Porcel, Rub\u00e9n Olmo y Roc\u00edo Molina nos ofrecer\u00e1n un espect\u00e1culo imprevisible, desgarrado y huidizo que emerge con el resplandor de un \u00b4\u00b4siempre\u00b4\u00b4 que contiene presente, pasado y futuro.<\/p>\n<div class=\"projectInfoTitle font1\">Experiencia<\/div>\n<p>Jos\u00e9 Porcel es uno de esos artistas grandes que se ocupan e interesan en todas las partes de sus espect\u00e1culos, ultimando los detalles y ensayando con un nivel de exigencia incre\u00edble. Para este espect\u00e1culo realizamos una estructura donde los diferentes palos y coreograf\u00edas fueron ambientados coordinadamente con la m\u00fasica y tuvieran su propia identidad. Acompa\u00f1ando el torrente de emociones que este artista junto a su compa\u00f1\u00eda son capaces de ofrecer.<\/p>\n<div class=\"projectInfoTitle font1\">Ficha Art\u00edstica<\/div>\n<ul>\n<li>Bailaoras: Esther Jurado, Leticia Calatayud, Mar\u00eda Fern\u00e1ndez, To\u00f1i Estepa, Roc\u00edo Montoya.<\/li>\n<li>Bailaores: Jos\u00e9 Porcel, Adri\u00e1n Santana, Jos\u00e9 Maldonado, Eduardo Leal.<\/li>\n<li>M\u00fasicos: Juan Requena, Paco Vidal, Sergio Mart\u00ednez, Batio, Ra\u00fal M\u00e1rquez.<\/li>\n<\/ul>\n<div class=\"projectInfoTitle font1\">Ficha T\u00e9cnica<\/div>\n<ul>\n<li>Direcci\u00f3n: Jos\u00e9 Luis Saiz<\/li>\n<li>Dise\u00f1o Iluminaci\u00f3n: Ezequiel Nobili<\/li>\n<li>Dise\u00f1o de Sonido:&nbsp;Luis Drake<\/li>\n<li>Coreograf\u00eda: Isabel Bay\u00f3n, Jos\u00e9 Porcel, Rub\u00e9n Olmo, Roc\u00edo Molina<\/li>\n<li>Distribuci\u00f3n:&nbsp; Isabel Rufino<\/li>\n<li>Vestuario: Dolores Porcel<\/li>\n<\/ul>\n<div class=\"projectInfoTitle font1\">Links<\/div>\n<ul>\n<li><a href=\"http:\/\/www.joseporcel.com\/index.php\/espectaculos\/anteriores\/libre-albedrio\" target=\"_blank\" rel=\"noopener\">P\u00e1gina del artista<\/a><\/li>\n<li><a href=\"https:\/\/www.facebook.com\/groups\/49608306154\/?fref=ts\" target=\"_blank\" rel=\"noopener\">Facebook<\/a><\/li>\n<li><a href=\"https:\/\/youtu.be\/iVsMbuxzOTU\" target=\"_blank\" rel=\"noopener\">Videos enlace 1<\/a><\/li>\n<li><a href=\"https:\/\/youtu.be\/cdoxC7UFQDQ\" target=\"_blank\" rel=\"noopener\">Videos enlace 2<\/a><\/li>\n<\/ul>\n","protected":false},"excerpt":{"rendered":"<p>Libre Albedr\u00edo, 2007-2008,&nbsp;Gira Espa\u00f1a Sinopsis La trayectoria de Jos\u00e9 Porcel, dedicada a la danza espa\u00f1ola y el flamenco desde sus inicios, se ha forjado con destacados nombres de creadores y compa\u00f1\u00edas del mundo del flamenco espa\u00f1ol. \u201cLibre Albedr\u00edo\u201d es un espect\u00e1culo lleno de sensualidad y lirismo marcado por la tradici\u00f3n y la modernidad que se<\/p>\n","protected":false},"author":1,"featured_media":0,"parent":0,"menu_order":0,"comment_status":"open","ping_status":"open","template":"","meta":[],"_links":{"self":[{"href":"https:\/\/donlucero.com\/index.php\/wp-json\/wp\/v2\/pages\/1550"}],"collection":[{"href":"https:\/\/donlucero.com\/index.php\/wp-json\/wp\/v2\/pages"}],"about":[{"href":"https:\/\/donlucero.com\/index.php\/wp-json\/wp\/v2\/types\/page"}],"author":[{"embeddable":true,"href":"https:\/\/donlucero.com\/index.php\/wp-json\/wp\/v2\/users\/1"}],"replies":[{"embeddable":true,"href":"https:\/\/donlucero.com\/index.php\/wp-json\/wp\/v2\/comments?post=1550"}],"version-history":[{"count":15,"href":"https:\/\/donlucero.com\/index.php\/wp-json\/wp\/v2\/pages\/1550\/revisions"}],"predecessor-version":[{"id":2126,"href":"https:\/\/donlucero.com\/index.php\/wp-json\/wp\/v2\/pages\/1550\/revisions\/2126"}],"wp:attachment":[{"href":"https:\/\/donlucero.com\/index.php\/wp-json\/wp\/v2\/media?parent=1550"}],"curies":[{"name":"wp","href":"https:\/\/api.w.org\/{rel}","templated":true}]}}