{"id":1795,"date":"2015-07-17T16:20:18","date_gmt":"2015-07-17T16:20:18","guid":{"rendered":"http:\/\/donlucero.com\/?page_id=1795"},"modified":"2023-06-30T22:00:06","modified_gmt":"2023-06-30T22:00:06","slug":"antonio-carmona-pablo-rosenberg","status":"publish","type":"page","link":"https:\/\/donlucero.com\/index.php\/antonio-carmona-pablo-rosenberg","title":{"rendered":"Antonio Carmona &#038; Pavlo Rosenberg"},"content":{"rendered":"<div class=\"projectInfoTitle font1\">\u201cMAD-TLV-MAD\u201d &#8211; 8\u00baFestival Suma Flamenca &#8211; 14-06-2013 &#8211; Teatros del Canal &#8211; Madrid<\/div>\n<!-- Final Tiles Grid Gallery for WordPress v3.5.8 free --><style>#ftg-2929 .tile .icon { color:#ffffff; }#ftg-2929 .ftg-items .loading-bar i { background:#666; }#ftg-2929 .ftg-items .loading-bar { background:#fff; }#ftg-2929 .tile .icon { font-size:12px; }#ftg-2929 .tile .icon { margin: -6px 0 0 -6px; }#ftg-2929 .tile .caption-block .text-wrapper span.text { font-size:12px; }#ftg-2929 .tile .caption-outside .text-wrapper span.text { font-size:12px; }#ftg-2929 .tile .caption-block .text-wrapper span.title { font-size:14px; }#ftg-2929 .tile .caption-outside .text-wrapper span.title { font-size:14px; }#ftg-2929 .tile { background-color: transparent; }#ftg-2929 .tile .caption-block .text-wrapper span.text { color: #ffffff; }#ftg-2929 .tile .caption-block .text-wrapper span.title { color: #ffffff; }#ftg-2929 .tile .caption-outside .text-wrapper span.text { color: #ffffff; }#ftg-2929 .tile .caption-outside .text-wrapper span.title { color: #ffffff; }#ftg-2929 .tile .ftg-social a { color: #ffffff; }#ftg-2929 .tile .caption-block { transition-duration:0.25s; }#ftg-2929 .tile .tile-inner:before { background-color: #000000; }#ftg-2929 .tile .tile-inner:before { background-color: rgba(0, 0, 0, 0.8); }#ftg-2929 .tile:hover img {-moz-transform: ;-webkit-transform: ;-o-transform: ;-ms-transform: ;transform: ;}#ftg-2929 .tile .icon {-moz-transition: all .5s;-webkit-transition: all .5s;-o-transition: all .5s;-ms-transition: all .5s;transition: all .5s;}#ftg-2929 .tile:hover .icon {-moz-transform: rotate(360deg);-webkit-transform: rotate(360deg);-o-transform: rotate(360deg);-ms-transform: rotate(360deg);transform: rotate(360deg);}<\/style><a name='29'><\/a><div class='final-tiles-gallery  ftg-hover-enabled caption-inside  caption-none caption-middle caption-center' id='ftg-2929' style='width:100%'><div class='ftg-items'><div class='loading-bar'><i><\/i><\/div><div  class='tile ftg-preload  '><a title=\"\" data-lightbox='ftg-2929' rel='ftg-2929'  class=' tile-inner  ftg-lightbox' href='https:\/\/donlucero.com\/wp-content\/uploads\/2015\/07\/11083854_819093024837294_96165470840684011_n.jpg' ><img alt='' class='item skip-lazy' data-class='item' data-ftg-source='http:\/\/donlucero.com\/wp-content\/uploads\/2015\/07\/11083854_819093024837294_96165470840684011_n-150x150.jpg' src='http:\/\/donlucero.com\/wp-content\/uploads\/2015\/07\/11083854_819093024837294_96165470840684011_n-150x150.jpg' width='450' height='300' \/><\/a><div class='ftg-social'><\/div><\/div><div  class='tile ftg-preload  '><a title=\"\" data-lightbox='ftg-2929' rel='ftg-2929'  class=' tile-inner  ftg-lightbox' href='https:\/\/donlucero.com\/wp-content\/uploads\/2015\/07\/11073905_819092978170632_1337431398727395492_n.jpg' ><img alt='' class='item skip-lazy' data-class='item' data-ftg-source='http:\/\/donlucero.com\/wp-content\/uploads\/2015\/07\/11073905_819092978170632_1337431398727395492_n-150x150.jpg' src='http:\/\/donlucero.com\/wp-content\/uploads\/2015\/07\/11073905_819092978170632_1337431398727395492_n-150x150.jpg' width='960' height='640' \/><\/a><div class='ftg-social'><\/div><\/div><div  class='tile ftg-preload  '><a title=\"\" data-lightbox='ftg-2929' rel='ftg-2929'  class=' tile-inner  ftg-lightbox' href='https:\/\/donlucero.com\/wp-content\/uploads\/2015\/07\/10930924_819092961503967_8565235018531766659_n.jpg' ><img alt='' class='item skip-lazy' data-class='item' data-ftg-source='http:\/\/donlucero.com\/wp-content\/uploads\/2015\/07\/10930924_819092961503967_8565235018531766659_n-150x150.jpg' src='http:\/\/donlucero.com\/wp-content\/uploads\/2015\/07\/10930924_819092961503967_8565235018531766659_n-150x150.jpg' width='960' height='640' \/><\/a><div class='ftg-social'><\/div><\/div><div  class='tile ftg-preload  '><a title=\"\" data-lightbox='ftg-2929' rel='ftg-2929'  class=' tile-inner  ftg-lightbox' href='https:\/\/donlucero.com\/wp-content\/uploads\/2015\/07\/10408918_819093014837295_5533699755007050347_n.jpg' ><img alt='' class='item skip-lazy' data-class='item' data-ftg-source='http:\/\/donlucero.com\/wp-content\/uploads\/2015\/07\/10408918_819093014837295_5533699755007050347_n-150x150.jpg' src='http:\/\/donlucero.com\/wp-content\/uploads\/2015\/07\/10408918_819093014837295_5533699755007050347_n-150x150.jpg' width='960' height='640' \/><\/a><div class='ftg-social'><\/div><\/div><div  class='tile ftg-preload  '><a title=\"\" data-lightbox='ftg-2929' rel='ftg-2929'  class=' tile-inner  ftg-lightbox' href='https:\/\/donlucero.com\/wp-content\/uploads\/2015\/07\/10310641_819092981503965_7238136315987162483_n.jpg' ><img alt='' class='item skip-lazy' data-class='item' data-ftg-source='http:\/\/donlucero.com\/wp-content\/uploads\/2015\/07\/10310641_819092981503965_7238136315987162483_n-150x150.jpg' src='http:\/\/donlucero.com\/wp-content\/uploads\/2015\/07\/10310641_819092981503965_7238136315987162483_n-150x150.jpg' width='960' height='640' \/><\/a><div class='ftg-social'><\/div><\/div><div  class='tile ftg-preload  '><a title=\"\" data-lightbox='ftg-2929' rel='ftg-2929'  class=' tile-inner  ftg-lightbox' href='https:\/\/donlucero.com\/wp-content\/uploads\/2015\/07\/10013886_819092971503966_6273549103962433395_n.jpg' ><img alt='' class='item skip-lazy' data-class='item' data-ftg-source='http:\/\/donlucero.com\/wp-content\/uploads\/2015\/07\/10013886_819092971503966_6273549103962433395_n-150x150.jpg' src='http:\/\/donlucero.com\/wp-content\/uploads\/2015\/07\/10013886_819092971503966_6273549103962433395_n-150x150.jpg' width='960' height='640' \/><\/a><div class='ftg-social'><\/div><\/div><div  class='tile ftg-preload  '><a title=\"\" data-lightbox='ftg-2929' rel='ftg-2929'  class=' tile-inner  ftg-lightbox' href='https:\/\/donlucero.com\/wp-content\/uploads\/2015\/07\/1017730_495185867228013_2086138491_n.jpg' ><img alt='' class='item skip-lazy' data-class='item' data-ftg-source='http:\/\/donlucero.com\/wp-content\/uploads\/2015\/07\/1017730_495185867228013_2086138491_n-150x150.jpg' src='http:\/\/donlucero.com\/wp-content\/uploads\/2015\/07\/1017730_495185867228013_2086138491_n-150x150.jpg' width='960' height='640' \/><\/a><div class='ftg-social'><\/div><\/div><div  class='tile ftg-preload  '><a title=\"\" data-lightbox='ftg-2929' rel='ftg-2929'  class=' tile-inner  ftg-lightbox' href='https:\/\/donlucero.com\/wp-content\/uploads\/2015\/07\/1004897_495185943894672_817384714_n.jpg' ><img alt='' class='item skip-lazy' data-class='item' data-ftg-source='http:\/\/donlucero.com\/wp-content\/uploads\/2015\/07\/1004897_495185943894672_817384714_n-150x150.jpg' src='http:\/\/donlucero.com\/wp-content\/uploads\/2015\/07\/1004897_495185943894672_817384714_n-150x150.jpg' width='960' height='640' \/><\/a><div class='ftg-social'><\/div><\/div><div  class='tile ftg-preload  '><a title=\"\" data-lightbox='ftg-2929' rel='ftg-2929'  class=' tile-inner  ftg-lightbox' href='https:\/\/donlucero.com\/wp-content\/uploads\/2015\/07\/1005216_495185763894690_1068584779_n.jpg' ><img alt='' class='item skip-lazy' data-class='item' data-ftg-source='http:\/\/donlucero.com\/wp-content\/uploads\/2015\/07\/1005216_495185763894690_1068584779_n-150x150.jpg' src='http:\/\/donlucero.com\/wp-content\/uploads\/2015\/07\/1005216_495185763894690_1068584779_n-150x150.jpg' width='960' height='640' \/><\/a><div class='ftg-social'><\/div><\/div><div  class='tile ftg-preload  '><a title=\"\" data-lightbox='ftg-2929' rel='ftg-2929'  class=' tile-inner  ftg-lightbox' href='https:\/\/donlucero.com\/wp-content\/uploads\/2015\/07\/1002479_495185907228009_1772140901_n.jpg' ><img alt='' class='item skip-lazy' data-class='item' data-ftg-source='http:\/\/donlucero.com\/wp-content\/uploads\/2015\/07\/1002479_495185907228009_1772140901_n-150x150.jpg' src='http:\/\/donlucero.com\/wp-content\/uploads\/2015\/07\/1002479_495185907228009_1772140901_n-150x150.jpg' width='960' height='640' \/><\/a><div class='ftg-social'><\/div><\/div><div  class='tile ftg-preload  '><a title=\"\" data-lightbox='ftg-2929' rel='ftg-2929'  class=' tile-inner  ftg-lightbox' href='https:\/\/donlucero.com\/wp-content\/uploads\/2015\/07\/995946_495185767228023_1377389855_n.jpg' ><img alt='' class='item skip-lazy' data-class='item' data-ftg-source='http:\/\/donlucero.com\/wp-content\/uploads\/2015\/07\/995946_495185767228023_1377389855_n-150x150.jpg' src='http:\/\/donlucero.com\/wp-content\/uploads\/2015\/07\/995946_495185767228023_1377389855_n-150x150.jpg' width='960' height='640' \/><\/a><div class='ftg-social'><\/div><\/div><div  class='tile ftg-preload  '><a title=\"\" data-lightbox='ftg-2929' rel='ftg-2929'  class=' tile-inner  ftg-lightbox' href='https:\/\/donlucero.com\/wp-content\/uploads\/2015\/07\/28773_495186047227995_994835065_n.jpg' ><img alt='' class='item skip-lazy' data-class='item' data-ftg-source='http:\/\/donlucero.com\/wp-content\/uploads\/2015\/07\/28773_495186047227995_994835065_n-150x150.jpg' src='http:\/\/donlucero.com\/wp-content\/uploads\/2015\/07\/28773_495186047227995_994835065_n-150x150.jpg' width='960' height='640' \/><\/a><div class='ftg-social'><\/div><\/div><\/div><\/div><script type='text\/javascript'>jQuery('#ftg-2929 img.item').removeAttr('src');jQuery(document).ready(function () {setTimeout(function () {jQuery('#ftg-2929').finalTilesGallery({minTileWidth: 100,margin: 2,loadMethod: 'sequential',nonce: '5f70a299c3',galleryId: '29',setupFilters: true,layout: 'columns',debug: false,gridSize: 43,disableGridSizeBelow:800,allowEnlargement: true,columns: [[4000, 4],[1024, 4],[800, 3],[480, 3],[320, 2]],selectedFilter: 'n-a'});jQuery(function () {(function () {var rel = '';jQuery('#ftg-2929 .ftg-lightbox').click(function (e) {rel = jQuery(this).attr('rel');jQuery('#ftg-2929 .ftg-current').removeClass('ftg-current');jQuery('#ftg-2929 [rel=\"'+rel+'\"]').addClass('ftg-current');});})();});}, 0);});<\/script>\n<div class=\"projectInfoTitle font1\">Sinopsis<\/div>\n<p>Antonio Carmona &#8211; cantante, compositor y productor del nuevo flamenco internacional y Pavlo Rosenberg &#8211; cantante de pop-rock-\u00e9tnico de Israel, se re\u00fanen para ofrecer una misma actuaci\u00f3n. Pavlo (nacido en Argentina) ha grabado dos canciones de Antonio versionadas en hebreo y tras organizar un encuentro en Madrid, comenz\u00f3 una gran amistad y asociaci\u00f3n laboral. Pavlo fue invitado a participar en un concierto junto a Antonio en el verano de 2012 en Marbella, tras el cual comenz\u00f3 este proyecto en com\u00fan para posteriormente realizar otras colaboraciones. De esta colaboraci\u00f3n nacen sonidos que hacen recorrer todos los ritmos, desde el flamenco, el rock y el pop, hasta los m\u00e1s \u00e9tnicos. Navegando entre las culturas hebrea, marroqu\u00ed, jud\u00eda y gitana, se ha creado un festival que emociona, lleno de alegr\u00eda. La actuaci\u00f3n tiene una duraci\u00f3n de dos horas, con una orquesta de ocho m\u00fasicos y que tuvo un gran \u00e9xito el a\u00f1o pasado cuando fue presentada en Tel- Aviv.<\/p>\n<div class=\"projectInfoTitle font1\">Experiencia<\/div>\n<p>La m\u00fasica de Antonio y Pavlo elegida para sus repertorios en este festival, fue una exquisita selecci\u00f3n de sus respectivas carreras profesionales. Canciones con ambientes sonoros muy sugerentes, otras con ritmos alegres y festivos y tambi\u00e9n no faltaron climas \u00edntimos llenos de belleza y emoci\u00f3n. En una cl\u00e1sica puesta de festival, los tiempos de direcci\u00f3n, adaptaci\u00f3n y programaci\u00f3n son cruciales. As\u00ed que acordamos con la direcci\u00f3n t\u00e9cnica los cambios necesarios con previsi\u00f3n, adem\u00e1s de una pre-programaci\u00f3n en estudio. La estructura del show ten\u00eda partes bien diferenciadas donde cambiando los fondos conseguimos dar un marco visual dedicado, con una combinaci\u00f3n de colores acordes a los climas y disfrutar las transiciones musicales, fueron esenciales para comunicar la alegr\u00eda y emociones que estos magos de la m\u00fasica ofrecieron en este concierto hist\u00f3rico de la m\u00fasica flamenca actual.<\/p>\n<div class=\"projectInfoTitle font1\">Ficha T\u00e9cnica<\/div>\n<ul>\n<li>Direcci\u00f3n T\u00e9cnica: Juan Carlos Osuna<\/li>\n<li>Jefe de Escenario: Rub\u00e9n Dar\u00edo R\u00edos<\/li>\n<li>Dise\u00f1o Sonido: Manolo Camacho<\/li>\n<li>Dise\u00f1o Iluminaci\u00f3n: Ezequiel Nobili<\/li>\n<li>Jefe de Producci\u00f3n: Mariola Orellana<\/li>\n<li>Producci\u00f3n: Jos\u00e9 Luis Mauri<\/li>\n<\/ul>\n<div class=\"projectInfoTitle font1\">Links<\/div>\n<ul>\n<li><a href=\"http:\/\/www.entre-arte.es\/antoniocarmona\/\" target=\"_blank\" rel=\"noopener\">Web oficial<\/a><\/li>\n<li><a href=\"http:\/\/www.universalmusic.es\/es_ES\/detalleartista\/62\/antonio-carmona\" target=\"_blank\" rel=\"noopener\">Universal Music<\/a><\/li>\n<li><a href=\"http:\/\/es.wikipedia.org\/wiki\/Antonio_Carmona\" target=\"_blank\" rel=\"noopener\">Wikipedia Antonio Carmona<\/a><\/li>\n<li><a href=\"https:\/\/es.wikipedia.org\/wiki\/Pablo_Rosenberg\" target=\"_blank\" rel=\"noopener\">Wikipedia Pablo Rosenberg<\/a><\/li>\n<li><a href=\"https:\/\/www.youtube.com\/watch?v=jZPlywAeHP0\" target=\"_blank\" rel=\"noopener\">Videos<\/a><\/li>\n<\/ul>\n","protected":false},"excerpt":{"rendered":"<p>\u201cMAD-TLV-MAD\u201d &#8211; 8\u00baFestival Suma Flamenca &#8211; 14-06-2013 &#8211; Teatros del Canal &#8211; Madrid Sinopsis Antonio Carmona &#8211; cantante, compositor y productor del nuevo flamenco internacional y Pavlo Rosenberg &#8211; cantante de pop-rock-\u00e9tnico de Israel, se re\u00fanen para ofrecer una misma actuaci\u00f3n. Pavlo (nacido en Argentina) ha grabado dos canciones de Antonio versionadas en hebreo y<\/p>\n","protected":false},"author":1,"featured_media":0,"parent":0,"menu_order":0,"comment_status":"open","ping_status":"open","template":"","meta":[],"_links":{"self":[{"href":"https:\/\/donlucero.com\/index.php\/wp-json\/wp\/v2\/pages\/1795"}],"collection":[{"href":"https:\/\/donlucero.com\/index.php\/wp-json\/wp\/v2\/pages"}],"about":[{"href":"https:\/\/donlucero.com\/index.php\/wp-json\/wp\/v2\/types\/page"}],"author":[{"embeddable":true,"href":"https:\/\/donlucero.com\/index.php\/wp-json\/wp\/v2\/users\/1"}],"replies":[{"embeddable":true,"href":"https:\/\/donlucero.com\/index.php\/wp-json\/wp\/v2\/comments?post=1795"}],"version-history":[{"count":8,"href":"https:\/\/donlucero.com\/index.php\/wp-json\/wp\/v2\/pages\/1795\/revisions"}],"predecessor-version":[{"id":2091,"href":"https:\/\/donlucero.com\/index.php\/wp-json\/wp\/v2\/pages\/1795\/revisions\/2091"}],"wp:attachment":[{"href":"https:\/\/donlucero.com\/index.php\/wp-json\/wp\/v2\/media?parent=1795"}],"curies":[{"name":"wp","href":"https:\/\/api.w.org\/{rel}","templated":true}]}}