{"id":1808,"date":"2015-07-17T16:40:01","date_gmt":"2015-07-17T16:40:01","guid":{"rendered":"http:\/\/donlucero.com\/?page_id=1808"},"modified":"2023-07-15T16:32:45","modified_gmt":"2023-07-15T16:32:45","slug":"innocence","status":"publish","type":"page","link":"https:\/\/donlucero.com\/index.php\/innocence","title":{"rendered":"Innocence"},"content":{"rendered":"<div class=\"projectInfoTitle font1\">\u201cThis is Love\u201d &#8211; III Gala Drag Queen de Alcorc\u00f3n 02-2014 &#8211; Teatro Buero Vallejos &#8211; Madrid<\/div>\n<!-- Final Tiles Grid Gallery for WordPress v3.5.8 free --><style>#ftg-3030 .tile .icon { color:#ffffff; }#ftg-3030 .ftg-items .loading-bar i { background:#666; }#ftg-3030 .ftg-items .loading-bar { background:#fff; }#ftg-3030 .tile .icon { font-size:12px; }#ftg-3030 .tile .icon { margin: -6px 0 0 -6px; }#ftg-3030 .tile .caption-block .text-wrapper span.text { font-size:12px; }#ftg-3030 .tile .caption-outside .text-wrapper span.text { font-size:12px; }#ftg-3030 .tile .caption-block .text-wrapper span.title { font-size:14px; }#ftg-3030 .tile .caption-outside .text-wrapper span.title { font-size:14px; }#ftg-3030 .tile { background-color: transparent; }#ftg-3030 .tile .caption-block .text-wrapper span.text { color: #ffffff; }#ftg-3030 .tile .caption-block .text-wrapper span.title { color: #ffffff; }#ftg-3030 .tile .caption-outside .text-wrapper span.text { color: #ffffff; }#ftg-3030 .tile .caption-outside .text-wrapper span.title { color: #ffffff; }#ftg-3030 .tile .ftg-social a { color: #ffffff; }#ftg-3030 .tile .caption-block { transition-duration:0.25s; }#ftg-3030 .tile .tile-inner:before { background-color: #000000; }#ftg-3030 .tile .tile-inner:before { background-color: rgba(0, 0, 0, 0.8); }#ftg-3030 .tile:hover img {-moz-transform: ;-webkit-transform: ;-o-transform: ;-ms-transform: ;transform: ;}#ftg-3030 .tile .icon {-moz-transition: all .5s;-webkit-transition: all .5s;-o-transition: all .5s;-ms-transition: all .5s;transition: all .5s;}#ftg-3030 .tile:hover .icon {-moz-transform: rotate(360deg);-webkit-transform: rotate(360deg);-o-transform: rotate(360deg);-ms-transform: rotate(360deg);transform: rotate(360deg);}<\/style><a name='30'><\/a><div class='final-tiles-gallery  ftg-hover-enabled caption-inside  caption-none caption-middle caption-center' id='ftg-3030' style='width:100%'><div class='ftg-items'><div class='loading-bar'><i><\/i><\/div><div  class='tile ftg-preload  '><a title=\"\" data-lightbox='ftg-3030' rel='ftg-3030'  class=' tile-inner  ftg-lightbox' href='https:\/\/donlucero.com\/wp-content\/uploads\/2015\/07\/1974364_600305046716094_499121227_o-1024x683.jpg' ><img alt='' class='item skip-lazy' data-class='item' data-ftg-source='http:\/\/donlucero.com\/wp-content\/uploads\/2015\/07\/1974364_600305046716094_499121227_o-150x150.jpg' src='http:\/\/donlucero.com\/wp-content\/uploads\/2015\/07\/1974364_600305046716094_499121227_o-150x150.jpg' width='2048' height='1366' \/><\/a><div class='ftg-social'><\/div><\/div><div  class='tile ftg-preload  '><a title=\"\" data-lightbox='ftg-3030' rel='ftg-3030'  class=' tile-inner  ftg-lightbox' href='https:\/\/donlucero.com\/wp-content\/uploads\/2015\/07\/1965653_600304973382768_1192405085_o-1024x683.jpg' ><img alt='' class='item skip-lazy' data-class='item' data-ftg-source='http:\/\/donlucero.com\/wp-content\/uploads\/2015\/07\/1965653_600304973382768_1192405085_o-150x150.jpg' src='http:\/\/donlucero.com\/wp-content\/uploads\/2015\/07\/1965653_600304973382768_1192405085_o-150x150.jpg' width='2048' height='1366' \/><\/a><div class='ftg-social'><\/div><\/div><div  class='tile ftg-preload  '><a title=\"\" data-lightbox='ftg-3030' rel='ftg-3030'  class=' tile-inner  ftg-lightbox' href='https:\/\/donlucero.com\/wp-content\/uploads\/2015\/07\/1962830_600305153382750_1781667499_n.jpg' ><img alt='' class='item skip-lazy' data-class='item' data-ftg-source='http:\/\/donlucero.com\/wp-content\/uploads\/2015\/07\/1962830_600305153382750_1781667499_n-150x150.jpg' src='http:\/\/donlucero.com\/wp-content\/uploads\/2015\/07\/1962830_600305153382750_1781667499_n-150x150.jpg' width='960' height='640' \/><\/a><div class='ftg-social'><\/div><\/div><div  class='tile ftg-preload  '><a title=\"\" data-lightbox='ftg-3030' rel='ftg-3030'  class=' tile-inner  ftg-lightbox' href='https:\/\/donlucero.com\/wp-content\/uploads\/2015\/07\/1932413_600305126716086_1994183996_n.jpg' ><img alt='' class='item skip-lazy' data-class='item' data-ftg-source='http:\/\/donlucero.com\/wp-content\/uploads\/2015\/07\/1932413_600305126716086_1994183996_n-150x150.jpg' src='http:\/\/donlucero.com\/wp-content\/uploads\/2015\/07\/1932413_600305126716086_1994183996_n-150x150.jpg' width='960' height='708' \/><\/a><div class='ftg-social'><\/div><\/div><div  class='tile ftg-preload  '><a title=\"\" data-lightbox='ftg-3030' rel='ftg-3030'  class=' tile-inner  ftg-lightbox' href='https:\/\/donlucero.com\/wp-content\/uploads\/2015\/07\/1902004_600305173382748_1010810512_n.jpg' ><img alt='' class='item skip-lazy' data-class='item' data-ftg-source='http:\/\/donlucero.com\/wp-content\/uploads\/2015\/07\/1902004_600305173382748_1010810512_n-150x150.jpg' src='http:\/\/donlucero.com\/wp-content\/uploads\/2015\/07\/1902004_600305173382748_1010810512_n-150x150.jpg' width='960' height='640' \/><\/a><div class='ftg-social'><\/div><\/div><div  class='tile ftg-preload  '><a title=\"\" data-lightbox='ftg-3030' rel='ftg-3030'  class=' tile-inner  ftg-lightbox' href='https:\/\/donlucero.com\/wp-content\/uploads\/2015\/07\/1900783_600307040049228_478915803_o-1024x683.jpg' ><img alt='' class='item skip-lazy' data-class='item' data-ftg-source='http:\/\/donlucero.com\/wp-content\/uploads\/2015\/07\/1900783_600307040049228_478915803_o-150x150.jpg' src='http:\/\/donlucero.com\/wp-content\/uploads\/2015\/07\/1900783_600307040049228_478915803_o-150x150.jpg' width='2048' height='1366' \/><\/a><div class='ftg-social'><\/div><\/div><div  class='tile ftg-preload  '><a title=\"\" data-lightbox='ftg-3030' rel='ftg-3030'  class=' tile-inner  ftg-lightbox' href='https:\/\/donlucero.com\/wp-content\/uploads\/2015\/07\/1780091_600305066716092_446488571_o-1024x683.jpg' ><img alt='' class='item skip-lazy' data-class='item' data-ftg-source='http:\/\/donlucero.com\/wp-content\/uploads\/2015\/07\/1780091_600305066716092_446488571_o-150x150.jpg' src='http:\/\/donlucero.com\/wp-content\/uploads\/2015\/07\/1780091_600305066716092_446488571_o-150x150.jpg' width='2048' height='1366' \/><\/a><div class='ftg-social'><\/div><\/div><div  class='tile ftg-preload  '><a title=\"\" data-lightbox='ftg-3030' rel='ftg-3030'  class=' tile-inner  ftg-lightbox' href='https:\/\/donlucero.com\/wp-content\/uploads\/2015\/07\/1654812_600305016716097_1010223095_o-1024x683.jpg' ><img alt='' class='item skip-lazy' data-class='item' data-ftg-source='http:\/\/donlucero.com\/wp-content\/uploads\/2015\/07\/1654812_600305016716097_1010223095_o-150x150.jpg' src='http:\/\/donlucero.com\/wp-content\/uploads\/2015\/07\/1654812_600305016716097_1010223095_o-150x150.jpg' width='2048' height='1366' \/><\/a><div class='ftg-social'><\/div><\/div><div  class='tile ftg-preload  '><a title=\"\" data-lightbox='ftg-3030' rel='ftg-3030'  class=' tile-inner  ftg-lightbox' href='https:\/\/donlucero.com\/wp-content\/uploads\/2015\/07\/1524643_600305193382746_1327456896_n.jpg' ><img alt='' class='item skip-lazy' data-class='item' data-ftg-source='http:\/\/donlucero.com\/wp-content\/uploads\/2015\/07\/1524643_600305193382746_1327456896_n-150x150.jpg' src='http:\/\/donlucero.com\/wp-content\/uploads\/2015\/07\/1524643_600305193382746_1327456896_n-150x150.jpg' width='960' height='888' \/><\/a><div class='ftg-social'><\/div><\/div><\/div><\/div><script type='text\/javascript'>jQuery('#ftg-3030 img.item').removeAttr('src');jQuery(document).ready(function () {setTimeout(function () {jQuery('#ftg-3030').finalTilesGallery({minTileWidth: 100,margin: 2,loadMethod: 'sequential',nonce: '873aa943dc',galleryId: '30',setupFilters: true,layout: 'columns',debug: false,gridSize: 43,disableGridSizeBelow:800,allowEnlargement: true,columns: [[4000, 4],[1024, 4],[800, 3],[480, 3],[320, 2]],selectedFilter: 'n-a'});jQuery(function () {(function () {var rel = '';jQuery('#ftg-3030 .ftg-lightbox').click(function (e) {rel = jQuery(this).attr('rel');jQuery('#ftg-3030 .ftg-current').removeClass('ftg-current');jQuery('#ftg-3030 [rel=\"'+rel+'\"]').addClass('ftg-current');});})();});}, 0);});<\/script>\n<div class=\"projectInfoTitle font1\">Sinopsis<\/div>\n<p>Innocence actu\u00f3 el 22 de febrero en el Teatro Buero Vallejo de Alcorc\u00f3n durante la celebraci\u00f3n de la III Gala Drag Queen, una cita imprescindible con la m\u00fasica y el espect\u00e1culo. La cantante, interpret\u00f3 cinco temas de su \u00faltimo disco \u00abThis is love\u00bb, compuesto por diez canciones originales de m\u00fasica pop dance y grabado \u00edntegramente en Espa\u00f1a bajo la supervisi\u00f3n del Productor Ejecutivo Carlos Mar\u00edn. \u00abEste nuevo trabajo es m\u00e1s un \u00e1lbum dance, m\u00e1s alegre. Lleno de vida. Estoy emocionada, sobre todo por haber conocido a compositores nuevos que han cre\u00eddo en m\u00ed y en mi proyecto\u00bb, ha comentado Geraldine Larrosa. La tercera edici\u00f3n de este evento cont\u00f3 con la Supremme de Luxe como maestra de ceremonias.<\/p>\n<div class=\"projectInfoTitle font1\">Experiencia<\/div>\n<p>Ajustamos todos los detalles t\u00e9cnicos de la gala en preferencia a Innocence artista principal del evento, y coordinando con direcci\u00f3n una adaptaci\u00f3n para el resto de actuaciones que ten\u00edan lugar esa noche. Este nuevo disco lleno de fuerza musical y un gran despliegue de coreograf\u00edas adem\u00e1s de un vestuario magn\u00edfico fueron la base central del dise\u00f1o. Los efectos visuales coordinados con la iluminaci\u00f3n dieron el car\u00e1cter espectacular sin descuidar en ning\u00fan momento una imagen esplendorosa de la artista.<\/p>\n<div class=\"projectInfoTitle font1\">Ficha T\u00e9cnica<\/div>\n<ul>\n<li>Direcci\u00f3n T\u00e9cnica: Carol Mesa<\/li>\n<li>Dise\u00f1o Visuales: Aaron Khan<\/li>\n<li>Dise\u00f1o Sonido: Alberto Quinteros<\/li>\n<li>Dise\u00f1o Iluminaci\u00f3n: Ezequiel Nobili<\/li>\n<li>Jefe de Producci\u00f3n: Carlos Marin<\/li>\n<li>Iluminaci\u00f3n y Sonido: SonoMaster<\/li>\n<li>Fotos: EZN<\/li>\n<\/ul>\n<div class=\"projectInfoTitle font1\">Links<\/div>\n<ul>\n<li><a href=\"http:\/\/www.innocence.es\" target=\"_blank\" rel=\"noopener\">Web oficial<\/a><\/li>\n<li><a href=\"http:\/\/www.espectaculostercermilenio.com\" target=\"_blank\" rel=\"noopener\">Espect\u00e1culos tercer milenio<\/a><\/li>\n<li><a href=\"https:\/\/es.wikipedia.org\/wiki\/Innocence_(Geraldine_Larrosa)\" target=\"_blank\" rel=\"noopener\">Wikipedia Geraldine Larrosa<\/a><\/li>\n<\/ul>\n","protected":false},"excerpt":{"rendered":"<p>\u201cThis is Love\u201d &#8211; III Gala Drag Queen de Alcorc\u00f3n 02-2014 &#8211; Teatro Buero Vallejos &#8211; Madrid Sinopsis Innocence actu\u00f3 el 22 de febrero en el Teatro Buero Vallejo de Alcorc\u00f3n durante la celebraci\u00f3n de la III Gala Drag Queen, una cita imprescindible con la m\u00fasica y el espect\u00e1culo. La cantante, interpret\u00f3 cinco temas de<\/p>\n","protected":false},"author":1,"featured_media":0,"parent":0,"menu_order":0,"comment_status":"open","ping_status":"open","template":"","meta":[],"_links":{"self":[{"href":"https:\/\/donlucero.com\/index.php\/wp-json\/wp\/v2\/pages\/1808"}],"collection":[{"href":"https:\/\/donlucero.com\/index.php\/wp-json\/wp\/v2\/pages"}],"about":[{"href":"https:\/\/donlucero.com\/index.php\/wp-json\/wp\/v2\/types\/page"}],"author":[{"embeddable":true,"href":"https:\/\/donlucero.com\/index.php\/wp-json\/wp\/v2\/users\/1"}],"replies":[{"embeddable":true,"href":"https:\/\/donlucero.com\/index.php\/wp-json\/wp\/v2\/comments?post=1808"}],"version-history":[{"count":10,"href":"https:\/\/donlucero.com\/index.php\/wp-json\/wp\/v2\/pages\/1808\/revisions"}],"predecessor-version":[{"id":2102,"href":"https:\/\/donlucero.com\/index.php\/wp-json\/wp\/v2\/pages\/1808\/revisions\/2102"}],"wp:attachment":[{"href":"https:\/\/donlucero.com\/index.php\/wp-json\/wp\/v2\/media?parent=1808"}],"curies":[{"name":"wp","href":"https:\/\/api.w.org\/{rel}","templated":true}]}}