{"id":1865,"date":"2015-07-18T15:00:25","date_gmt":"2015-07-18T15:00:25","guid":{"rendered":"http:\/\/donlucero.com\/?page_id=1865"},"modified":"2023-06-30T21:58:55","modified_gmt":"2023-06-30T21:58:55","slug":"peliculeros","status":"publish","type":"page","link":"https:\/\/donlucero.com\/index.php\/peliculeros","title":{"rendered":"Peliculeros"},"content":{"rendered":"<div class=\"projectInfoTitle font1\">Peliculeros &#8211; Madrid Espa\u00f1a &#8211; 2014<\/div>\n<!-- Final Tiles Grid Gallery for WordPress v3.5.8 free --><style>#ftg-3535 .tile .icon { color:#ffffff; }#ftg-3535 .ftg-items .loading-bar i { background:#666; }#ftg-3535 .ftg-items .loading-bar { background:#fff; }#ftg-3535 .tile .icon { font-size:12px; }#ftg-3535 .tile .icon { margin: -6px 0 0 -6px; }#ftg-3535 .tile .caption-block .text-wrapper span.text { font-size:12px; }#ftg-3535 .tile .caption-outside .text-wrapper span.text { font-size:12px; }#ftg-3535 .tile .caption-block .text-wrapper span.title { font-size:14px; }#ftg-3535 .tile .caption-outside .text-wrapper span.title { font-size:14px; }#ftg-3535 .tile { background-color: transparent; }#ftg-3535 .tile .caption-block .text-wrapper span.text { color: #ffffff; }#ftg-3535 .tile .caption-block .text-wrapper span.title { color: #ffffff; }#ftg-3535 .tile .caption-outside .text-wrapper span.text { color: #ffffff; }#ftg-3535 .tile .caption-outside .text-wrapper span.title { color: #ffffff; }#ftg-3535 .tile .ftg-social a { color: #ffffff; }#ftg-3535 .tile .caption-block { transition-duration:0.25s; }#ftg-3535 .tile .tile-inner:before { background-color: #000000; }#ftg-3535 .tile .tile-inner:before { background-color: rgba(0, 0, 0, 0.8); }#ftg-3535 .tile:hover img {-moz-transform: ;-webkit-transform: ;-o-transform: ;-ms-transform: ;transform: ;}#ftg-3535 .tile .icon {-moz-transition: all .5s;-webkit-transition: all .5s;-o-transition: all .5s;-ms-transition: all .5s;transition: all .5s;}#ftg-3535 .tile:hover .icon {-moz-transform: rotate(360deg);-webkit-transform: rotate(360deg);-o-transform: rotate(360deg);-ms-transform: rotate(360deg);transform: rotate(360deg);}<\/style><a name='35'><\/a><div class='final-tiles-gallery  ftg-hover-enabled caption-inside  caption-none caption-middle caption-center' id='ftg-3535' style='width:100%'><div class='ftg-items'><div class='loading-bar'><i><\/i><\/div><div  class='tile ftg-preload  '><a title=\"\" data-lightbox='ftg-3535' rel='ftg-3535'  class=' tile-inner  ftg-lightbox' href='https:\/\/donlucero.com\/wp-content\/uploads\/2015\/07\/peliculeros-logo-fb.jpg' ><img alt='' class='item skip-lazy' data-class='item' data-ftg-source='http:\/\/donlucero.com\/wp-content\/uploads\/2015\/07\/peliculeros-logo-fb-150x150.jpg' src='http:\/\/donlucero.com\/wp-content\/uploads\/2015\/07\/peliculeros-logo-fb-150x150.jpg' width='595' height='421' \/><\/a><div class='ftg-social'><\/div><\/div><div  class='tile ftg-preload  '><a title=\"\" data-lightbox='ftg-3535' rel='ftg-3535'  class=' tile-inner  ftg-lightbox' href='https:\/\/donlucero.com\/wp-content\/uploads\/2015\/07\/peliculeros-completo-1.jpg' ><img alt='' class='item skip-lazy' data-class='item' data-ftg-source='http:\/\/donlucero.com\/wp-content\/uploads\/2015\/07\/peliculeros-completo-1-150x150.jpg' src='http:\/\/donlucero.com\/wp-content\/uploads\/2015\/07\/peliculeros-completo-1-150x150.jpg' width='512' height='384' \/><\/a><div class='ftg-social'><\/div><\/div><div  class='tile ftg-preload  '><a title=\"\" data-lightbox='ftg-3535' rel='ftg-3535'  class=' tile-inner  ftg-lightbox' href='https:\/\/donlucero.com\/wp-content\/uploads\/2015\/07\/peliculeros-6.jpg' ><img alt='' class='item skip-lazy' data-class='item' data-ftg-source='http:\/\/donlucero.com\/wp-content\/uploads\/2015\/07\/peliculeros-6-150x150.jpg' src='http:\/\/donlucero.com\/wp-content\/uploads\/2015\/07\/peliculeros-6-150x150.jpg' width='512' height='384' \/><\/a><div class='ftg-social'><\/div><\/div><div  class='tile ftg-preload  '><a title=\"\" data-lightbox='ftg-3535' rel='ftg-3535'  class=' tile-inner  ftg-lightbox' href='https:\/\/donlucero.com\/wp-content\/uploads\/2015\/07\/pelic2-1024x576.jpg' ><img alt='' class='item skip-lazy' data-class='item' data-ftg-source='http:\/\/donlucero.com\/wp-content\/uploads\/2015\/07\/pelic2-150x150.jpg' src='http:\/\/donlucero.com\/wp-content\/uploads\/2015\/07\/pelic2-150x150.jpg' width='1080' height='608' \/><\/a><div class='ftg-social'><\/div><\/div><div  class='tile ftg-preload  '><a title=\"\" data-lightbox='ftg-3535' rel='ftg-3535'  class=' tile-inner  ftg-lightbox' href='https:\/\/donlucero.com\/wp-content\/uploads\/2015\/07\/peli5.jpg' ><img alt='' class='item skip-lazy' data-class='item' data-ftg-source='http:\/\/donlucero.com\/wp-content\/uploads\/2015\/07\/peli5-150x150.jpg' src='http:\/\/donlucero.com\/wp-content\/uploads\/2015\/07\/peli5-150x150.jpg' width='480' height='360' \/><\/a><div class='ftg-social'><\/div><\/div><div  class='tile ftg-preload  '><a title=\"\" data-lightbox='ftg-3535' rel='ftg-3535'  class=' tile-inner  ftg-lightbox' href='https:\/\/donlucero.com\/wp-content\/uploads\/2015\/07\/peli4.jpg' ><img alt='' class='item skip-lazy' data-class='item' data-ftg-source='http:\/\/donlucero.com\/wp-content\/uploads\/2015\/07\/peli4-150x150.jpg' src='http:\/\/donlucero.com\/wp-content\/uploads\/2015\/07\/peli4-150x150.jpg' width='480' height='360' \/><\/a><div class='ftg-social'><\/div><\/div><div  class='tile ftg-preload  '><a title=\"\" data-lightbox='ftg-3535' rel='ftg-3535'  class=' tile-inner  ftg-lightbox' href='https:\/\/donlucero.com\/wp-content\/uploads\/2015\/07\/peli3.jpg' ><img alt='' class='item skip-lazy' data-class='item' data-ftg-source='http:\/\/donlucero.com\/wp-content\/uploads\/2015\/07\/peli3-150x150.jpg' src='http:\/\/donlucero.com\/wp-content\/uploads\/2015\/07\/peli3-150x150.jpg' width='480' height='360' \/><\/a><div class='ftg-social'><\/div><\/div><div  class='tile ftg-preload  '><a title=\"\" data-lightbox='ftg-3535' rel='ftg-3535'  class=' tile-inner  ftg-lightbox' href='https:\/\/donlucero.com\/wp-content\/uploads\/2015\/07\/pe4.jpg' ><img alt='' class='item skip-lazy' data-class='item' data-ftg-source='http:\/\/donlucero.com\/wp-content\/uploads\/2015\/07\/pe4-150x150.jpg' src='http:\/\/donlucero.com\/wp-content\/uploads\/2015\/07\/pe4-150x150.jpg' width='480' height='360' \/><\/a><div class='ftg-social'><\/div><\/div><div  class='tile ftg-preload  '><a title=\"\" data-lightbox='ftg-3535' rel='ftg-3535'  class=' tile-inner  ftg-lightbox' href='https:\/\/donlucero.com\/wp-content\/uploads\/2015\/07\/is.mtv_.it_.jpg' ><img alt='' class='item skip-lazy' data-class='item' data-ftg-source='http:\/\/donlucero.com\/wp-content\/uploads\/2015\/07\/is.mtv_.it_-150x150.jpg' src='http:\/\/donlucero.com\/wp-content\/uploads\/2015\/07\/is.mtv_.it_-150x150.jpg' width='600' height='290' \/><\/a><div class='ftg-social'><\/div><\/div><div  class='tile ftg-preload  '><a title=\"\" data-lightbox='ftg-3535' rel='ftg-3535'  class=' tile-inner  ftg-lightbox' href='https:\/\/donlucero.com\/wp-content\/uploads\/2015\/07\/1411654154095.jpg' ><img alt='' class='item skip-lazy' data-class='item' data-ftg-source='http:\/\/donlucero.com\/wp-content\/uploads\/2015\/07\/1411654154095-150x150.jpg' src='http:\/\/donlucero.com\/wp-content\/uploads\/2015\/07\/1411654154095-150x150.jpg' width='660' height='370' \/><\/a><div class='ftg-social'><\/div><\/div><div  class='tile ftg-preload  '><a title=\"\" data-lightbox='ftg-3535' rel='ftg-3535'  class=' tile-inner  ftg-lightbox' href='https:\/\/donlucero.com\/wp-content\/uploads\/2015\/07\/peliculeros1.jpg' ><img alt='' class='item skip-lazy' data-class='item' data-ftg-source='http:\/\/donlucero.com\/wp-content\/uploads\/2015\/07\/peliculeros1-150x150.jpg' src='http:\/\/donlucero.com\/wp-content\/uploads\/2015\/07\/peliculeros1-150x150.jpg' width='600' height='400' \/><\/a><div class='ftg-social'><\/div><\/div><div  class='tile ftg-preload  '><a title=\"\" data-lightbox='ftg-3535' rel='ftg-3535'  class=' tile-inner  ftg-lightbox' href='https:\/\/donlucero.com\/wp-content\/uploads\/2015\/07\/peliculeros-644x362.jpg' ><img alt='' class='item skip-lazy' data-class='item' data-ftg-source='http:\/\/donlucero.com\/wp-content\/uploads\/2015\/07\/peliculeros-644x362-150x150.jpg' src='http:\/\/donlucero.com\/wp-content\/uploads\/2015\/07\/peliculeros-644x362-150x150.jpg' width='644' height='362' \/><\/a><div class='ftg-social'><\/div><\/div><div  class='tile ftg-preload  '><a title=\"\" data-lightbox='ftg-3535' rel='ftg-3535'  class=' tile-inner  ftg-lightbox' href='https:\/\/donlucero.com\/wp-content\/uploads\/2015\/07\/maxresdefault-1024x576.jpg' ><img alt='' class='item skip-lazy' data-class='item' data-ftg-source='http:\/\/donlucero.com\/wp-content\/uploads\/2015\/07\/maxresdefault-150x150.jpg' src='http:\/\/donlucero.com\/wp-content\/uploads\/2015\/07\/maxresdefault-150x150.jpg' width='1080' height='608' \/><\/a><div class='ftg-social'><\/div><\/div><div  class='tile ftg-preload  '><a title=\"\" data-lightbox='ftg-3535' rel='ftg-3535'  class=' tile-inner  ftg-lightbox' href='https:\/\/donlucero.com\/wp-content\/uploads\/2015\/07\/maxresdefault-4-1024x576.jpg' ><img alt='' class='item skip-lazy' data-class='item' data-ftg-source='http:\/\/donlucero.com\/wp-content\/uploads\/2015\/07\/maxresdefault-4-150x150.jpg' src='http:\/\/donlucero.com\/wp-content\/uploads\/2015\/07\/maxresdefault-4-150x150.jpg' width='1080' height='608' \/><\/a><div class='ftg-social'><\/div><\/div><div  class='tile ftg-preload  '><a title=\"\" data-lightbox='ftg-3535' rel='ftg-3535'  class=' tile-inner  ftg-lightbox' href='https:\/\/donlucero.com\/wp-content\/uploads\/2015\/07\/maxresdefault-3-1024x576.jpg' ><img alt='' class='item skip-lazy' data-class='item' data-ftg-source='http:\/\/donlucero.com\/wp-content\/uploads\/2015\/07\/maxresdefault-3-150x150.jpg' src='http:\/\/donlucero.com\/wp-content\/uploads\/2015\/07\/maxresdefault-3-150x150.jpg' width='1080' height='608' \/><\/a><div class='ftg-social'><\/div><\/div><div  class='tile ftg-preload  '><a title=\"\" data-lightbox='ftg-3535' rel='ftg-3535'  class=' tile-inner  ftg-lightbox' href='https:\/\/donlucero.com\/wp-content\/uploads\/2015\/07\/maxresdefault-2-1024x576.jpg' ><img alt='' class='item skip-lazy' data-class='item' data-ftg-source='http:\/\/donlucero.com\/wp-content\/uploads\/2015\/07\/maxresdefault-2-150x150.jpg' src='http:\/\/donlucero.com\/wp-content\/uploads\/2015\/07\/maxresdefault-2-150x150.jpg' width='1080' height='608' \/><\/a><div class='ftg-social'><\/div><\/div><div  class='tile ftg-preload  '><a title=\"\" data-lightbox='ftg-3535' rel='ftg-3535'  class=' tile-inner  ftg-lightbox' href='https:\/\/donlucero.com\/wp-content\/uploads\/2015\/07\/descarga.jpeg' ><img alt='' class='item skip-lazy' data-class='item' data-ftg-source='http:\/\/donlucero.com\/wp-content\/uploads\/2015\/07\/descarga-150x150.jpeg' src='http:\/\/donlucero.com\/wp-content\/uploads\/2015\/07\/descarga-150x150.jpeg' width='600' height='290' \/><\/a><div class='ftg-social'><\/div><\/div><div  class='tile ftg-preload  '><a title=\"\" data-lightbox='ftg-3535' rel='ftg-3535'  class=' tile-inner  ftg-lightbox' href='https:\/\/donlucero.com\/wp-content\/uploads\/2015\/07\/completos-seccion.jpg' ><img alt='' class='item skip-lazy' data-class='item' data-ftg-source='http:\/\/donlucero.com\/wp-content\/uploads\/2015\/07\/completos-seccion-150x150.jpg' src='http:\/\/donlucero.com\/wp-content\/uploads\/2015\/07\/completos-seccion-150x150.jpg' width='595' height='217' \/><\/a><div class='ftg-social'><\/div><\/div><div  class='tile ftg-preload  '><a title=\"\" data-lightbox='ftg-3535' rel='ftg-3535'  class=' tile-inner  ftg-lightbox' href='https:\/\/donlucero.com\/wp-content\/uploads\/2015\/07\/a6204c_c50bfc5d1878485ca42d02032a19ed2d.jpg' ><img alt='' class='item skip-lazy' data-class='item' data-ftg-source='http:\/\/donlucero.com\/wp-content\/uploads\/2015\/07\/a6204c_c50bfc5d1878485ca42d02032a19ed2d-150x150.jpg' src='http:\/\/donlucero.com\/wp-content\/uploads\/2015\/07\/a6204c_c50bfc5d1878485ca42d02032a19ed2d-150x150.jpg' width='595' height='285' \/><\/a><div class='ftg-social'><\/div><\/div><div  class='tile ftg-preload  '><a title=\"\" data-lightbox='ftg-3535' rel='ftg-3535'  class=' tile-inner  ftg-lightbox' href='https:\/\/donlucero.com\/wp-content\/uploads\/2015\/07\/PeliculerosTeam1.jpg' ><img alt='' class='item skip-lazy' data-class='item' data-ftg-source='http:\/\/donlucero.com\/wp-content\/uploads\/2015\/07\/PeliculerosTeam1-150x150.jpg' src='http:\/\/donlucero.com\/wp-content\/uploads\/2015\/07\/PeliculerosTeam1-150x150.jpg' width='800' height='434' \/><\/a><div class='ftg-social'><\/div><\/div><\/div><\/div><script type='text\/javascript'>jQuery('#ftg-3535 img.item').removeAttr('src');jQuery(document).ready(function () {setTimeout(function () {jQuery('#ftg-3535').finalTilesGallery({minTileWidth: 100,margin: 2,loadMethod: 'sequential',nonce: 'da0ec19fc3',galleryId: '35',setupFilters: true,layout: 'columns',debug: false,gridSize: 43,disableGridSizeBelow:800,allowEnlargement: true,columns: [[4000, 4],[1024, 4],[800, 3],[480, 3],[320, 2]],selectedFilter: 'n-a'});jQuery(function () {(function () {var rel = '';jQuery('#ftg-3535 .ftg-lightbox').click(function (e) {rel = jQuery(this).attr('rel');jQuery('#ftg-3535 .ftg-current').removeClass('ftg-current');jQuery('#ftg-3535 [rel=\"'+rel+'\"]').addClass('ftg-current');});})();});}, 0);});<\/script>\n<div class=\"projectInfoTitle font1\">Sinopsis<\/div>\n<p>Peliculeros fue un programa de televisi\u00f3n espa\u00f1ol producido por 7 y Acci\u00f3n para Paramount Channel. Fu\u00e9 co-presentado por los colaboradores de El hormiguero Juan Ib\u00e1\u00f1ez, Dami\u00e1n Moll\u00e1 y Jorge Marr\u00f3n. El programa se estren\u00f3 el viernes 26 de septiembre de 2014 y termin\u00f3 su temporada el 25 de enero de 2015. Un total de 18 episodios de media hora dedicados al cine con mucho humor y picard\u00eda acercaron al p\u00fablico las novedades y curiosidades del s\u00e9ptimo arte.<\/p>\n<div class=\"projectInfoTitle font1\">Ficha T\u00e9cnica<\/div>\n<ul>\n<li>Productora: 7 y Acci\u00f3n<\/li>\n<li>Productores Ejecutivos: Jorge Salvador, Pablo Motos, Rafael Portela<\/li>\n<li>Producci\u00f3n: Jorge Ventosa \u2013 Enrique Perdigones \u2013 Daniel Alonso y Curro Nadal<\/li>\n<li>Presentadores:&nbsp;Juan Ib\u00e1\u00f1ez, Dami\u00e1n Moll\u00e1 y Jorge Marr\u00f3n.<\/li>\n<li>Gui\u00f3n: Iggy Rubin y Dani Piqueras<\/li>\n<li>Cadena de Televisi\u00f3n:&nbsp;Paramount Channel<\/li>\n<li>Director:&nbsp;Juan G. Rodriguez<\/li>\n<li>Asistente Direcci\u00f3n: David Fern\u00e1ndez<\/li>\n<li>Dise\u00f1o Decorados:&nbsp;Federico Vazquez<\/li>\n<li>Empresa de Sonido e Iluminaci\u00f3n:&nbsp;LSL Log\u00edstica de Sonido y Luces<\/li>\n<li>Empresa de video:&nbsp;Videoreport<\/li>\n<li>Control CCU: Leyre Madrid<\/li>\n<li>Edici\u00f3n: Arantxa G\u00f3mez<\/li>\n<li>Dise\u00f1o de Iluminaci\u00f3n:&nbsp;Ezequiel Nobili<\/li>\n<li>Jefe de Iluminaci\u00f3n:&nbsp;Antonio Palacios<\/li>\n<li>El\u00e9ctrico:&nbsp;\u00c1ngel Cano, Mario Gallego<\/li>\n<\/ul>\n<p>&nbsp;<\/p>\n<div class=\"projectInfoTitle font1\">Links<\/div>\n<ul>\n<li><a href=\"http:\/\/www.7yaccion.com\/programas\/peliculeros\/\" target=\"_blank\" rel=\"noopener\">P\u00e1gina productora<\/a><\/li>\n<li><a href=\"http:\/\/www.paramountchannel.es\/peliculeros\/\" target=\"_blank\" rel=\"noopener\">Web Antena<\/a><\/li>\n<li><a href=\"https:\/\/youtu.be\/CHeuKE5H21c?list=PLaLCAHqlpzhkKIE4Q_zCaqfaRaDv2FN2H\" target=\"_blank\" rel=\"noopener\">Link Videos 1<\/a><\/li>\n<li><a href=\"https:\/\/youtu.be\/Q3-yk2B-TXY?list=PLaLCAHqlpzhkKIE4Q_zCaqfaRaDv2FN2H\" target=\"_blank\" rel=\"noopener\">Link Videos&nbsp;2<\/a><\/li>\n<li><a href=\"https:\/\/youtu.be\/DeyTvwC_4Qs?list=PLaLCAHqlpzhkKIE4Q_zCaqfaRaDv2FN2H\" target=\"_blank\" rel=\"noopener\">Link Videos&nbsp;3<\/a><\/li>\n<li><a href=\"https:\/\/youtu.be\/jHjQMuXKgeI?list=PLaLCAHqlpzhkKIE4Q_zCaqfaRaDv2FN2H\" target=\"_blank\" rel=\"noopener\">Link Videos&nbsp;4<\/a><\/li>\n<li><a href=\"https:\/\/es.wikipedia.org\/wiki\/Peliculeros\" target=\"_blank\" rel=\"noopener\">Wikipedia espa\u00f1ol<\/a><\/li>\n<\/ul>\n<p>&nbsp;<\/p>\n","protected":false},"excerpt":{"rendered":"<p>Peliculeros &#8211; Madrid Espa\u00f1a &#8211; 2014 Sinopsis Peliculeros fue un programa de televisi\u00f3n espa\u00f1ol producido por 7 y Acci\u00f3n para Paramount Channel. Fu\u00e9 co-presentado por los colaboradores de El hormiguero Juan Ib\u00e1\u00f1ez, Dami\u00e1n Moll\u00e1 y Jorge Marr\u00f3n. El programa se estren\u00f3 el viernes 26 de septiembre de 2014 y termin\u00f3 su temporada el 25 de<\/p>\n","protected":false},"author":1,"featured_media":0,"parent":0,"menu_order":0,"comment_status":"open","ping_status":"open","template":"","meta":[],"_links":{"self":[{"href":"https:\/\/donlucero.com\/index.php\/wp-json\/wp\/v2\/pages\/1865"}],"collection":[{"href":"https:\/\/donlucero.com\/index.php\/wp-json\/wp\/v2\/pages"}],"about":[{"href":"https:\/\/donlucero.com\/index.php\/wp-json\/wp\/v2\/types\/page"}],"author":[{"embeddable":true,"href":"https:\/\/donlucero.com\/index.php\/wp-json\/wp\/v2\/users\/1"}],"replies":[{"embeddable":true,"href":"https:\/\/donlucero.com\/index.php\/wp-json\/wp\/v2\/comments?post=1865"}],"version-history":[{"count":13,"href":"https:\/\/donlucero.com\/index.php\/wp-json\/wp\/v2\/pages\/1865\/revisions"}],"predecessor-version":[{"id":2092,"href":"https:\/\/donlucero.com\/index.php\/wp-json\/wp\/v2\/pages\/1865\/revisions\/2092"}],"wp:attachment":[{"href":"https:\/\/donlucero.com\/index.php\/wp-json\/wp\/v2\/media?parent=1865"}],"curies":[{"name":"wp","href":"https:\/\/api.w.org\/{rel}","templated":true}]}}