{"id":1982,"date":"2015-07-22T08:32:46","date_gmt":"2015-07-22T08:32:46","guid":{"rendered":"http:\/\/donlucero.com\/?page_id=1982"},"modified":"2023-07-15T16:39:34","modified_gmt":"2023-07-15T16:39:34","slug":"jose-porcel-moralejas","status":"publish","type":"page","link":"https:\/\/donlucero.com\/index.php\/jose-porcel-moralejas","title":{"rendered":"Jos\u00e9 Porcel, \u201cMoralejas\u201d"},"content":{"rendered":"<div class=\"projectInfoTitle font1\">Jos\u00e9 Porcel Ballet Flamenco \u201cMoralejas\u201d, 2010 Gira Espa\u00f1a<\/div>\n<!-- Final Tiles Grid Gallery for WordPress v3.5.8 free --><style>#ftg-2424 .tile .icon { color:#ffffff; }#ftg-2424 .ftg-items .loading-bar i { background:#666; }#ftg-2424 .ftg-items .loading-bar { background:#fff; }#ftg-2424 .tile .icon { font-size:12px; }#ftg-2424 .tile .icon { margin: -6px 0 0 -6px; }#ftg-2424 .tile .caption-block .text-wrapper span.text { font-size:12px; }#ftg-2424 .tile .caption-outside .text-wrapper span.text { font-size:12px; }#ftg-2424 .tile .caption-block .text-wrapper span.title { font-size:14px; }#ftg-2424 .tile .caption-outside .text-wrapper span.title { font-size:14px; }#ftg-2424 .tile { background-color: transparent; }#ftg-2424 .tile .caption-block .text-wrapper span.text { color: #ffffff; }#ftg-2424 .tile .caption-block .text-wrapper span.title { color: #ffffff; }#ftg-2424 .tile .caption-outside .text-wrapper span.text { color: #ffffff; }#ftg-2424 .tile .caption-outside .text-wrapper span.title { color: #ffffff; }#ftg-2424 .tile .ftg-social a { color: #ffffff; }#ftg-2424 .tile .caption-block { transition-duration:0.25s; }#ftg-2424 .tile .tile-inner:before { background-color: #000000; }#ftg-2424 .tile .tile-inner:before { background-color: rgba(0, 0, 0, 0.8); }#ftg-2424 .tile:hover img {-moz-transform: ;-webkit-transform: ;-o-transform: ;-ms-transform: ;transform: ;}#ftg-2424 .tile .icon {-moz-transition: all .5s;-webkit-transition: all .5s;-o-transition: all .5s;-ms-transition: all .5s;transition: all .5s;}#ftg-2424 .tile:hover .icon {-moz-transform: rotate(360deg);-webkit-transform: rotate(360deg);-o-transform: rotate(360deg);-ms-transform: rotate(360deg);transform: rotate(360deg);}<\/style><a name='24'><\/a><div class='final-tiles-gallery  ftg-hover-enabled caption-inside  caption-none caption-middle caption-center' id='ftg-2424' style='width:100%'><div class='ftg-items'><div class='loading-bar'><i><\/i><\/div><div  class='tile ftg-preload  '><a title=\"\" data-lightbox='ftg-2424' rel='ftg-2424'  class=' tile-inner  ftg-lightbox' href='https:\/\/donlucero.com\/wp-content\/uploads\/2012\/07\/181623_103725299707407_2579633_n.jpg' ><img alt='' class='item skip-lazy' data-class='item' data-ftg-source='http:\/\/donlucero.com\/wp-content\/uploads\/2012\/07\/181623_103725299707407_2579633_n-300x200.jpg' src='http:\/\/donlucero.com\/wp-content\/uploads\/2012\/07\/181623_103725299707407_2579633_n-300x200.jpg' width='720' height='480' \/><\/a><div class='ftg-social'><\/div><\/div><div  class='tile ftg-preload  '><a title=\"\" data-lightbox='ftg-2424' rel='ftg-2424'  class=' tile-inner  ftg-lightbox' href='https:\/\/donlucero.com\/wp-content\/uploads\/2012\/07\/182093_103725103040760_6998507_n.jpg' ><img alt='' class='item skip-lazy' data-class='item' data-ftg-source='http:\/\/donlucero.com\/wp-content\/uploads\/2012\/07\/182093_103725103040760_6998507_n-200x300.jpg' src='http:\/\/donlucero.com\/wp-content\/uploads\/2012\/07\/182093_103725103040760_6998507_n-200x300.jpg' width='480' height='720' \/><\/a><div class='ftg-social'><\/div><\/div><div  class='tile ftg-preload  '><a title=\"\" data-lightbox='ftg-2424' rel='ftg-2424'  class=' tile-inner  ftg-lightbox' href='https:\/\/donlucero.com\/wp-content\/uploads\/2012\/07\/182431_103725129707424_4911083_n.jpg' ><img alt='' class='item skip-lazy' data-class='item' data-ftg-source='http:\/\/donlucero.com\/wp-content\/uploads\/2012\/07\/182431_103725129707424_4911083_n-300x200.jpg' src='http:\/\/donlucero.com\/wp-content\/uploads\/2012\/07\/182431_103725129707424_4911083_n-300x200.jpg' width='720' height='480' \/><\/a><div class='ftg-social'><\/div><\/div><div  class='tile ftg-preload  '><a title=\"\" data-lightbox='ftg-2424' rel='ftg-2424'  class=' tile-inner  ftg-lightbox' href='https:\/\/donlucero.com\/wp-content\/uploads\/2012\/07\/184097_103725376374066_3294178_n.jpg' ><img alt='' class='item skip-lazy' data-class='item' data-ftg-source='http:\/\/donlucero.com\/wp-content\/uploads\/2012\/07\/184097_103725376374066_3294178_n-300x200.jpg' src='http:\/\/donlucero.com\/wp-content\/uploads\/2012\/07\/184097_103725376374066_3294178_n-300x200.jpg' width='720' height='480' \/><\/a><div class='ftg-social'><\/div><\/div><div  class='tile ftg-preload  '><a title=\"\" data-lightbox='ftg-2424' rel='ftg-2424'  class=' tile-inner  ftg-lightbox' href='https:\/\/donlucero.com\/wp-content\/uploads\/2012\/07\/184184_103725046374099_5403873_n.jpg' ><img alt='' class='item skip-lazy' data-class='item' data-ftg-source='http:\/\/donlucero.com\/wp-content\/uploads\/2012\/07\/184184_103725046374099_5403873_n-300x200.jpg' src='http:\/\/donlucero.com\/wp-content\/uploads\/2012\/07\/184184_103725046374099_5403873_n-300x200.jpg' width='720' height='480' \/><\/a><div class='ftg-social'><\/div><\/div><div  class='tile ftg-preload  '><a title=\"\" data-lightbox='ftg-2424' rel='ftg-2424'  class=' tile-inner  ftg-lightbox' href='https:\/\/donlucero.com\/wp-content\/uploads\/2012\/07\/185725_103725249707412_6785434_n.jpg' ><img alt='' class='item skip-lazy' data-class='item' data-ftg-source='http:\/\/donlucero.com\/wp-content\/uploads\/2012\/07\/185725_103725249707412_6785434_n-300x200.jpg' src='http:\/\/donlucero.com\/wp-content\/uploads\/2012\/07\/185725_103725249707412_6785434_n-300x200.jpg' width='720' height='480' \/><\/a><div class='ftg-social'><\/div><\/div><div  class='tile ftg-preload  '><a title=\"\" data-lightbox='ftg-2424' rel='ftg-2424'  class=' tile-inner  ftg-lightbox' href='https:\/\/donlucero.com\/wp-content\/uploads\/2012\/07\/185853_103725186374085_3338292_n.jpg' ><img alt='' class='item skip-lazy' data-class='item' data-ftg-source='http:\/\/donlucero.com\/wp-content\/uploads\/2012\/07\/185853_103725186374085_3338292_n-200x300.jpg' src='http:\/\/donlucero.com\/wp-content\/uploads\/2012\/07\/185853_103725186374085_3338292_n-200x300.jpg' width='480' height='720' \/><\/a><div class='ftg-social'><\/div><\/div><\/div><\/div><script type='text\/javascript'>jQuery('#ftg-2424 img.item').removeAttr('src');jQuery(document).ready(function () {setTimeout(function () {jQuery('#ftg-2424').finalTilesGallery({minTileWidth: 100,margin: 2,loadMethod: 'sequential',nonce: '20ef8af2d4',galleryId: '24',setupFilters: true,layout: 'columns',debug: false,gridSize: 43,disableGridSizeBelow:800,allowEnlargement: true,columns: [[4000, 4],[1024, 4],[800, 3],[480, 3],[320, 2]],selectedFilter: 'n-a'});jQuery(function () {(function () {var rel = '';jQuery('#ftg-2424 .ftg-lightbox').click(function (e) {rel = jQuery(this).attr('rel');jQuery('#ftg-2424 .ftg-current').removeClass('ftg-current');jQuery('#ftg-2424 [rel=\"'+rel+'\"]').addClass('ftg-current');});})();});}, 0);});<\/script>\n<div class=\"projectInfoTitle font1\">Sinopsis<\/div>\n<p>&#8216;Moralejas&#8217; refleja, por medio de proyecciones, de la coreograf\u00eda y de la m\u00fasica en directo, la relaci\u00f3n y las ense\u00f1anzas que recibe un alumno de danza que pregunta a su profesor las inquietudes que tiene y que \u00e9ste le resuelve por medio de \u00abmoralejas\u00bb. Asi ha sido la manera con la que Jos\u00e9 ha querido rendir tributo a Mat\u00edn Vargas, su \u00abmaestro real\u00bb y del que no pudo despedirse cuando falleci\u00f3, en 2002 por encontrarse trabajando en Alemania. A pesar de inspirarse en su maestro, este montaje es una producci\u00f3n propia de su ballet, con \u00abtodo original para el espect\u00e1culo\u00bb, en la que \u00abno se hace nada\u00bb de \u00e9l.<\/p>\n<div class=\"projectInfoTitle font1\">Experiencia<\/div>\n<p>Con el gui\u00f3n en mano y unos cuantos ensayos generales, realizamos una propuesta para cada parte, con el video como hilo conductor, fue muy entretenido e interesante atrapar la atm\u00f3sfera de cada momento, de cada ense\u00f1anza. La fuerza de los bailarines con una genial coreograf\u00eda y la maravillosa m\u00fasica en directo, hicieron que sea muy apasionante el proceso creativo. Sorprendi\u00e9ndonos lo emocionante, nost\u00e1lgico y alegre del resultado final de la obra.<\/p>\n<div class=\"projectInfoTitle font1\">Ficha Art\u00edstica<\/div>\n<ul>\n<li>Composici\u00f3n MUSICAL: Juan PARRILLA, Jos\u00e9 Jim\u00e9nez \u201cEL VIEJIN\u201d, Jes\u00fas TORRES, Paco ARRIAGA<\/li>\n<li>Bailaoras: Leticia Calatayud, Patricia Gor\u00f3 e Inmaculada Aranda<\/li>\n<li>Bailaores: Alberto Ruiz, Jos\u00e9 Antonio Jurado y Jos\u00e9 Porcel<\/li>\n<li>Guitarristas: Rub\u00e9n Campos, V\u00edctor M\u00e1rquez y Juan Jim\u00e9nez<\/li>\n<li>Cantaores: David V\u00e1zquez, Naike Ponce y Jes\u00fas Corbacho<\/li>\n<li>Percusi\u00f3n: Miguel Ortiz\u2028Flauta: Diego Vallegas<\/li>\n<li>Repetidora: Leticia Calatayud<\/li>\n<\/ul>\n<div class=\"projectInfoTitle font1\">Ficha T\u00e9cnica<\/div>\n<ul>\n<li>Direcci\u00f3n: Jos\u00e9 Porcel<\/li>\n<li>Dramaturgia: Luis LLORENTE<\/li>\n<li>Dise\u00f1o Iluminaci\u00f3n: Ezequiel Nobili<\/li>\n<li>Dise\u00f1o de Sonido:&nbsp;Luis Drake<\/li>\n<li>Coreograf\u00eda: Jos\u00e9 PORCEL, Roc\u00edo MOLINA, Isabel BAYON, Alfonso LOSA, Rub\u00e9n OLMO<\/li>\n<li>Distribuci\u00f3n:&nbsp;Isabel Rufino<\/li>\n<li>Vestuario: Dolores Porcel<\/li>\n<li>Foto: Facundo Perchevsky<\/li>\n<\/ul>\n<div class=\"projectInfoTitle font1\">Links<\/div>\n<ul>\n<li><a href=\"http:\/\/www.joseporcel.com\" target=\"_blank\" rel=\"noopener\">P\u00e1gina del artista enlace 1<\/a><\/li>\n<li><a href=\"http:\/\/www.joseporcel.com\/index.php\/espectaculos\/moralejas\" target=\"_blank\" rel=\"noopener\">P\u00e1gina del artista enlace 2<\/a><\/li>\n<li><a href=\"https:\/\/www.facebook.com\/groups\/49608306154\/?fref=ts\" target=\"_blank\" rel=\"noopener\">Facebook del artista<\/a><\/li>\n<li><a href=\"https:\/\/youtu.be\/Gnf3b-9kPCw\" target=\"_blank\" rel=\"noopener\">Videos enlace 1<\/a><\/li>\n<li><a href=\"https:\/\/youtu.be\/azT3_tWeXNE\" target=\"_blank\" rel=\"noopener\">Videos enlace 2<\/a><\/li>\n<li><a href=\"https:\/\/youtu.be\/hxV9MymEpPM\" target=\"_blank\" rel=\"noopener\">Videos enlace 3<\/a><\/li>\n<li><a href=\"https:\/\/www.facebook.com\/donlucero123\/media_set?set=a.103724973040773.8024.100002098126955&amp;type=3\" target=\"_blank\" rel=\"noopener\">Fotos<\/a><\/li>\n<\/ul>\n","protected":false},"excerpt":{"rendered":"<p>Jos\u00e9 Porcel Ballet Flamenco \u201cMoralejas\u201d, 2010 Gira Espa\u00f1a Sinopsis &#8216;Moralejas&#8217; refleja, por medio de proyecciones, de la coreograf\u00eda y de la m\u00fasica en directo, la relaci\u00f3n y las ense\u00f1anzas que recibe un alumno de danza que pregunta a su profesor las inquietudes que tiene y que \u00e9ste le resuelve por medio de \u00abmoralejas\u00bb. Asi ha<\/p>\n","protected":false},"author":1,"featured_media":0,"parent":0,"menu_order":0,"comment_status":"open","ping_status":"open","template":"","meta":[],"_links":{"self":[{"href":"https:\/\/donlucero.com\/index.php\/wp-json\/wp\/v2\/pages\/1982"}],"collection":[{"href":"https:\/\/donlucero.com\/index.php\/wp-json\/wp\/v2\/pages"}],"about":[{"href":"https:\/\/donlucero.com\/index.php\/wp-json\/wp\/v2\/types\/page"}],"author":[{"embeddable":true,"href":"https:\/\/donlucero.com\/index.php\/wp-json\/wp\/v2\/users\/1"}],"replies":[{"embeddable":true,"href":"https:\/\/donlucero.com\/index.php\/wp-json\/wp\/v2\/comments?post=1982"}],"version-history":[{"count":7,"href":"https:\/\/donlucero.com\/index.php\/wp-json\/wp\/v2\/pages\/1982\/revisions"}],"predecessor-version":[{"id":2111,"href":"https:\/\/donlucero.com\/index.php\/wp-json\/wp\/v2\/pages\/1982\/revisions\/2111"}],"wp:attachment":[{"href":"https:\/\/donlucero.com\/index.php\/wp-json\/wp\/v2\/media?parent=1982"}],"curies":[{"name":"wp","href":"https:\/\/api.w.org\/{rel}","templated":true}]}}