{"id":247,"date":"2012-04-27T21:18:38","date_gmt":"2012-04-27T21:18:38","guid":{"rendered":"http:\/\/donlucero.com\/?page_id=247"},"modified":"2023-07-15T17:07:00","modified_gmt":"2023-07-15T17:07:00","slug":"links","status":"publish","type":"page","link":"https:\/\/donlucero.com\/index.php\/full-width-page\/links","title":{"rendered":"Links"},"content":{"rendered":"<div class=\"projectInfoTitle font1\">Links<\/div>\n<div class=\"bullet_check\">\n<ul>\n<li><a href=\"#1\">Fabricantes de iluminaci\u00f3n<\/a><\/li>\n<li><a href=\"#2\">Asociaciones<\/a><\/li>\n<li><a href=\"#3\">Revistas de iluminaci\u00f3n<\/a><\/li>\n<li><a href=\"#4\">Foros de iluminaci\u00f3n<\/a><\/li>\n<li><a href=\"#5\">Software<\/a><\/li>\n<li><a href=\"#6\">Iluminadores<\/a><\/li>\n<li><a href=\"#7\">Empresas de iluminaci\u00f3n<\/a><\/li>\n<li><a href=\"#8\">Productoras<\/a><\/li>\n<li><a href=\"#9\">Varios<\/a><\/li>\n<\/ul>\n<\/div>\n<p>&nbsp;<\/p>\n<p><a id=\"a\" name=\"1\"><\/a><\/p>\n<div class=\"projectInfoTitle font1\">Fabricantes de iluminaci\u00f3n<\/div>\n<div class=\"bullet_arrow\">\n<ul>\n<li>ETC \u2013 Electronic Theater Controls. <a href=\"http:\/\/www.etcconnect.com\/home.aspx?lang=us&amp;region=3\" target=\"_blank\" rel=\"noopener\">Ir a la web<\/a><\/li>\n<li>MA &#8211; Lighting.&nbsp;<a href=\"http:\/\/www.malighting.com\/home.html?&amp;L=3\" target=\"_blank\" rel=\"noopener\">Ir a la web<\/a><\/li>\n<li>Ianiro <a href=\"http:\/\/www.ianiro.com\/\" target=\"_blank\" rel=\"noopener\">Ir a la web<\/a><\/li>\n<li>Clay Paky.&nbsp;<a href=\"http:\/\/www.claypaky.it\" target=\"_blank\" rel=\"noopener\">Ir a la web<\/a><\/li>\n<li>Robe.&nbsp;<a href=\"http:\/\/www.robe.cz\/\" target=\"_blank\" rel=\"noopener\">Ir a la web<\/a><\/li>\n<li>Cambio Color.&nbsp;<a href=\"www.rainbow-colour-changers.de\" target=\"_blank\" rel=\"noopener\">Ir a la web<\/a><\/li>\n<li>Vari \u2013 Lite.&nbsp;<a href=\"http:\/\/www.vari-lite.com\/\" target=\"_blank\" rel=\"noopener\">Ir a la web<\/a><\/li>\n<li>High End Systems.&nbsp;<a href=\"http:\/\/www.highend.com\/\" target=\"_blank\" rel=\"noopener\">Ir a la web<\/a><\/li>\n<li>Martin.&nbsp;<a href=\"http:\/\/www.martin.com\/frontpage\/frontpage.asp?empty=0\" target=\"_blank\" rel=\"noopener\">Ir a la web<\/a><\/li>\n<li>Coemar.&nbsp;<a href=\"http:\/\/www.coemar.com\/index.aspx\" target=\"_blank\" rel=\"noopener\">Ir a la web<\/a><\/li>\n<li>SGM.&nbsp;<a href=\"http:\/\/www.sgm.it\/\" target=\"_blank\" rel=\"noopener\">Ir a la web<\/a><\/li>\n<li>AVOLITES.&nbsp;<a href=\"http:\/\/www.avolites.org.uk\/\" target=\"_blank\" rel=\"noopener\">Ir a la web<\/a><\/li>\n<li>Compulite.&nbsp;<a href=\"http:\/\/www.compulite.com\/\" target=\"_blank\" rel=\"noopener\">Ir a la web<\/a><\/li>\n<li>Flying Pig.&nbsp;<a href=\"http:\/\/www.flyingpig.com\/\" target=\"_blank\" rel=\"noopener\">Ir a la web<\/a><\/li>\n<li>Chamsys.&nbsp;<a href=\"http:\/\/www.chamsys.co.uk\/\" target=\"_blank\" rel=\"noopener\">Ir a la web<\/a><\/li>\n<li>Enttec.&nbsp;<a href=\"http:\/\/www.enttec.com\/\" target=\"_blank\" rel=\"noopener\">Ir a la web<\/a><\/li>\n<li>LT- Light.&nbsp;<a href=\"http:\/\/www.lt-light.com\/main.html\" target=\"_blank\" rel=\"noopener\">Ir a la web<\/a><\/li>\n<li>Robert Juliat.&nbsp;<a href=\"http:\/\/www.robertjuliat.fr\/\" target=\"_blank\" rel=\"noopener\">Ir a la web<\/a><\/li>\n<li>Selecon.&nbsp;<a href=\"http:\/\/www.seleconlight.com\/\" target=\"_blank\" rel=\"noopener\">Ir a la web<\/a><\/li>\n<li>Strand Lighting.&nbsp;<a href=\"http:\/\/www.strandlighting.com\/\" target=\"_blank\" rel=\"noopener\">Ir a la web<\/a><\/li>\n<li>Arri.&nbsp;<a href=\"http:\/\/www.arri.com\/\" target=\"_blank\" rel=\"noopener\">Ir a la web<\/a><\/li>\n<\/ul>\n<\/div>\n<p><a id=\"a\" name=\"2\"><\/a><\/p>\n<div class=\"projectInfoTitle font1\">Asociaciones<\/div>\n<div class=\"bullet_arrow\">\n<ul>\n<li>AAI.&nbsp;<a href=\"http:\/\/www.adadi.org\/\" target=\"_blank\" rel=\"noopener\">Ir a la web<\/a><\/li>\n<li>ESTA.&nbsp;<a href=\"http:\/\/www.esta.org\/\" target=\"_blank\" rel=\"noopener\">Ir a la web<\/a><\/li>\n<li>PLASA.&nbsp;<a href=\"https:\/\/www.plasa.org\/\" target=\"_blank\" rel=\"noopener\">Ir a la web<\/a><\/li>\n<li>LDI.&nbsp;<a href=\"http:\/\/ldishow.com\/LDI11\/public\/enter.aspx\" target=\"_blank\" rel=\"noopener\">Ir a la web<\/a><\/li>\n<li>ATAE.<a href=\"http:\/\/www.atae.org\/es\/presentacion.asp\" target=\"_blank\" rel=\"noopener\">Ir a la web<\/a><\/li>\n<li>USITT.&nbsp;<a href=\"http:\/\/www.usitt.org\/\" target=\"_blank\" rel=\"noopener\">Ir a la web<\/a><\/li>\n<\/ul>\n<\/div>\n<p><a id=\"a\" name=\"3\"><\/a><\/p>\n<div class=\"projectInfoTitle font1\">Revistas de iluminaci\u00f3n<\/div>\n<div class=\"bullet_arrow\">\n<ul>\n<li>Tecnopolitan Magazine.&nbsp;<a href=\"http:\/\/www.tecnoprofile.com\/home\/?idioma=sp\" target=\"_blank\" rel=\"noopener\">Ir a la web<\/a><\/li>\n<li>Live Design.&nbsp;<a href=\"http:\/\/livedesignonline.com\/\" target=\"_blank\" rel=\"noopener\">Ir a la web<\/a><\/li>\n<\/ul>\n<\/div>\n<p><a id=\"a\" name=\"4\"><\/a><\/p>\n<div class=\"projectInfoTitle font1\">Foros de iluminaci\u00f3n<\/div>\n<div class=\"bullet_arrow\">\n<ul>\n<li>Palmadores.&nbsp;<a href=\"http:\/\/palmadores.net\/index.php\" target=\"_blank\" rel=\"noopener\">Ir a la web<\/a><\/li>\n<li>Lightnetwork.<a href=\"http:\/\/www.lightnetwork.com\/\" target=\"_blank\" rel=\"noopener\">&nbsp;Ir a la web<\/a><\/li>\n<\/ul>\n<\/div>\n<p><a id=\"a\" name=\"5\"><\/a><\/p>\n<div class=\"projectInfoTitle font1\">Software<\/div>\n<div class=\"bullet_arrow\">\n<ul>\n<li>ESP Vision.&nbsp;<a href=\"http:\/\/www.espvision.com\/\" target=\"_blank\" rel=\"noopener\">Ir a la web<\/a><\/li>\n<li>Cast Lighting WYSIWYG.&nbsp;<a href=\"https:\/\/www.cast-soft.com\/\" target=\"_blank\" rel=\"noopener\">Ir a la web<\/a><\/li>\n<li>Capture.&nbsp;<a href=\"http:\/\/www.capturesweden.com\/\" target=\"_blank\" rel=\"noopener\">Ir a la web<\/a><\/li>\n<li>PixelControl.&nbsp;<a href=\"http:\/\/www.pixelcontrol.es\/\" target=\"_blank\" rel=\"noopener\">Ir a la web<\/a><\/li>\n<\/ul>\n<\/div>\n<p><a id=\"a\" name=\"6\"><\/a><\/p>\n<div class=\"projectInfoTitle font1\">Iluminadores<\/div>\n<div class=\"bullet_arrow\">\n<ul>\n<li>Circo Virtual.&nbsp;<a href=\"http:\/\/www.circovirtual.cl\/\" target=\"_blank\" rel=\"noopener\">Ir a la web<\/a><\/li>\n<li>Felipe Ramos.&nbsp;<a href=\"http:\/\/www.feliperamosluz.com\" target=\"_blank\" rel=\"noopener\">Ir a la web<\/a><\/li>\n<li>Patrick Woodroffe. <a href=\"http:\/\/www.patrickwoodroffe.com\/\" target=\"_blank\" rel=\"noopener\">Ir a la web<\/a><\/li>\n<\/ul>\n<\/div>\n<p><a id=\"a\" name=\"7\"><\/a><\/p>\n<div class=\"projectInfoTitle font1\">Empresas de Iluminaci\u00f3n<\/div>\n<div class=\"bullet_arrow\">\n<ul>\n<li>LSL.&nbsp;<a href=\"http:\/\/www.lsl.es\/\" target=\"_blank\" rel=\"noopener\">Ir a la web<\/a><\/li>\n<\/ul>\n<\/div>\n<p><a id=\"a\" name=\"8\"><\/a><\/p>\n<div class=\"projectInfoTitle font1\">Productoras<\/div>\n<div class=\"bullet_arrow\">\n<ul>\n<li>Vertigo Tours. <a href=\"http:\/\/www.vertigotours.es\/\" target=\"_blank\" rel=\"noopener\">Ir a la web<\/a><\/li>\n<\/ul>\n<\/div>\n<p><a id=\"a\" name=\"9\"><\/a><\/p>\n<div class=\"projectInfoTitle font1\">Varios<\/div>\n<div>\n<ul>\n<li>ETC Tutoriales. <a href=\"http:\/\/www.etcconnect.com\/support.tutorials.aspx\/\" target=\"_blank\" rel=\"noopener\">Ir a la web<\/a><\/li>\n<li>Acustica y sonido. <a href=\"http:\/\/www.acusticaysonido.com.ar\" target=\"_blank\" rel=\"noopener\">Ir a la web<\/a><\/li>\n<\/ul>\n<\/div>\n","protected":false},"excerpt":{"rendered":"<p>Links Fabricantes de iluminaci\u00f3n Asociaciones Revistas de iluminaci\u00f3n Foros de iluminaci\u00f3n Software Iluminadores Empresas de iluminaci\u00f3n Productoras Varios &nbsp; Fabricantes de iluminaci\u00f3n ETC \u2013 Electronic Theater Controls. Ir a la web MA &#8211; Lighting.&nbsp;Ir a la web Ianiro Ir a la web Clay Paky.&nbsp;Ir a la web Robe.&nbsp;Ir a la web Cambio Color.&nbsp;Ir a la<\/p>\n","protected":false},"author":1,"featured_media":0,"parent":1192,"menu_order":6,"comment_status":"open","ping_status":"closed","template":"","meta":[],"_links":{"self":[{"href":"https:\/\/donlucero.com\/index.php\/wp-json\/wp\/v2\/pages\/247"}],"collection":[{"href":"https:\/\/donlucero.com\/index.php\/wp-json\/wp\/v2\/pages"}],"about":[{"href":"https:\/\/donlucero.com\/index.php\/wp-json\/wp\/v2\/types\/page"}],"author":[{"embeddable":true,"href":"https:\/\/donlucero.com\/index.php\/wp-json\/wp\/v2\/users\/1"}],"replies":[{"embeddable":true,"href":"https:\/\/donlucero.com\/index.php\/wp-json\/wp\/v2\/comments?post=247"}],"version-history":[{"count":90,"href":"https:\/\/donlucero.com\/index.php\/wp-json\/wp\/v2\/pages\/247\/revisions"}],"predecessor-version":[{"id":2127,"href":"https:\/\/donlucero.com\/index.php\/wp-json\/wp\/v2\/pages\/247\/revisions\/2127"}],"up":[{"embeddable":true,"href":"https:\/\/donlucero.com\/index.php\/wp-json\/wp\/v2\/pages\/1192"}],"wp:attachment":[{"href":"https:\/\/donlucero.com\/index.php\/wp-json\/wp\/v2\/media?parent=247"}],"curies":[{"name":"wp","href":"https:\/\/api.w.org\/{rel}","templated":true}]}}